{"id":27219,"date":"2026-01-26T11:24:52","date_gmt":"2026-01-26T10:24:52","guid":{"rendered":"https:\/\/www.outlet-electro.cz\/index.php\/produkt\/dvouplotynkovy-varic-grunkel-ehp-218inox\/"},"modified":"2026-01-26T11:24:53","modified_gmt":"2026-01-26T10:24:53","slug":"dvouplotynkovy-varic-grunkel-ehp-218inox","status":"publish","type":"product","link":"http:\/\/www.outlet-electro.cz\/index.php\/produkt\/dvouplotynkovy-varic-grunkel-ehp-218inox\/","title":{"rendered":"Dvouplot\u00fdnkov\u00fd va\u0159i\u010d Grunkel EHP-218INOX"},"content":{"rendered":"<p><span>P\u0159edstavujeme dvouplot\u00fdnkov\u00fd va\u0159i\u010d Grunkel EHP-218INOX \u2013 v\u00e1\u0161 kompaktn\u00ed kuchy\u0148sk\u00fd z\u00e1zrak, kter\u00fd je p\u0159ipraven zvl\u00e1dnout ka\u017edou kulin\u00e1\u0159skou v\u00fdzvu s gr\u00e1ci\u00ed a stylem!  \u2728<\/span><\/p>\n<p><span>S v\u00fdkonem <strong>1000 W a 1500 W<\/strong> a <strong>5 \u00farovn\u011bmi v\u00fdkonu<\/strong> se postar\u00e1 o perfektn\u00ed p\u0159\u00edpravu ka\u017ed\u00e9ho pokrmu \u2013 od pomal\u00e9ho va\u0159en\u00ed po rychlou kulin\u00e1\u0159skou akci, kdy nebudete v\u011bd\u011bt, co d\u0159\u00edv serv\u00edrovat. A jeho plot\u00fdnky o <strong>pr\u016fm\u011bru 155 mm a 185 mm<\/strong> umo\u017e\u0148uj\u00ed pou\u017eit\u00ed r\u016fzn\u00fdch typ\u016f n\u00e1dob\u00ed v z\u00e1vislosti na pr\u016fm\u011bru.<\/span><\/p>\n<p><span>Hlavn\u00ed kouzla:<\/span><\/p>\n<ul>\n<li>\n<p><span><strong>Pouzdro z nerezov\u00e9 oceli<\/strong>: Nejen\u017ee vypad\u00e1 skv\u011ble, ale je tak\u00e9 odoln\u00fd v\u016f\u010di n\u00e1raz\u016fm \u2013 va\u0159i\u010d, kter\u00fd p\u0159e\u017eije i va\u0161e kuchy\u0148sk\u00e9 experimenty.<\/span><\/p>\n<\/li>\n<li>\n<p><span><strong>Snadn\u00e1 p\u0159enositelnost<\/strong>: Mal\u00fd, lehk\u00fd a p\u0159ipraven\u00fd na akci \u2013 a\u0165 u\u017e doma nebo na cest\u00e1ch.<\/span><\/p>\n<\/li>\n<li>\n<p><span><strong>Univerz\u00e1ln\u00ed v\u0161estrannost<\/strong>: Prom\u011bn\u00ed ka\u017ed\u00e9 va\u0159en\u00ed na z\u00e1\u017eitek, kter\u00fd budete cht\u00edt zopakovat.<\/span><\/p>\n<\/li>\n<\/ul>\n<p><span>Dal\u0161\u00ed vychyt\u00e1vky:<\/span><\/p>\n<ul>\n<li>\n<p><span><strong>Perfektn\u00ed bod va\u0159en\u00ed pro ka\u017ed\u00fd recept<\/strong>: U\u017e \u017e\u00e1dn\u00e9 \u201eje to hotov\u00e9?\u201c \u2013 s Grunkelem budete m\u00edt v\u0161e pod kontrolou.<\/span><\/p>\n<\/li>\n<li>\n<p><span><strong>Elegantn\u00ed design<\/strong>: V kuchyni vypad\u00e1 tak dob\u0159e, \u017ee by mohl b\u00fdt i m\u00f3dn\u00edm dopl\u0148kem.<\/span><\/p>\n<\/li>\n<li>\n<p><span><strong>Va\u0159i\u010d, kter\u00fd zvl\u00e1dne v\u0161e<\/strong>: Od pol\u00e9vek po sma\u017een\u00e9 dobroty, zkr\u00e1tka multifunk\u010dn\u00ed z\u00e1zrak.<\/span><\/p>\n<\/li>\n<\/ul>\n<p><span>Grunkel EHP-218INOX nen\u00ed jen va\u0159i\u010d \u2013 je to v\u00e1\u0161 spolehliv\u00fd kulin\u00e1\u0159sk\u00fd par\u0165\u00e1k, kter\u00fd prom\u011bn\u00ed ka\u017ed\u00e9 va\u0159en\u00ed na z\u00e1bavu. P\u0159ipravte se na kuchy\u0148skou revoluci plnou chuti a radosti!  <\/span><\/p>\n<p>&nbsp;<\/p>\n<p><span>Z\u00e1ruka 24 m\u011bs\u00edc\u016f.<\/span><\/p>\n","protected":false},"excerpt":{"rendered":"<p>P\u0159edstavujeme dvouplot\u00fdnkov\u00fd va\u0159i\u010d Grunkel EHP-218INOX \u2013 v\u00e1\u0161 kompaktn\u00ed kuchy\u0148sk\u00fd z\u00e1zrak, kter\u00fd je p\u0159ipraven zvl\u00e1dnout ka\u017edou kulin\u00e1\u0159skou v\u00fdzvu s gr\u00e1ci\u00ed a stylem! \u2728 S v\u00fdkonem 1000 W a 1500 W a 5 \u00farovn\u011bmi v\u00fdkonu se postar\u00e1 o perfektn\u00ed p\u0159\u00edpravu ka\u017ed\u00e9ho pokrmu \u2013 od pomal\u00e9ho va\u0159en\u00ed po rychlou kulin\u00e1\u0159skou akci, kdy nebudete v\u011bd\u011bt, co d\u0159\u00edv serv\u00edrovat. A&#8230;<\/p>\n","protected":false},"featured_media":27220,"comment_status":"closed","ping_status":"open","template":"","meta":{"_kadence_starter_templates_imported_post":false,"_kad_post_transparent":"","_kad_post_title":"","_kad_post_layout":"","_kad_post_sidebar_id":"","_kad_post_content_style":"","_kad_post_vertical_padding":"","_kad_post_feature":"","_kad_post_feature_position":"","_kad_post_header":false,"_kad_post_footer":false,"_kad_post_classname":""},"product_brand":[],"product_cat":[333,2429,334,341,340,406,423],"product_tag":[],"class_list":{"0":"post-27219","1":"product","2":"type-product","3":"status-publish","4":"has-post-thumbnail","6":"product_cat-domaci-a-osobni-spotrebice","7":"product_cat-heureka-cz","8":"product_cat-kuchynske-spotrebice","9":"product_cat-male-kuchynske-spotrebice","10":"product_cat-priprava-jidla","11":"product_cat-vareni-a-smazeni","12":"product_cat-varice","14":"first","15":"instock","16":"taxable","17":"shipping-taxable","18":"purchasable","19":"product-type-simple","20":"entry","21":"content-bg","22":"loop-entry"},"_links":{"self":[{"href":"http:\/\/www.outlet-electro.cz\/index.php\/wp-json\/wp\/v2\/product\/27219","targetHints":{"allow":["GET"]}}],"collection":[{"href":"http:\/\/www.outlet-electro.cz\/index.php\/wp-json\/wp\/v2\/product"}],"about":[{"href":"http:\/\/www.outlet-electro.cz\/index.php\/wp-json\/wp\/v2\/types\/product"}],"replies":[{"embeddable":true,"href":"http:\/\/www.outlet-electro.cz\/index.php\/wp-json\/wp\/v2\/comments?post=27219"}],"wp:featuredmedia":[{"embeddable":true,"href":"http:\/\/www.outlet-electro.cz\/index.php\/wp-json\/wp\/v2\/media\/27220"}],"wp:attachment":[{"href":"http:\/\/www.outlet-electro.cz\/index.php\/wp-json\/wp\/v2\/media?parent=27219"}],"wp:term":[{"taxonomy":"product_brand","embeddable":true,"href":"http:\/\/www.outlet-electro.cz\/index.php\/wp-json\/wp\/v2\/product_brand?post=27219"},{"taxonomy":"product_cat","embeddable":true,"href":"http:\/\/www.outlet-electro.cz\/index.php\/wp-json\/wp\/v2\/product_cat?post=27219"},{"taxonomy":"product_tag","embeddable":true,"href":"http:\/\/www.outlet-electro.cz\/index.php\/wp-json\/wp\/v2\/product_tag?post=27219"}],"curies":[{"name":"wp","href":"https:\/\/api.w.org\/{rel}","templated":true}]}}