{"id":27213,"date":"2026-01-26T11:24:52","date_gmt":"2026-01-26T10:24:52","guid":{"rendered":"https:\/\/www.outlet-electro.cz\/index.php\/produkt\/ventilator-probreeze-6-mini-clip\/"},"modified":"2026-01-26T11:24:53","modified_gmt":"2026-01-26T10:24:53","slug":"ventilator-probreeze-6-mini-clip","status":"publish","type":"product","link":"http:\/\/www.outlet-electro.cz\/index.php\/produkt\/ventilator-probreeze-6-mini-clip\/","title":{"rendered":"Ventil\u00e1tor ProBreeze 6&quot; Mini Clip"},"content":{"rendered":"<p><span>P\u0159edstavujeme ventil\u00e1tor ProBreeze 6&#8243; Mini Clip \u2013 v\u00e1\u0161 mal\u00fd, ale mocn\u00fd bojovn\u00edk proti horku, kter\u00fd v\u00e1s udr\u017e\u00ed v chladu za ka\u017ed\u00e9 situace!  \ufe0f\u2728<\/span><\/p>\n<p><span>S v\u00fdkonn\u00fdm <strong>15W motorem<\/strong> a dv\u011bma rychlostn\u00edmi re\u017eimy je ide\u00e1ln\u00ed jak na hork\u00e9 letn\u00ed dny, kdy pot\u0159ebujete po\u0159\u00e1dn\u00fd z\u00e1van sv\u011b\u017e\u00edho vzduchu, tak na jemn\u00fd, tich\u00fd proud b\u011bhem sp\u00e1nku. A d\u00edky <strong>vysokopevnostn\u00edmu klipu<\/strong> ho p\u0159ipevn\u00edte kamkoli \u2013 na postel, st\u016fl, poli\u010dku nebo t\u0159eba na tr\u016fn kr\u00e1le pohodl\u00ed.<\/span><\/p>\n<p><span>Hlavn\u00ed kouzla:<\/span><\/p>\n<ul>\n<li>\n<p><span><strong>Oto\u010dn\u00fd pant o 360\u00b0<\/strong>: V\u011btrejte, jak se v\u00e1m zl\u00edb\u00ed \u2013 tento ventil\u00e1tor se ot\u00e1\u010d\u00ed jako profesion\u00e1ln\u00ed tane\u010dn\u00edk.<\/span><\/p>\n<\/li>\n<li>\n<p><span><strong>Sklopn\u00e1 hlava o 100\u00b0<\/strong>: Pln\u00e1 kontrola nad sm\u011brem proud\u011bn\u00ed vzduchu \u2013 u\u017e \u017e\u00e1dn\u00e9 dusno na obzoru.<\/span><\/p>\n<\/li>\n<li>\n<p><span><strong>S\u00ed\u0165ov\u00e1 m\u0159\u00ed\u017eka pro bezpe\u010dnost<\/strong>: Zabra\u0148uje ne\u010dekan\u00fdm setk\u00e1n\u00edm s lopatkami \u2013 pro klidnou mysl i bezpe\u010d\u00ed va\u0161ich prst\u016f.<\/span><\/p>\n<\/li>\n<\/ul>\n<p><span>Dal\u0161\u00ed vychyt\u00e1vky:<\/span><\/p>\n<ul>\n<li>\n<p><span><strong>Lehk\u00fd a agiln\u00ed design<\/strong>: Snadno p\u0159enosn\u00fd, ale dost siln\u00fd na to, aby v\u00e1s osv\u011b\u017eil na ka\u017ed\u00e9m kroku.<\/span><\/p>\n<\/li>\n<li>\n<p><span><strong>Skv\u011bl\u00fd pro ka\u017edou situaci<\/strong>: Od pracovn\u00edho stolu po odpo\u010dinek na gau\u010di \u2013 v\u00e1\u0161 v\u011brn\u00fd par\u0165\u00e1k do tepla.<\/span><\/p>\n<\/li>\n<li>\n<p><span><strong>Neuv\u011b\u0159iteln\u00fd v\u00fdkon za dostupnou cenu<\/strong>: Kone\u010dn\u011b \u0159e\u0161en\u00ed, kter\u00e9 nepotr\u00e1p\u00ed va\u0161i pen\u011b\u017eenku.<\/span><\/p>\n<\/li>\n<\/ul>\n<p><span>ProBreeze 6&#8243; Mini Clip nen\u00ed jen ventil\u00e1tor \u2013 je to v\u00e1\u0161 osobn\u00ed ochlazovac\u00ed guru, kter\u00fd v\u00e1s udr\u017e\u00ed v pohod\u011b, a\u0165 u\u017e pracujete, relaxujete, nebo odpo\u010d\u00edv\u00e1te. P\u0159ipravte se na sv\u011b\u017e\u00ed z\u00e1van za ka\u017ed\u00e9 situace!  <\/span><\/p>\n<p>&nbsp;<\/p>\n<p>Bazarov\u00fd produkt, z\u00e1ruka 12 m\u011bs\u00edc\u016f.<\/p>\n","protected":false},"excerpt":{"rendered":"<p>P\u0159edstavujeme ventil\u00e1tor ProBreeze 6&#8243; Mini Clip \u2013 v\u00e1\u0161 mal\u00fd, ale mocn\u00fd bojovn\u00edk proti horku, kter\u00fd v\u00e1s udr\u017e\u00ed v chladu za ka\u017ed\u00e9 situace! \ufe0f\u2728 S v\u00fdkonn\u00fdm 15W motorem a dv\u011bma rychlostn\u00edmi re\u017eimy je ide\u00e1ln\u00ed jak na hork\u00e9 letn\u00ed dny, kdy pot\u0159ebujete po\u0159\u00e1dn\u00fd z\u00e1van sv\u011b\u017e\u00edho vzduchu, tak na jemn\u00fd, tich\u00fd proud b\u011bhem sp\u00e1nku. A d\u00edky vysokopevnostn\u00edmu klipu&#8230;<\/p>\n","protected":false},"featured_media":27214,"comment_status":"closed","ping_status":"open","template":"","meta":{"_kadence_starter_templates_imported_post":false,"_kad_post_transparent":"","_kad_post_title":"","_kad_post_layout":"","_kad_post_sidebar_id":"","_kad_post_content_style":"","_kad_post_vertical_padding":"","_kad_post_feature":"","_kad_post_feature_position":"","_kad_post_header":false,"_kad_post_footer":false,"_kad_post_classname":""},"product_brand":[],"product_cat":[400,333,401,2429],"product_tag":[],"class_list":{"0":"post-27213","1":"product","2":"type-product","3":"status-publish","4":"has-post-thumbnail","6":"product_cat-chlazeni-a-topeni","7":"product_cat-domaci-a-osobni-spotrebice","8":"product_cat-domaci-ventilatory","9":"product_cat-heureka-cz","11":"first","12":"instock","13":"taxable","14":"shipping-taxable","15":"purchasable","16":"product-type-simple","17":"entry","18":"content-bg","19":"loop-entry"},"_links":{"self":[{"href":"http:\/\/www.outlet-electro.cz\/index.php\/wp-json\/wp\/v2\/product\/27213","targetHints":{"allow":["GET"]}}],"collection":[{"href":"http:\/\/www.outlet-electro.cz\/index.php\/wp-json\/wp\/v2\/product"}],"about":[{"href":"http:\/\/www.outlet-electro.cz\/index.php\/wp-json\/wp\/v2\/types\/product"}],"replies":[{"embeddable":true,"href":"http:\/\/www.outlet-electro.cz\/index.php\/wp-json\/wp\/v2\/comments?post=27213"}],"wp:featuredmedia":[{"embeddable":true,"href":"http:\/\/www.outlet-electro.cz\/index.php\/wp-json\/wp\/v2\/media\/27214"}],"wp:attachment":[{"href":"http:\/\/www.outlet-electro.cz\/index.php\/wp-json\/wp\/v2\/media?parent=27213"}],"wp:term":[{"taxonomy":"product_brand","embeddable":true,"href":"http:\/\/www.outlet-electro.cz\/index.php\/wp-json\/wp\/v2\/product_brand?post=27213"},{"taxonomy":"product_cat","embeddable":true,"href":"http:\/\/www.outlet-electro.cz\/index.php\/wp-json\/wp\/v2\/product_cat?post=27213"},{"taxonomy":"product_tag","embeddable":true,"href":"http:\/\/www.outlet-electro.cz\/index.php\/wp-json\/wp\/v2\/product_tag?post=27213"}],"curies":[{"name":"wp","href":"https:\/\/api.w.org\/{rel}","templated":true}]}}