{"id":27193,"date":"2026-01-26T11:24:52","date_gmt":"2026-01-26T10:24:52","guid":{"rendered":"https:\/\/www.outlet-electro.cz\/index.php\/produkt\/strojek-na-vlasy-braun-hc5090\/"},"modified":"2026-01-26T11:24:52","modified_gmt":"2026-01-26T10:24:52","slug":"strojek-na-vlasy-braun-hc5090","status":"publish","type":"product","link":"http:\/\/www.outlet-electro.cz\/index.php\/produkt\/strojek-na-vlasy-braun-hc5090\/","title":{"rendered":"Strojek na vlasy Braun HC5090"},"content":{"rendered":"<p><span>P\u0159edstavujeme strojek na vlasy Braun HC5090 \u2013 va\u0161eho osobn\u00edho kade\u0159n\u00edka, kter\u00fd d\u00e1v\u00e1 slovo \u201epreciznost\u201c nov\u00fd rozm\u011br!  \u200d\u2642\ufe0f\u2728<\/span><\/p>\n<p><span>S do\u017eivotn\u011b ostr\u00fdmi b\u0159ity a <strong>nastaviteln\u00fdm h\u0159ebenem s 16 mo\u017enostmi d\u00e9lky (3\u201324 mm)<\/strong> si m\u016f\u017eete vytvo\u0159it \u00fa\u010des, o jak\u00e9m jste snili, a nav\u00edc s dokonalou jistotou, \u017ee v\u00fdsledky budou poka\u017ed\u00e9 stejn\u00e9 \u2013 d\u00edky <strong>pam\u011b\u0165ov\u00e9mu bezpe\u010dnostn\u00edmu z\u00e1mku<\/strong>.<\/span><\/p>\n<p><span>Hlavn\u00ed kouzla:<\/span><\/p>\n<ul>\n<li>\n<p><span><strong>Pln\u011b omyvateln\u00fd design<\/strong>: \u017d\u00e1dn\u00e9 zbytky vlas\u016f, jen rychl\u00e9 a snadn\u00e9 \u010di\u0161t\u011bn\u00ed pod vodou.<\/span><\/p>\n<\/li>\n<li>\n<p><span><strong>Dvoubateriov\u00fd syst\u00e9m<\/strong>: Pln\u011b nabit\u00fd je za hodinu a zvl\u00e1dne 50 minut akce \u2013 nebo ho prost\u011b zapojte a pokra\u010dujte bez pauzy.<\/span><\/p>\n<\/li>\n<li>\n<p><span><strong>Automatick\u00e1 \u00faprava nap\u011bt\u00ed<\/strong>: Ide\u00e1ln\u00ed par\u0165\u00e1k na cesty, a\u0165 u\u017e jste kdekoliv na sv\u011bt\u011b.<\/span><\/p>\n<\/li>\n<\/ul>\n<p><span>Dal\u0161\u00ed vychyt\u00e1vky:<\/span><\/p>\n<ul>\n<li>\n<p><span><strong>LED kontrolka nab\u00edjen\u00ed<\/strong>: Jednoduch\u00fd p\u0159ehled o stavu energie.<\/span><\/p>\n<\/li>\n<li>\n<p><span><strong>Ergonomick\u00fd design<\/strong>: Lehk\u00fd a snadno ovladateln\u00fd \u2013 va\u0161e ruce budou st\u00e1le v pohodl\u00ed.<\/span><\/p>\n<\/li>\n<li>\n<p><span><strong>St\u0159\u00edbrn\u00fd stylov\u00fd vzhled<\/strong>: Kombinace funk\u010dnosti a elegance.<\/span><\/p>\n<\/li>\n<\/ul>\n<p><span>Braun HC5090 nen\u00ed jen strojek \u2013 je to v\u00e1\u0161 spolehliv\u00fd par\u0165\u00e1k, kter\u00fd z ka\u017ed\u00e9 \u00fapravy vlas\u016f ud\u011bl\u00e1 profesion\u00e1ln\u00ed z\u00e1\u017eitek. P\u0159ipravte se na kade\u0159nickou revoluci u v\u00e1s doma!  <\/span><\/p>\n<p>&nbsp;<\/p>\n<p><span>Bazarov\u00fd produkt, z\u00e1ruka 12 m\u011bs\u00edc\u016f.<\/span><\/p>\n","protected":false},"excerpt":{"rendered":"<p>P\u0159edstavujeme strojek na vlasy Braun HC5090 \u2013 va\u0161eho osobn\u00edho kade\u0159n\u00edka, kter\u00fd d\u00e1v\u00e1 slovo \u201epreciznost\u201c nov\u00fd rozm\u011br! \u200d\u2642\ufe0f\u2728 S do\u017eivotn\u011b ostr\u00fdmi b\u0159ity a nastaviteln\u00fdm h\u0159ebenem s 16 mo\u017enostmi d\u00e9lky (3\u201324 mm) si m\u016f\u017eete vytvo\u0159it \u00fa\u010des, o jak\u00e9m jste snili, a nav\u00edc s dokonalou jistotou, \u017ee v\u00fdsledky budou poka\u017ed\u00e9 stejn\u00e9 \u2013 d\u00edky pam\u011b\u0165ov\u00e9mu bezpe\u010dnostn\u00edmu z\u00e1mku. Hlavn\u00ed kouzla:&#8230;<\/p>\n","protected":false},"featured_media":27194,"comment_status":"closed","ping_status":"open","template":"","meta":{"_kadence_starter_templates_imported_post":false,"_kad_post_transparent":"","_kad_post_title":"","_kad_post_layout":"","_kad_post_sidebar_id":"","_kad_post_content_style":"","_kad_post_vertical_padding":"","_kad_post_feature":"","_kad_post_feature_position":"","_kad_post_header":false,"_kad_post_footer":false,"_kad_post_classname":""},"product_brand":[],"product_cat":[28,2447],"product_tag":[],"class_list":{"0":"post-27193","1":"product","2":"type-product","3":"status-publish","4":"has-post-thumbnail","6":"product_cat-domaci-spotrebice","7":"product_cat-koupelnove-spotrebice","9":"first","10":"instock","11":"taxable","12":"shipping-taxable","13":"purchasable","14":"product-type-simple","15":"entry","16":"content-bg","17":"loop-entry"},"_links":{"self":[{"href":"http:\/\/www.outlet-electro.cz\/index.php\/wp-json\/wp\/v2\/product\/27193","targetHints":{"allow":["GET"]}}],"collection":[{"href":"http:\/\/www.outlet-electro.cz\/index.php\/wp-json\/wp\/v2\/product"}],"about":[{"href":"http:\/\/www.outlet-electro.cz\/index.php\/wp-json\/wp\/v2\/types\/product"}],"replies":[{"embeddable":true,"href":"http:\/\/www.outlet-electro.cz\/index.php\/wp-json\/wp\/v2\/comments?post=27193"}],"wp:featuredmedia":[{"embeddable":true,"href":"http:\/\/www.outlet-electro.cz\/index.php\/wp-json\/wp\/v2\/media\/27194"}],"wp:attachment":[{"href":"http:\/\/www.outlet-electro.cz\/index.php\/wp-json\/wp\/v2\/media?parent=27193"}],"wp:term":[{"taxonomy":"product_brand","embeddable":true,"href":"http:\/\/www.outlet-electro.cz\/index.php\/wp-json\/wp\/v2\/product_brand?post=27193"},{"taxonomy":"product_cat","embeddable":true,"href":"http:\/\/www.outlet-electro.cz\/index.php\/wp-json\/wp\/v2\/product_cat?post=27193"},{"taxonomy":"product_tag","embeddable":true,"href":"http:\/\/www.outlet-electro.cz\/index.php\/wp-json\/wp\/v2\/product_tag?post=27193"}],"curies":[{"name":"wp","href":"https:\/\/api.w.org\/{rel}","templated":true}]}}