{"id":27191,"date":"2026-01-26T11:24:52","date_gmt":"2026-01-26T10:24:52","guid":{"rendered":"https:\/\/www.outlet-electro.cz\/index.php\/produkt\/odvlhcovac-senelux-q4\/"},"modified":"2026-01-26T11:24:52","modified_gmt":"2026-01-26T10:24:52","slug":"odvlhcovac-senelux-q4","status":"publish","type":"product","link":"http:\/\/www.outlet-electro.cz\/index.php\/produkt\/odvlhcovac-senelux-q4\/","title":{"rendered":"Odvlh\u010dova\u010d Senelux Q4"},"content":{"rendered":"<p><span>P\u0159edstavujeme odvlh\u010dova\u010d Senelux Q4 \u2013 v\u00e1\u0161 stylov\u00fd bojovn\u00edk proti vlhkosti, kter\u00fd zachr\u00e1n\u00ed v\u00e1\u0161 domov s gr\u00e1ci\u00ed a \u0161petkou barevn\u00e9 show!  \u2728<\/span><\/p>\n<p><span>S n\u00e1dr\u017e\u00ed o objemu <strong>1 100 ml<\/strong> v\u00e1s zbav\u00ed vlhkosti i pl\u00edsn\u00ed, a nav\u00edc v\u00e1m d\u00e1 vizu\u00e1ln\u00ed pod\u00edvanou d\u00edky <strong>sedmi automaticky m\u011bn\u00edc\u00edm se LED sv\u011btl\u016fm<\/strong>. Tento eleg\u00e1n nejen\u017ee pracuje, ale i zdob\u00ed \u2013 je doslova kr\u00e1lem modern\u00edho interi\u00e9ru.<\/span><\/p>\n<p><span>Hlavn\u00ed kouzla:<\/span><\/p>\n<ul>\n<li>\n<p><span><strong>Transparentn\u00ed n\u00e1dr\u017eka<\/strong>: Sledujte, jak tvrd\u011b mak\u00e1, a m\u011bjte v\u0161e pod kontrolou v re\u00e1ln\u00e9m \u010dase.<\/span><\/p>\n<\/li>\n<li>\n<p><span><strong>Energeticky \u00fasporn\u00fd (0,023 kW\/h)<\/strong>: \u00da\u010dinn\u00fd a p\u0159\u00e1telsk\u00fd k va\u0161\u00ed pen\u011b\u017eence.<\/span><\/p>\n<\/li>\n<li>\n<p><span><strong>Funkce automatick\u00e9ho vypnut\u00ed<\/strong>: N\u00e1dr\u017e pln\u00e1? \u017d\u00e1dn\u00fd stres, \u017e\u00e1dn\u00e9 rozlit\u00ed.<\/span><\/p>\n<\/li>\n<\/ul>\n<p><span>Dal\u0161\u00ed vychyt\u00e1vky:<\/span><\/p>\n<ul>\n<li>\n<p><span><strong>3 re\u017eimy LED osv\u011btlen\u00ed<\/strong>: M\u016f\u017eete si vybrat ten prav\u00fd pro ka\u017edou n\u00e1ladu.<\/span><\/p>\n<\/li>\n<li>\n<p><span><strong>Jednoduch\u00e9 dotykov\u00e9 ovl\u00e1d\u00e1n\u00ed<\/strong>: Sta\u010d\u00ed jeden dotek a vlhkost je na \u00fastupu.<\/span><\/p>\n<\/li>\n<li>\n<p><span><strong>Robustn\u00ed konstrukce<\/strong>: Kombinace designu a funk\u010dnosti, kter\u00e1 vydr\u017e\u00ed.<\/span><\/p>\n<\/li>\n<\/ul>\n<p><span>Senelux Q4 nen\u00ed jen odvlh\u010dova\u010d \u2013 je to v\u00e1\u0161 dom\u00e1c\u00ed mistr \u010distoty, klidu a stylu. P\u0159ipravte se na domov bez vlhkosti a s po\u0159\u00e1dnou d\u00e1vkou elegance!  <\/span><\/p>\n<p>&nbsp;<\/p>\n<p><span>Z\u00e1ruka 24 m\u011bs\u00edc\u016f.<\/span><\/p>\n","protected":false},"excerpt":{"rendered":"<p>P\u0159edstavujeme odvlh\u010dova\u010d Senelux Q4 \u2013 v\u00e1\u0161 stylov\u00fd bojovn\u00edk proti vlhkosti, kter\u00fd zachr\u00e1n\u00ed v\u00e1\u0161 domov s gr\u00e1ci\u00ed a \u0161petkou barevn\u00e9 show! \u2728 S n\u00e1dr\u017e\u00ed o objemu 1 100 ml v\u00e1s zbav\u00ed vlhkosti i pl\u00edsn\u00ed, a nav\u00edc v\u00e1m d\u00e1 vizu\u00e1ln\u00ed pod\u00edvanou d\u00edky sedmi automaticky m\u011bn\u00edc\u00edm se LED sv\u011btl\u016fm. Tento eleg\u00e1n nejen\u017ee pracuje, ale i zdob\u00ed \u2013 je&#8230;<\/p>\n","protected":false},"featured_media":27192,"comment_status":"closed","ping_status":"open","template":"","meta":{"_kadence_starter_templates_imported_post":false,"_kad_post_transparent":"","_kad_post_title":"","_kad_post_layout":"","_kad_post_sidebar_id":"","_kad_post_content_style":"","_kad_post_vertical_padding":"","_kad_post_feature":"","_kad_post_feature_position":"","_kad_post_header":false,"_kad_post_footer":false,"_kad_post_classname":""},"product_brand":[],"product_cat":[28],"product_tag":[],"class_list":{"0":"post-27191","1":"product","2":"type-product","3":"status-publish","4":"has-post-thumbnail","6":"product_cat-domaci-spotrebice","8":"first","9":"instock","10":"taxable","11":"shipping-taxable","12":"purchasable","13":"product-type-simple","14":"entry","15":"content-bg","16":"loop-entry"},"_links":{"self":[{"href":"http:\/\/www.outlet-electro.cz\/index.php\/wp-json\/wp\/v2\/product\/27191","targetHints":{"allow":["GET"]}}],"collection":[{"href":"http:\/\/www.outlet-electro.cz\/index.php\/wp-json\/wp\/v2\/product"}],"about":[{"href":"http:\/\/www.outlet-electro.cz\/index.php\/wp-json\/wp\/v2\/types\/product"}],"replies":[{"embeddable":true,"href":"http:\/\/www.outlet-electro.cz\/index.php\/wp-json\/wp\/v2\/comments?post=27191"}],"wp:featuredmedia":[{"embeddable":true,"href":"http:\/\/www.outlet-electro.cz\/index.php\/wp-json\/wp\/v2\/media\/27192"}],"wp:attachment":[{"href":"http:\/\/www.outlet-electro.cz\/index.php\/wp-json\/wp\/v2\/media?parent=27191"}],"wp:term":[{"taxonomy":"product_brand","embeddable":true,"href":"http:\/\/www.outlet-electro.cz\/index.php\/wp-json\/wp\/v2\/product_brand?post=27191"},{"taxonomy":"product_cat","embeddable":true,"href":"http:\/\/www.outlet-electro.cz\/index.php\/wp-json\/wp\/v2\/product_cat?post=27191"},{"taxonomy":"product_tag","embeddable":true,"href":"http:\/\/www.outlet-electro.cz\/index.php\/wp-json\/wp\/v2\/product_tag?post=27191"}],"curies":[{"name":"wp","href":"https:\/\/api.w.org\/{rel}","templated":true}]}}