{"id":27183,"date":"2026-01-26T11:24:52","date_gmt":"2026-01-26T10:24:52","guid":{"rendered":"https:\/\/www.outlet-electro.cz\/index.php\/produkt\/susicka-ovoce-sencor-sfd-790wh\/"},"modified":"2026-01-26T11:24:52","modified_gmt":"2026-01-26T10:24:52","slug":"susicka-ovoce-sencor-sfd-790wh","status":"publish","type":"product","link":"http:\/\/www.outlet-electro.cz\/index.php\/produkt\/susicka-ovoce-sencor-sfd-790wh\/","title":{"rendered":"Su\u0161i\u010dka ovoce Sencor SFD 790WH"},"content":{"rendered":"<p><span>P\u0159edstavujeme su\u0161i\u010dku ovoce Sencor SFD 790WH \u2013 mal\u00fd, ale v\u00fdkonn\u00fd pomocn\u00edk, kter\u00fd prom\u011bn\u00ed ovoce, bylinky nebo houby na lahodn\u00e9 a trvanliv\u00e9 dobroty s minimem n\u00e1mahy!  \u2728<\/span><\/p>\n<p><span>S <strong>5 nastaviteln\u00fdmi podnosy<\/strong> a <strong>integrovan\u00fdm ventil\u00e1torem<\/strong> si tato kompaktn\u00ed su\u0161i\u010dka porad\u00ed s rovnom\u011brn\u00fdm su\u0161en\u00edm na v\u0161ech patrech, zat\u00edmco <strong>pr\u016fhledn\u00e9 v\u00edko a podnosy<\/strong> v\u00e1m umo\u017en\u00ed sledovat, jak se va\u0161e dobroty m\u011bn\u00ed ve zlat\u00fd poklad.<\/span><\/p>\n<p><span>Hlavn\u00ed kouzla:<\/span><\/p>\n<ul>\n<li>\n<p><span><strong>Design m\u0159\u00ed\u017eky su\u0161\u00edc\u00edch s\u00edt<\/strong>: Optimalizuje proud\u011bn\u00ed vzduchu a zabra\u0148uje vzniku pl\u00edsn\u00ed, tak\u017ee va\u0161e su\u0161en\u00e9 pochoutky jsou v\u017edy dokonal\u00e9.<\/span><\/p>\n<\/li>\n<li>\n<p><span><strong>Regulace teploty (35 a\u017e 80 \u00b0C)<\/strong>: P\u0159izp\u016fsobte su\u0161en\u00ed p\u0159esn\u011b podle toho, co pr\u00e1v\u011b p\u0159ipravujete \u2013 od k\u0159upav\u00e9ho ovoce po jemn\u00e9 bylinky.<\/span><\/p>\n<\/li>\n<li>\n<p><span><strong>Omyvateln\u00e9 d\u00edly v my\u010dce<\/strong>: \u00dadr\u017eba nebyla nikdy snaz\u0161\u00ed \u2013 \u0161et\u0159\u00ed \u010das i energii.<\/span><\/p>\n<\/li>\n<\/ul>\n<p><span>Dal\u0161\u00ed vychyt\u00e1vky:<\/span><\/p>\n<ul>\n<li>\n<p><span><strong>Tepeln\u00e1 pojistka proti p\u0159eh\u0159\u00e1t\u00ed<\/strong>: Bezpe\u010dnost v\u017edy na prvn\u00edm m\u00edst\u011b.<\/span><\/p>\n<\/li>\n<li>\n<p><span><strong>Kompaktn\u00ed design (23 \u00d7 23 cm)<\/strong>: Skv\u011ble se vejde i do men\u0161\u00ed kuchyn\u011b a snadno se skladuje.<\/span><\/p>\n<\/li>\n<li>\n<p><span><strong>P\u0159\u00edkon 250 W<\/strong>: N\u00edzk\u00e1 spot\u0159eba energie bez kompromis\u016f na v\u00fdkonu.<\/span><\/p>\n<\/li>\n<\/ul>\n<p><span>Sencor SFD 790WH nen\u00ed jen su\u0161i\u010dka \u2013 je to v\u00e1\u0161 kuchy\u0148sk\u00fd kouzeln\u00edk, kter\u00fd z ka\u017ed\u00e9 sklizn\u011b ud\u011bl\u00e1 trvanlivou radost. P\u0159ipravte se na sv\u011bt pln\u00fd chut\u00ed, kter\u00e9 v\u00e1m vydr\u017e\u00ed po cel\u00fd rok!  <\/span><\/p>\n<p>&nbsp;<\/p>\n<p><span>Z\u00e1ruka 24 m\u011bs\u00edc\u016f.<\/span><\/p>\n","protected":false},"excerpt":{"rendered":"<p>P\u0159edstavujeme su\u0161i\u010dku ovoce Sencor SFD 790WH \u2013 mal\u00fd, ale v\u00fdkonn\u00fd pomocn\u00edk, kter\u00fd prom\u011bn\u00ed ovoce, bylinky nebo houby na lahodn\u00e9 a trvanliv\u00e9 dobroty s minimem n\u00e1mahy! \u2728 S 5 nastaviteln\u00fdmi podnosy a integrovan\u00fdm ventil\u00e1torem si tato kompaktn\u00ed su\u0161i\u010dka porad\u00ed s rovnom\u011brn\u00fdm su\u0161en\u00edm na v\u0161ech patrech, zat\u00edmco pr\u016fhledn\u00e9 v\u00edko a podnosy v\u00e1m umo\u017en\u00ed sledovat, jak se va\u0161e&#8230;<\/p>\n","protected":false},"featured_media":27184,"comment_status":"closed","ping_status":"open","template":"","meta":{"_kadence_starter_templates_imported_post":false,"_kad_post_transparent":"","_kad_post_title":"","_kad_post_layout":"","_kad_post_sidebar_id":"","_kad_post_content_style":"","_kad_post_vertical_padding":"","_kad_post_feature":"","_kad_post_feature_position":"","_kad_post_header":false,"_kad_post_footer":false,"_kad_post_classname":""},"product_brand":[],"product_cat":[28,334],"product_tag":[],"class_list":{"0":"post-27183","1":"product","2":"type-product","3":"status-publish","4":"has-post-thumbnail","6":"product_cat-domaci-spotrebice","7":"product_cat-kuchynske-spotrebice","9":"first","10":"instock","11":"taxable","12":"shipping-taxable","13":"purchasable","14":"product-type-simple","15":"entry","16":"content-bg","17":"loop-entry"},"_links":{"self":[{"href":"http:\/\/www.outlet-electro.cz\/index.php\/wp-json\/wp\/v2\/product\/27183","targetHints":{"allow":["GET"]}}],"collection":[{"href":"http:\/\/www.outlet-electro.cz\/index.php\/wp-json\/wp\/v2\/product"}],"about":[{"href":"http:\/\/www.outlet-electro.cz\/index.php\/wp-json\/wp\/v2\/types\/product"}],"replies":[{"embeddable":true,"href":"http:\/\/www.outlet-electro.cz\/index.php\/wp-json\/wp\/v2\/comments?post=27183"}],"wp:featuredmedia":[{"embeddable":true,"href":"http:\/\/www.outlet-electro.cz\/index.php\/wp-json\/wp\/v2\/media\/27184"}],"wp:attachment":[{"href":"http:\/\/www.outlet-electro.cz\/index.php\/wp-json\/wp\/v2\/media?parent=27183"}],"wp:term":[{"taxonomy":"product_brand","embeddable":true,"href":"http:\/\/www.outlet-electro.cz\/index.php\/wp-json\/wp\/v2\/product_brand?post=27183"},{"taxonomy":"product_cat","embeddable":true,"href":"http:\/\/www.outlet-electro.cz\/index.php\/wp-json\/wp\/v2\/product_cat?post=27183"},{"taxonomy":"product_tag","embeddable":true,"href":"http:\/\/www.outlet-electro.cz\/index.php\/wp-json\/wp\/v2\/product_tag?post=27183"}],"curies":[{"name":"wp","href":"https:\/\/api.w.org\/{rel}","templated":true}]}}