{"id":27175,"date":"2026-01-26T11:24:48","date_gmt":"2026-01-26T10:24:48","guid":{"rendered":"https:\/\/www.outlet-electro.cz\/index.php\/produkt\/sendvicovac-4-v-1-sencor-ssm-9940ss\/"},"modified":"2026-01-26T11:24:49","modified_gmt":"2026-01-26T10:24:49","slug":"sendvicovac-4-v-1-sencor-ssm-9940ss","status":"publish","type":"product","link":"http:\/\/www.outlet-electro.cz\/index.php\/produkt\/sendvicovac-4-v-1-sencor-ssm-9940ss\/","title":{"rendered":"Sendvi\u010dova\u010d (4 v 1) Sencor SSM 9940SS"},"content":{"rendered":"<div data-tabster=\"{&quot;groupper&quot;:{&quot;tabbability&quot;:2},&quot;focusable&quot;:{}}\" data-content=\"ai-message\" aria-labelledby=\"96gDgMnispw3tF1ZnmJwk-author} 96gDgMnispw3tF1ZnmJwk-content-0\" role=\"article\" tabindex=\"0\">\n<div id=\"96gDgMnispw3tF1ZnmJwk-content-0\">\n<p><span>P\u0159edstavujeme sendvi\u010dova\u010d Sencor SSM 9940SS \u2013 v\u00e1\u0161 multifunk\u010dn\u00ed \u0161\u00e9fkucha\u0159 ve sv\u011br\u00e1ch toastov\u00e9ho sv\u011bta!  \u2728<\/span><\/p>\n<p><span>Tento geni\u00e1ln\u00ed pomocn\u00edk zvl\u00e1dne v\u0161e \u2013 <strong>panini<\/strong>, <strong>vafle<\/strong>, a samoz\u0159ejm\u011b dokonal\u00e9 <strong>sendvi\u010de<\/strong> d\u00edky <strong>4 v\u00fdm\u011bnn\u00fdm pe\u010dic\u00edm desk\u00e1m<\/strong>. Od sladk\u00fdch po slan\u00e9, tento sendvi\u010dov\u00fd m\u00e1g zkr\u00e1tka nezn\u00e1 limity. Nav\u00edc jeho <strong>CoolTouch t\u011blo<\/strong> znamen\u00e1, \u017ee se ho m\u016f\u017eete dotknout, ani\u017e byste si ud\u011blali hork\u00fd toast z vlastn\u00edch prst\u016f.<\/span><\/p>\n<p><span>Hlavn\u00ed kouzla:<\/span><\/p>\n<ul>\n<li>\n<p><span><strong>Nep\u0159ilnav\u00e9 pe\u010dic\u00ed plochy<\/strong>: Tousty klou\u017eou ven jako po m\u00e1sle (doslova!), a \u010di\u0161t\u011bn\u00ed je hra\u010dkou.<\/span><\/p>\n<\/li>\n<li>\n<p><span><strong>Indik\u00e1tory provozu a nah\u0159\u00e1t\u00ed<\/strong>: \u010cerven\u00e1 kontrolka hl\u00e1s\u00ed \u201ejsem zapnut\u00fd\u201c, zelen\u00e1 \u201epoj\u010f na to!\u201c.<\/span><\/p>\n<\/li>\n<li>\n<p><span><strong>Tepeln\u011b izolovan\u00e1 rukoje\u0165<\/strong>: Bezpe\u010dnost a pohodl\u00ed v\u017edy na prvn\u00edm m\u00edst\u011b.<\/span><\/p>\n<\/li>\n<\/ul>\n<p><span>Dal\u0161\u00ed vychyt\u00e1vky:<\/span><\/p>\n<ul>\n<li>\n<p><span><strong>Mo\u017enost ulo\u017een\u00ed ve svisl\u00e9 poloze<\/strong>: Dokonale \u0161et\u0159\u00ed m\u00edsto v kuchyni.<\/span><\/p>\n<\/li>\n<li>\n<p><span><strong>Automatick\u00e1 regulace teploty<\/strong>: \u017d\u00e1dn\u00e9 p\u0159ipe\u010den\u00e9 katastrofy, jen k\u0159upav\u00e1 dokonalost.<\/span><\/p>\n<\/li>\n<li>\n<p><span><strong>V\u00fdkon 900 W<\/strong>: Bleskov\u00e1 p\u0159\u00edprava va\u0161ich obl\u00edben\u00fdch dobrot.<\/span><\/p>\n<\/li>\n<\/ul>\n<p><span>Sencor SSM 9940SS nen\u00ed jen sendvi\u010dova\u010d \u2013 je to v\u00e1\u0161 kuchy\u0148sk\u00fd showman, kter\u00fd v\u00e1s nikdy nenech\u00e1 hladov\u00e9ho a zachr\u00e1n\u00ed ka\u017edou chu\u0165ovou krizi. P\u0159ipravte se na k\u0159upav\u00fd r\u00e1j!  <\/span><\/p>\n<\/div>\n<\/div>\n<p>&nbsp;<\/p>\n<p>Bazarov\u00fd produkt, z\u00e1ruka 12 m\u011bs\u00edc\u016f.<\/p>\n","protected":false},"excerpt":{"rendered":"<p>P\u0159edstavujeme sendvi\u010dova\u010d Sencor SSM 9940SS \u2013 v\u00e1\u0161 multifunk\u010dn\u00ed \u0161\u00e9fkucha\u0159 ve sv\u011br\u00e1ch toastov\u00e9ho sv\u011bta! \u2728 Tento geni\u00e1ln\u00ed pomocn\u00edk zvl\u00e1dne v\u0161e \u2013 panini, vafle, a samoz\u0159ejm\u011b dokonal\u00e9 sendvi\u010de d\u00edky 4 v\u00fdm\u011bnn\u00fdm pe\u010dic\u00edm desk\u00e1m. Od sladk\u00fdch po slan\u00e9, tento sendvi\u010dov\u00fd m\u00e1g zkr\u00e1tka nezn\u00e1 limity. Nav\u00edc jeho CoolTouch t\u011blo znamen\u00e1, \u017ee se ho m\u016f\u017eete dotknout, ani\u017e byste si ud\u011blali&#8230;<\/p>\n","protected":false},"featured_media":27176,"comment_status":"closed","ping_status":"open","template":"","meta":{"_kadence_starter_templates_imported_post":false,"_kad_post_transparent":"","_kad_post_title":"","_kad_post_layout":"","_kad_post_sidebar_id":"","_kad_post_content_style":"","_kad_post_vertical_padding":"","_kad_post_feature":"","_kad_post_feature_position":"","_kad_post_header":false,"_kad_post_footer":false,"_kad_post_classname":""},"product_brand":[],"product_cat":[28,334],"product_tag":[],"class_list":{"0":"post-27175","1":"product","2":"type-product","3":"status-publish","4":"has-post-thumbnail","6":"product_cat-domaci-spotrebice","7":"product_cat-kuchynske-spotrebice","9":"first","10":"instock","11":"taxable","12":"shipping-taxable","13":"purchasable","14":"product-type-simple","15":"entry","16":"content-bg","17":"loop-entry"},"_links":{"self":[{"href":"http:\/\/www.outlet-electro.cz\/index.php\/wp-json\/wp\/v2\/product\/27175","targetHints":{"allow":["GET"]}}],"collection":[{"href":"http:\/\/www.outlet-electro.cz\/index.php\/wp-json\/wp\/v2\/product"}],"about":[{"href":"http:\/\/www.outlet-electro.cz\/index.php\/wp-json\/wp\/v2\/types\/product"}],"replies":[{"embeddable":true,"href":"http:\/\/www.outlet-electro.cz\/index.php\/wp-json\/wp\/v2\/comments?post=27175"}],"wp:featuredmedia":[{"embeddable":true,"href":"http:\/\/www.outlet-electro.cz\/index.php\/wp-json\/wp\/v2\/media\/27176"}],"wp:attachment":[{"href":"http:\/\/www.outlet-electro.cz\/index.php\/wp-json\/wp\/v2\/media?parent=27175"}],"wp:term":[{"taxonomy":"product_brand","embeddable":true,"href":"http:\/\/www.outlet-electro.cz\/index.php\/wp-json\/wp\/v2\/product_brand?post=27175"},{"taxonomy":"product_cat","embeddable":true,"href":"http:\/\/www.outlet-electro.cz\/index.php\/wp-json\/wp\/v2\/product_cat?post=27175"},{"taxonomy":"product_tag","embeddable":true,"href":"http:\/\/www.outlet-electro.cz\/index.php\/wp-json\/wp\/v2\/product_tag?post=27175"}],"curies":[{"name":"wp","href":"https:\/\/api.w.org\/{rel}","templated":true}]}}