{"id":27159,"date":"2026-01-26T11:24:48","date_gmt":"2026-01-26T10:24:48","guid":{"rendered":"https:\/\/www.outlet-electro.cz\/index.php\/produkt\/kavovar-na-espresso-cappuccino-sencor-ses-4020ss\/"},"modified":"2026-01-26T11:24:49","modified_gmt":"2026-01-26T10:24:49","slug":"kavovar-na-espresso-cappuccino-sencor-ses-4020ss","status":"publish","type":"product","link":"http:\/\/www.outlet-electro.cz\/index.php\/produkt\/kavovar-na-espresso-cappuccino-sencor-ses-4020ss\/","title":{"rendered":"K\u00e1vovar na Espresso\/ Cappuccino Sencor SES 4020SS"},"content":{"rendered":"<p><span>P\u0159edstavujeme k\u00e1vovar na espresso a cappuccino Sencor SES 4020SS \u2013 v\u00e1\u0161 osobn\u00ed barista, kter\u00fd prom\u011bn\u00ed ka\u017ed\u00e9 r\u00e1no v k\u00e1vov\u00fd ob\u0159ad pln\u00fd aroma a luxusu! \u2615\u2728<\/span><\/p>\n<p><span>D\u00edky <strong>digit\u00e1ln\u00edmu OneTouch panelu<\/strong> zvl\u00e1dne p\u0159\u00edpravu k\u00e1vy i ten nejv\u011bt\u0161\u00ed sp\u00e1\u010d \u2013 sta\u010d\u00ed jeden dotyk a voil\u00e0, m\u00e1te \u0161\u00e1lek dokonal\u00e9ho espressa nebo lahodn\u00e9ho cappuccina. <strong>Bojlerov\u00fd topn\u00fd syst\u00e9m<\/strong> se postar\u00e1 o rychl\u00e9 zah\u0159\u00e1t\u00ed, zat\u00edmco <strong>funkce p\u0159edspa\u0159en\u00ed<\/strong> zajist\u00ed, \u017ee z ka\u017ed\u00e9ho zrnka z\u00edsk\u00e1te maximum chuti a v\u016fn\u011b.<\/span><\/p>\n<p><span>Hlavn\u00ed kouzla:<\/span><\/p>\n<ul>\n<li>\n<p><span><strong>Tlak 20 bar\u016f<\/strong>: Profesion\u00e1ln\u00ed kvalita k\u00e1vy, kter\u00e1 v\u00e1m vyraz\u00ed dech.<\/span><\/p>\n<\/li>\n<li>\n<p><span><strong>Vyh\u0159\u00edvan\u00e1 kovov\u00e1 deska na \u0161\u00e1lky<\/strong>: \u0160\u00e1lek p\u0159edem nah\u0159\u00e1t\u00fd, aby k\u00e1va byla perfektn\u011b tepl\u00e1.<\/span><\/p>\n<\/li>\n<li>\n<p><span><strong>Extra m\u00edsto pro velk\u00e9 hrnky<\/strong>: Na po\u0159\u00e1dnou d\u00e1vku kofeinu nen\u00ed nikdy pozd\u011b.<\/span><\/p>\n<\/li>\n<\/ul>\n<p><span>Dal\u0161\u00ed vychyt\u00e1vky:<\/span><\/p>\n<ul>\n<li>\n<p><span><strong>Tryska na p\u00e1ru<\/strong>: P\u0159ipravte si hedv\u00e1bn\u011b jemnou ml\u00e9\u010dnou p\u011bnu pro va\u0161e cappuccino.<\/span><\/p>\n<\/li>\n<li>\n<p><span><strong>N\u00e1dr\u017eka na vodu o objemu 1,5 litru<\/strong>: \u017d\u00e1dn\u00e9 neust\u00e1l\u00e9 dol\u00e9v\u00e1n\u00ed, jen v\u00edce k\u00e1vy na jedno napln\u011bn\u00ed.<\/span><\/p>\n<\/li>\n<li>\n<p><span><strong>Elegantn\u00ed design v \u010dern\u00e9 a \u0161ed\u00e9<\/strong>: Dokonal\u00fd dopln\u011bk va\u0161\u00ed modern\u00ed kuchyn\u011b.<\/span><\/p>\n<\/li>\n<\/ul>\n<p><span>Sencor SES 4020SS nen\u00ed jen k\u00e1vovar \u2013 je to br\u00e1na do sv\u011bta skv\u011bl\u00e9ho espressa, po kter\u00e9m u\u017e nikdy nebudete cht\u00edt instantn\u00ed k\u00e1vu. P\u0159ipravte se na ka\u017edodenn\u00ed k\u00e1vov\u00fd z\u00e1\u017eitek, kter\u00fd pot\u011b\u0161\u00ed v\u0161echny va\u0161e smysly!  \u2615 <\/span><\/p>\n<p>&nbsp;<\/p>\n<p><span>Z\u00e1ruka 24 m\u011bs\u00edc\u016f.<\/span><\/p>\n","protected":false},"excerpt":{"rendered":"<p>P\u0159edstavujeme k\u00e1vovar na espresso a cappuccino Sencor SES 4020SS \u2013 v\u00e1\u0161 osobn\u00ed barista, kter\u00fd prom\u011bn\u00ed ka\u017ed\u00e9 r\u00e1no v k\u00e1vov\u00fd ob\u0159ad pln\u00fd aroma a luxusu! \u2615\u2728 D\u00edky digit\u00e1ln\u00edmu OneTouch panelu zvl\u00e1dne p\u0159\u00edpravu k\u00e1vy i ten nejv\u011bt\u0161\u00ed sp\u00e1\u010d \u2013 sta\u010d\u00ed jeden dotyk a voil\u00e0, m\u00e1te \u0161\u00e1lek dokonal\u00e9ho espressa nebo lahodn\u00e9ho cappuccina. Bojlerov\u00fd topn\u00fd syst\u00e9m se postar\u00e1 o&#8230;<\/p>\n","protected":false},"featured_media":27160,"comment_status":"closed","ping_status":"open","template":"","meta":{"_kadence_starter_templates_imported_post":false,"_kad_post_transparent":"","_kad_post_title":"","_kad_post_layout":"","_kad_post_sidebar_id":"","_kad_post_content_style":"","_kad_post_vertical_padding":"","_kad_post_feature":"","_kad_post_feature_position":"","_kad_post_header":false,"_kad_post_footer":false,"_kad_post_classname":""},"product_brand":[],"product_cat":[28,334],"product_tag":[],"class_list":{"0":"post-27159","1":"product","2":"type-product","3":"status-publish","4":"has-post-thumbnail","6":"product_cat-domaci-spotrebice","7":"product_cat-kuchynske-spotrebice","9":"first","10":"instock","11":"taxable","12":"shipping-taxable","13":"purchasable","14":"product-type-simple","15":"entry","16":"content-bg","17":"loop-entry"},"_links":{"self":[{"href":"http:\/\/www.outlet-electro.cz\/index.php\/wp-json\/wp\/v2\/product\/27159","targetHints":{"allow":["GET"]}}],"collection":[{"href":"http:\/\/www.outlet-electro.cz\/index.php\/wp-json\/wp\/v2\/product"}],"about":[{"href":"http:\/\/www.outlet-electro.cz\/index.php\/wp-json\/wp\/v2\/types\/product"}],"replies":[{"embeddable":true,"href":"http:\/\/www.outlet-electro.cz\/index.php\/wp-json\/wp\/v2\/comments?post=27159"}],"wp:featuredmedia":[{"embeddable":true,"href":"http:\/\/www.outlet-electro.cz\/index.php\/wp-json\/wp\/v2\/media\/27160"}],"wp:attachment":[{"href":"http:\/\/www.outlet-electro.cz\/index.php\/wp-json\/wp\/v2\/media?parent=27159"}],"wp:term":[{"taxonomy":"product_brand","embeddable":true,"href":"http:\/\/www.outlet-electro.cz\/index.php\/wp-json\/wp\/v2\/product_brand?post=27159"},{"taxonomy":"product_cat","embeddable":true,"href":"http:\/\/www.outlet-electro.cz\/index.php\/wp-json\/wp\/v2\/product_cat?post=27159"},{"taxonomy":"product_tag","embeddable":true,"href":"http:\/\/www.outlet-electro.cz\/index.php\/wp-json\/wp\/v2\/product_tag?post=27159"}],"curies":[{"name":"wp","href":"https:\/\/api.w.org\/{rel}","templated":true}]}}