{"id":27157,"date":"2026-01-26T11:24:48","date_gmt":"2026-01-26T10:24:48","guid":{"rendered":"https:\/\/www.outlet-electro.cz\/index.php\/produkt\/cestovni-vysousec-vlasu-silvercrest-srh-1600-a1\/"},"modified":"2026-01-26T11:24:49","modified_gmt":"2026-01-26T10:24:49","slug":"cestovni-vysousec-vlasu-silvercrest-srh-1600-a1","status":"publish","type":"product","link":"http:\/\/www.outlet-electro.cz\/index.php\/produkt\/cestovni-vysousec-vlasu-silvercrest-srh-1600-a1\/","title":{"rendered":"Cestovn\u00ed vysou\u0161e\u010d vlas\u016f Silvercrest SRH 1600 A1"},"content":{"rendered":"<p><span>Seznamte se s va\u0161\u00edm nov\u00fdm cestovn\u00edm hrdinou \u2013 <strong>Silvercrest SRH 1600 A1<\/strong>, vysou\u0161e\u010dem vlas\u016f, kter\u00fd v\u00e1m zabal\u00ed lehkost, v\u00fdkon a \u0161mrnc do jednoho kompaktn\u00edho bal\u00ed\u010dku. Vypadat skv\u011ble na cest\u00e1ch je\u0161t\u011b nikdy nebylo tak snadn\u00e9!<\/span><\/p>\n<ul>\n<li>\n<p><span><strong>Du\u00e1ln\u00ed voli\u010d nap\u011bt\u00ed<\/strong>: Tento vysou\u0161e\u010d zvl\u00e1dne va\u0161i h\u0159\u00edvu jak v Evrop\u011b, tak na druh\u00e9 stran\u011b sv\u011bta \u2013 prost\u011b glob\u00e1ln\u00ed frajer.<\/span><\/p>\n<\/li>\n<li>\n<p><span><strong>2 stupn\u011b ventil\u00e1toru a teploty + funkce Cool Shot<\/strong>: Od hork\u00fdch trop\u016f a\u017e po ledov\u00fd polibek \u2013 va\u0161\u00ed kreativit\u011b se meze nekladou.<\/span><\/p>\n<\/li>\n<li>\n<p><span><strong>Ioniza\u010dn\u00ed technologie<\/strong>: Lou\u010d\u00ed se s krepovat\u011bn\u00edm a p\u0159iv\u00edt\u00e1 hebkost a lesk hodn\u00fd reklamn\u00edho spotu.<\/span><\/p>\n<\/li>\n<li>\n<p><span><strong>\u00dazk\u00e1 hubice na \u00fapravu vlas\u016f<\/strong>: Proto\u017ee p\u0159esnost je kl\u00ed\u010dem \u2013 vytvo\u0159te si dokonal\u00fd \u00fa\u010des na milimetr p\u0159esn\u011b.<\/span><\/p>\n<\/li>\n<li>\n<p><span><strong>Kompaktn\u00ed a skl\u00e1dac\u00ed design<\/strong>: Ide\u00e1ln\u00ed par\u0165\u00e1k do kufru, kter\u00fd nevy\u017eaduje extra m\u00edsto, ale um\u00ed d\u011blat divy.<\/span><\/p>\n<\/li>\n<li>\n<p><span><strong>Z\u00e1v\u011bsn\u00fd krou\u017eek<\/strong>: Praktick\u00fd detail, d\u00edky kter\u00e9mu bude m\u00edt sv\u00e9 m\u00edsto kdekoliv.<\/span><\/p>\n<\/li>\n<\/ul>\n<p><span>A s v\u00e1hou pouh\u00fdch 370 gram\u016f je Silvercrest SRH 1600 A1 tak lehk\u00fd, \u017ee si budete \u0159\u00edkat, jestli ho m\u00e1te v\u016fbec v ruce. Tento vysou\u0161e\u010d je va\u0161\u00edm spojencem pro ka\u017ed\u00e9 dobrodru\u017estv\u00ed \u2013 a\u0165 u\u017e jste na pl\u00e1\u017ei nebo v horsk\u00e9 chat\u011b.  \u200d\u2640\ufe0f\u2728<\/span><\/p>\n<p>&nbsp;<\/p>\n<p><span>Z\u00e1ruka 24 m\u011bs\u00edc\u016f.<\/span><\/p>\n","protected":false},"excerpt":{"rendered":"<p>Seznamte se s va\u0161\u00edm nov\u00fdm cestovn\u00edm hrdinou \u2013 Silvercrest SRH 1600 A1, vysou\u0161e\u010dem vlas\u016f, kter\u00fd v\u00e1m zabal\u00ed lehkost, v\u00fdkon a \u0161mrnc do jednoho kompaktn\u00edho bal\u00ed\u010dku. Vypadat skv\u011ble na cest\u00e1ch je\u0161t\u011b nikdy nebylo tak snadn\u00e9! Du\u00e1ln\u00ed voli\u010d nap\u011bt\u00ed: Tento vysou\u0161e\u010d zvl\u00e1dne va\u0161i h\u0159\u00edvu jak v Evrop\u011b, tak na druh\u00e9 stran\u011b sv\u011bta \u2013 prost\u011b glob\u00e1ln\u00ed frajer. 2&#8230;<\/p>\n","protected":false},"featured_media":27158,"comment_status":"closed","ping_status":"open","template":"","meta":{"_kadence_starter_templates_imported_post":false,"_kad_post_transparent":"","_kad_post_title":"","_kad_post_layout":"","_kad_post_sidebar_id":"","_kad_post_content_style":"","_kad_post_vertical_padding":"","_kad_post_feature":"","_kad_post_feature_position":"","_kad_post_header":false,"_kad_post_footer":false,"_kad_post_classname":""},"product_brand":[],"product_cat":[28,2447],"product_tag":[],"class_list":{"0":"post-27157","1":"product","2":"type-product","3":"status-publish","4":"has-post-thumbnail","6":"product_cat-domaci-spotrebice","7":"product_cat-koupelnove-spotrebice","9":"first","10":"instock","11":"taxable","12":"shipping-taxable","13":"purchasable","14":"product-type-simple","15":"entry","16":"content-bg","17":"loop-entry"},"_links":{"self":[{"href":"http:\/\/www.outlet-electro.cz\/index.php\/wp-json\/wp\/v2\/product\/27157","targetHints":{"allow":["GET"]}}],"collection":[{"href":"http:\/\/www.outlet-electro.cz\/index.php\/wp-json\/wp\/v2\/product"}],"about":[{"href":"http:\/\/www.outlet-electro.cz\/index.php\/wp-json\/wp\/v2\/types\/product"}],"replies":[{"embeddable":true,"href":"http:\/\/www.outlet-electro.cz\/index.php\/wp-json\/wp\/v2\/comments?post=27157"}],"wp:featuredmedia":[{"embeddable":true,"href":"http:\/\/www.outlet-electro.cz\/index.php\/wp-json\/wp\/v2\/media\/27158"}],"wp:attachment":[{"href":"http:\/\/www.outlet-electro.cz\/index.php\/wp-json\/wp\/v2\/media?parent=27157"}],"wp:term":[{"taxonomy":"product_brand","embeddable":true,"href":"http:\/\/www.outlet-electro.cz\/index.php\/wp-json\/wp\/v2\/product_brand?post=27157"},{"taxonomy":"product_cat","embeddable":true,"href":"http:\/\/www.outlet-electro.cz\/index.php\/wp-json\/wp\/v2\/product_cat?post=27157"},{"taxonomy":"product_tag","embeddable":true,"href":"http:\/\/www.outlet-electro.cz\/index.php\/wp-json\/wp\/v2\/product_tag?post=27157"}],"curies":[{"name":"wp","href":"https:\/\/api.w.org\/{rel}","templated":true}]}}