{"id":27149,"date":"2026-01-26T11:24:48","date_gmt":"2026-01-26T10:24:48","guid":{"rendered":"https:\/\/www.outlet-electro.cz\/index.php\/produkt\/asus-universal-docking-station-hz-3a-plus\/"},"modified":"2026-01-26T11:24:49","modified_gmt":"2026-01-26T10:24:49","slug":"asus-universal-docking-station-hz-3a-plus","status":"publish","type":"product","link":"http:\/\/www.outlet-electro.cz\/index.php\/produkt\/asus-universal-docking-station-hz-3a-plus\/","title":{"rendered":"ASUS Universal Docking Station HZ-3A PLUS"},"content":{"rendered":"<p><span>ASUS Universal Docking Station HZ-3A PLUS \u2013 dokovac\u00ed stanice, kterou v\u00e1\u0161 notebook bude milovat v\u00edc ne\u017e vy samotn\u00e9! S jedin\u00fdm USB kabelem dostane v\u00e1\u0161 notebook super schopnosti, o kter\u00fdch ani netu\u0161il.<\/span><\/p>\n<ul>\n<li>\n<p><span><strong>4 USB 3.0 porty<\/strong>: Zapojte v\u0161e, od extern\u00edch disk\u016f po nab\u00edje\u010dky.<\/span><\/p>\n<\/li>\n<li>\n<p><span><strong>HDMI a DVI-I porty<\/strong>: Pro ty, co cht\u011bj\u00ed multitasking na \u00farovni.<\/span><\/p>\n<\/li>\n<li>\n<p><span><strong>Podpora 4K UHD<\/strong>: Nechte se un\u00e9st obrazovou kvalitou tak ostrou, \u017ee budete cht\u00edt sledovat Excel tabulky ve vysok\u00e9m rozli\u0161en\u00ed.<\/span><\/p>\n<\/li>\n<li>\n<p><span><strong>Nab\u00edjec\u00ed v\u00fdkon 90W<\/strong>: Pro notebooky hladov\u00e9 po \u0161\u0165\u00e1v\u011b \u2013 proto\u017ee \u017e\u00e1dn\u00fd notebook nem\u00e1 r\u00e1d dietu.<\/span><\/p>\n<\/li>\n<li>\n<p><span><strong>Tenk\u00fd design<\/strong>: Elegantn\u00ed a stylov\u00fd jako \u0161vih\u00e1k na m\u00f3dn\u00ed p\u0159ehl\u00eddce.<\/span><\/p>\n<\/li>\n<li>\n<p><span><strong>Stojan na m\u00edru<\/strong>: Pro spr\u00e1vn\u00e9 dr\u017een\u00ed notebooku a tak\u00e9 va\u0161ich zad \u2013 p\u00e1te\u0159 v\u00e1m pod\u011bkuje.<\/span><\/p>\n<\/li>\n<li>\n<p><span><strong>Gigabitov\u00fd Ethernet<\/strong>: Bleskov\u00e9 p\u0159ipojen\u00ed k internetu, tak\u017ee streamov\u00e1n\u00ed ko\u010di\u010d\u00edch vide\u00ed bude zase o krok bl\u00ed\u017ee dokonalosti.<\/span><\/p>\n<\/li>\n<li>\n<p><span><strong>Z\u00e1mek Kensington<\/strong>: Proto\u017ee bezpe\u010d\u00ed va\u0161eho notebooku je na prvn\u00edm m\u00edst\u011b.<\/span><\/p>\n<\/li>\n<\/ul>\n<p><span>A to nen\u00ed v\u0161e! ASUS HZ-3A PLUS je univerz\u00e1ln\u00edm \u0159e\u0161en\u00edm pro ka\u017ed\u00e9ho, kdo pot\u0159ebuje extra porty, rychl\u00e9 p\u0159ipojen\u00ed a trochu technologick\u00e9 elegance. Jestli v\u00e1\u0161 notebook snil o upgradu, tohle je spln\u011bn\u00fd sen \u2013 bez kompromis\u016f!  <\/span><\/p>\n<p><b>Z\u00c1KLADN\u00cd SPECIFIKACE<\/b><\/p>\n<p><b>Porty:<\/b><span>&nbsp;<\/span>1x HDMI, 1x DVI-I, 1x GbE RJ-45, 4x USB 3.0, 2x 3,5 mm audio port, 1x nap\u00e1jec\u00ed DC port<br \/><b>Rozhran\u00ed:<span>&nbsp;<\/span><\/b>1x USB 3.0 (host port)<br \/><b>Rozm\u011bry:<\/b><span>&nbsp;<\/span>355 x 65,65 x 24,9 mm<br \/><b>Hmotnost:<\/b><span>&nbsp;<\/span>290 g<br \/><b>Barva:<\/b><span>&nbsp;<\/span>\u010dern\u00e1<\/p>\n<p>&nbsp;<\/p>\n<p>Bazarov\u00fd produkt, z\u00e1ruka 12 m\u011bs\u00edc\u016f<\/p>\n","protected":false},"excerpt":{"rendered":"<p>ASUS Universal Docking Station HZ-3A PLUS \u2013 dokovac\u00ed stanice, kterou v\u00e1\u0161 notebook bude milovat v\u00edc ne\u017e vy samotn\u00e9! S jedin\u00fdm USB kabelem dostane v\u00e1\u0161 notebook super schopnosti, o kter\u00fdch ani netu\u0161il. 4 USB 3.0 porty: Zapojte v\u0161e, od extern\u00edch disk\u016f po nab\u00edje\u010dky. HDMI a DVI-I porty: Pro ty, co cht\u011bj\u00ed multitasking na \u00farovni. Podpora 4K&#8230;<\/p>\n","protected":false},"featured_media":27150,"comment_status":"closed","ping_status":"open","template":"","meta":{"_kadence_starter_templates_imported_post":false,"_kad_post_transparent":"","_kad_post_title":"","_kad_post_layout":"","_kad_post_sidebar_id":"","_kad_post_content_style":"","_kad_post_vertical_padding":"","_kad_post_feature":"","_kad_post_feature_position":"","_kad_post_header":false,"_kad_post_footer":false,"_kad_post_classname":""},"product_brand":[],"product_cat":[64,2429,418,391,417,493],"product_tag":[],"class_list":{"0":"post-27149","1":"product","2":"type-product","3":"status-publish","4":"has-post-thumbnail","6":"product_cat-elektronika","7":"product_cat-heureka-cz","8":"product_cat-kabely-a-konektory","9":"product_cat-pocitace-a-notebooky","10":"product_cat-prislusenstvi-k-pocitacum","11":"product_cat-usb-huby","13":"first","14":"instock","15":"taxable","16":"shipping-taxable","17":"purchasable","18":"product-type-simple","19":"entry","20":"content-bg","21":"loop-entry"},"_links":{"self":[{"href":"http:\/\/www.outlet-electro.cz\/index.php\/wp-json\/wp\/v2\/product\/27149","targetHints":{"allow":["GET"]}}],"collection":[{"href":"http:\/\/www.outlet-electro.cz\/index.php\/wp-json\/wp\/v2\/product"}],"about":[{"href":"http:\/\/www.outlet-electro.cz\/index.php\/wp-json\/wp\/v2\/types\/product"}],"replies":[{"embeddable":true,"href":"http:\/\/www.outlet-electro.cz\/index.php\/wp-json\/wp\/v2\/comments?post=27149"}],"wp:featuredmedia":[{"embeddable":true,"href":"http:\/\/www.outlet-electro.cz\/index.php\/wp-json\/wp\/v2\/media\/27150"}],"wp:attachment":[{"href":"http:\/\/www.outlet-electro.cz\/index.php\/wp-json\/wp\/v2\/media?parent=27149"}],"wp:term":[{"taxonomy":"product_brand","embeddable":true,"href":"http:\/\/www.outlet-electro.cz\/index.php\/wp-json\/wp\/v2\/product_brand?post=27149"},{"taxonomy":"product_cat","embeddable":true,"href":"http:\/\/www.outlet-electro.cz\/index.php\/wp-json\/wp\/v2\/product_cat?post=27149"},{"taxonomy":"product_tag","embeddable":true,"href":"http:\/\/www.outlet-electro.cz\/index.php\/wp-json\/wp\/v2\/product_tag?post=27149"}],"curies":[{"name":"wp","href":"https:\/\/api.w.org\/{rel}","templated":true}]}}