{"id":27141,"date":"2026-01-26T11:24:45","date_gmt":"2026-01-26T10:24:45","guid":{"rendered":"https:\/\/www.outlet-electro.cz\/index.php\/produkt\/napenovac-mleka-auxco-mf06s\/"},"modified":"2026-01-26T11:24:46","modified_gmt":"2026-01-26T10:24:46","slug":"napenovac-mleka-auxco-mf06s","status":"publish","type":"product","link":"http:\/\/www.outlet-electro.cz\/index.php\/produkt\/napenovac-mleka-auxco-mf06s\/","title":{"rendered":"Nap\u011b\u0148ova\u010d ml\u00e9ka Auxco MF06S"},"content":{"rendered":"<p><span>P\u0159edstavujeme nap\u011b\u0148ova\u010d ml\u00e9ka Auxco MF06S \u2013 v\u00e1\u0161 nov\u00fd \u0161\u00e9f v p\u0159\u00edprav\u011b dokonal\u00e9 k\u00e1vy, hork\u00e9 \u010dokol\u00e1dy a v\u0161ech n\u00e1poj\u016f, kter\u00e9 zaslou\u017e\u00ed vrstvu hedv\u00e1bn\u00e9 p\u011bny! \u2615\u2728<\/span><\/p>\n<p><span>S funkcemi <strong>4v1<\/strong> tento modern\u00ed pomocn\u00edk nejen oh\u0159eje ml\u00e9ko, ale vytvo\u0159\u00ed i horkou a studenou p\u011bnu nebo vykouzl\u00ed tu nejlahodn\u011bj\u0161\u00ed horkou \u010dokol\u00e1du. A d\u00edky <strong>kapacit\u011b a\u017e 650 ml<\/strong> zvl\u00e1dne nap\u011bnit n\u00e1poje pro celou rodinu, ani\u017e byste se museli o p\u011bnu pr\u00e1t.<\/span><\/p>\n<p><span>Hlavn\u00ed kouzla:<\/span><\/p>\n<ul>\n<li>\n<p><span><strong>Rychl\u00e1 a jemn\u00e1 p\u011bna do 2-3 minut<\/strong>: Perfektn\u00ed konzistence, kterou by v\u00e1m z\u00e1vid\u011bl i barista z va\u0161\u00ed obl\u00edben\u00e9 kav\u00e1rny.<\/span><\/p>\n<\/li>\n<li>\n<p><span><strong>Induk\u010dn\u00ed oh\u0159ev a ochrana proti p\u0159eh\u0159\u00e1t\u00ed<\/strong>: Proto\u017ee n\u00e1poje maj\u00ed b\u00fdt hork\u00e9, ne v\u0161ak hork\u00e9 jako l\u00e1va!<\/span><\/p>\n<\/li>\n<li>\n<p><span><strong>Jednoduch\u00e9 oto\u010den\u00ed knofl\u00edku<\/strong>: Ovl\u00e1d\u00e1n\u00ed tak snadn\u00e9, \u017ee ho zvl\u00e1dnete ovl\u00e1dat i potm\u011b.<\/span><\/p>\n<\/li>\n<\/ul>\n<p><span>Dal\u0161\u00ed vychyt\u00e1vky:<\/span><\/p>\n<ul>\n<li>\n<p><span><strong>Snadn\u00e9 \u010di\u0161t\u011bn\u00ed d\u00edky odn\u00edmateln\u00e9 n\u00e1dob\u011b<\/strong>: M\u00fdt v my\u010dce? \u017d\u00e1dn\u00fd probl\u00e9m.<\/span><\/p>\n<\/li>\n<li>\n<p><span><strong>Elegantn\u00ed nerezov\u00fd design se st\u0159\u00edbrn\u00fdm leskem<\/strong>: Dod\u00e1 va\u0161\u00ed kuchyni n\u00e1dech luxusu.<\/span><\/p>\n<\/li>\n<li>\n<p><span><strong>Pr\u016fhledn\u00e9 v\u00edko<\/strong>: Sledujte sv\u00e9 um\u011bleck\u00e9 p\u011bnov\u00e9 d\u00edlo v p\u0159\u00edm\u00e9m p\u0159enosu.<\/span><\/p>\n<\/li>\n<\/ul>\n<p><span>Auxco MF06S je nap\u011b\u0148ova\u010d, kter\u00fd kombinuje v\u00fdkon, jednoduchost a styl. P\u0159ipravte se na to, \u017ee ka\u017ed\u00e1 k\u00e1va u v\u00e1s doma bude vypadat jako z kav\u00e1rensk\u00e9ho menu \u2013 bez \u010dek\u00e1n\u00ed ve front\u011b!  \u2728<\/span><\/p>\n<p>&nbsp;<\/p>\n<p><span>Bazarov\u00fd produkt, z\u00e1ruka 12 m\u011bs\u00edc\u016f<\/span><\/p>\n","protected":false},"excerpt":{"rendered":"<p>P\u0159edstavujeme nap\u011b\u0148ova\u010d ml\u00e9ka Auxco MF06S \u2013 v\u00e1\u0161 nov\u00fd \u0161\u00e9f v p\u0159\u00edprav\u011b dokonal\u00e9 k\u00e1vy, hork\u00e9 \u010dokol\u00e1dy a v\u0161ech n\u00e1poj\u016f, kter\u00e9 zaslou\u017e\u00ed vrstvu hedv\u00e1bn\u00e9 p\u011bny! \u2615\u2728 S funkcemi 4v1 tento modern\u00ed pomocn\u00edk nejen oh\u0159eje ml\u00e9ko, ale vytvo\u0159\u00ed i horkou a studenou p\u011bnu nebo vykouzl\u00ed tu nejlahodn\u011bj\u0161\u00ed horkou \u010dokol\u00e1du. A d\u00edky kapacit\u011b a\u017e 650 ml zvl\u00e1dne nap\u011bnit n\u00e1poje&#8230;<\/p>\n","protected":false},"featured_media":27142,"comment_status":"closed","ping_status":"open","template":"","meta":{"_kadence_starter_templates_imported_post":false,"_kad_post_transparent":"","_kad_post_title":"","_kad_post_layout":"","_kad_post_sidebar_id":"","_kad_post_content_style":"","_kad_post_vertical_padding":"","_kad_post_feature":"","_kad_post_feature_position":"","_kad_post_header":false,"_kad_post_footer":false,"_kad_post_classname":""},"product_brand":[],"product_cat":[333,2429,346,334,2214,335],"product_tag":[],"class_list":{"0":"post-27141","1":"product","2":"type-product","3":"status-publish","4":"has-post-thumbnail","6":"product_cat-domaci-a-osobni-spotrebice","7":"product_cat-heureka-cz","8":"product_cat-kavovary-a-priprava-kavy","9":"product_cat-kuchynske-spotrebice","10":"product_cat-napenovace-mleka","11":"product_cat-priprava-napoju","13":"first","14":"instock","15":"taxable","16":"shipping-taxable","17":"purchasable","18":"product-type-simple","19":"entry","20":"content-bg","21":"loop-entry"},"_links":{"self":[{"href":"http:\/\/www.outlet-electro.cz\/index.php\/wp-json\/wp\/v2\/product\/27141","targetHints":{"allow":["GET"]}}],"collection":[{"href":"http:\/\/www.outlet-electro.cz\/index.php\/wp-json\/wp\/v2\/product"}],"about":[{"href":"http:\/\/www.outlet-electro.cz\/index.php\/wp-json\/wp\/v2\/types\/product"}],"replies":[{"embeddable":true,"href":"http:\/\/www.outlet-electro.cz\/index.php\/wp-json\/wp\/v2\/comments?post=27141"}],"wp:featuredmedia":[{"embeddable":true,"href":"http:\/\/www.outlet-electro.cz\/index.php\/wp-json\/wp\/v2\/media\/27142"}],"wp:attachment":[{"href":"http:\/\/www.outlet-electro.cz\/index.php\/wp-json\/wp\/v2\/media?parent=27141"}],"wp:term":[{"taxonomy":"product_brand","embeddable":true,"href":"http:\/\/www.outlet-electro.cz\/index.php\/wp-json\/wp\/v2\/product_brand?post=27141"},{"taxonomy":"product_cat","embeddable":true,"href":"http:\/\/www.outlet-electro.cz\/index.php\/wp-json\/wp\/v2\/product_cat?post=27141"},{"taxonomy":"product_tag","embeddable":true,"href":"http:\/\/www.outlet-electro.cz\/index.php\/wp-json\/wp\/v2\/product_tag?post=27141"}],"curies":[{"name":"wp","href":"https:\/\/api.w.org\/{rel}","templated":true}]}}