{"id":27127,"date":"2026-01-26T11:24:45","date_gmt":"2026-01-26T10:24:45","guid":{"rendered":"https:\/\/www.outlet-electro.cz\/index.php\/produkt\/datovy-kabel-oneplus-b2521\/"},"modified":"2026-01-26T11:24:46","modified_gmt":"2026-01-26T10:24:46","slug":"datovy-kabel-oneplus-b2521","status":"publish","type":"product","link":"http:\/\/www.outlet-electro.cz\/index.php\/produkt\/datovy-kabel-oneplus-b2521\/","title":{"rendered":"Datov\u00fd kabel OnePlus B2521"},"content":{"rendered":"<p><span>P\u0159edstavujeme datov\u00fd kabel OnePlus B2521 \u2013 dvojit\u00e9 eso mezi kabely, kter\u00e9 v\u00e1s ohrom\u00ed rychlost\u00ed, odolnost\u00ed a d\u00e9lkou, kter\u00e1 v\u00e1s nebude limitovat! \u26a1 <\/span><\/p>\n<p><span>Tento <strong>2metrov\u00fd kabel typu C<\/strong> v\u00e1m d\u00e1v\u00e1 volnost p\u0159ipojen\u00ed, a\u0165 u\u017e dob\u00edj\u00edte telefon na no\u010dn\u00edm stolku nebo synchronizujete data na druh\u00e9 stran\u011b stolu. D\u00edky <strong>2A rychl\u00e9mu nab\u00edjen\u00ed<\/strong> a <strong>kompatibilit\u011b s USB 2.0<\/strong> zvl\u00e1dne nejen dob\u00edjet, ale tak\u00e9 p\u0159en\u00e1\u0161et data rychlost\u00ed, kter\u00e1 v\u00e1m vyraz\u00ed dech.<\/span><\/p>\n<p><span>Hlavn\u00ed tah\u00e1ky:<\/span><\/p>\n<ul>\n<li>\n<p><span><strong>Rychl\u00e9 nab\u00edjen\u00ed a vysokorychlostn\u00ed stahov\u00e1n\u00ed<\/strong>: \u0160et\u0159\u00ed v\u00e1\u0161 \u010das a nervy \u2013 adios pomal\u00e9 kabely!<\/span><\/p>\n<\/li>\n<li>\n<p><span><strong>Extra d\u00e9lka 2 metry<\/strong>: U\u017e \u017e\u00e1dn\u00e9 balancov\u00e1n\u00ed s telefonem u z\u00e1suvky. Tenhle kabel dos\u00e1hne v\u0161ude.<\/span><\/p>\n<\/li>\n<li>\n<p><span><strong>Odolnost a spolehlivost<\/strong>: Ide\u00e1ln\u00ed pro ka\u017edodenn\u00ed pou\u017e\u00edv\u00e1n\u00ed, p\u0159e\u017eije i va\u0161e nab\u00edjec\u00ed n\u00e1vyky.<\/span><\/p>\n<\/li>\n<\/ul>\n<p><span>OnePlus B2521 je kabel, kter\u00fd zvl\u00e1dne v\u0161echno \u2013 dob\u00edjet, synchronizovat a p\u0159itom z\u016fstat stylov\u011b funk\u010dn\u00ed. P\u0159ipravte se na jednoduchost bez kompromis\u016f!  \u2728<\/span><\/p>\n<p>&nbsp;<\/p>\n<p><span>Z\u00e1ruka 24 m\u011bs\u00edc\u016f<\/span><\/p>\n","protected":false},"excerpt":{"rendered":"<p>P\u0159edstavujeme datov\u00fd kabel OnePlus B2521 \u2013 dvojit\u00e9 eso mezi kabely, kter\u00e9 v\u00e1s ohrom\u00ed rychlost\u00ed, odolnost\u00ed a d\u00e9lkou, kter\u00e1 v\u00e1s nebude limitovat! \u26a1 Tento 2metrov\u00fd kabel typu C v\u00e1m d\u00e1v\u00e1 volnost p\u0159ipojen\u00ed, a\u0165 u\u017e dob\u00edj\u00edte telefon na no\u010dn\u00edm stolku nebo synchronizujete data na druh\u00e9 stran\u011b stolu. D\u00edky 2A rychl\u00e9mu nab\u00edjen\u00ed a kompatibilit\u011b s USB 2.0 zvl\u00e1dne&#8230;<\/p>\n","protected":false},"featured_media":27128,"comment_status":"closed","ping_status":"open","template":"","meta":{"_kadence_starter_templates_imported_post":false,"_kad_post_transparent":"","_kad_post_title":"","_kad_post_layout":"","_kad_post_sidebar_id":"","_kad_post_content_style":"","_kad_post_vertical_padding":"","_kad_post_feature":"","_kad_post_feature_position":"","_kad_post_header":false,"_kad_post_footer":false,"_kad_post_classname":""},"product_brand":[],"product_cat":[64,2429,418,391,417,419],"product_tag":[],"class_list":{"0":"post-27127","1":"product","2":"type-product","3":"status-publish","4":"has-post-thumbnail","6":"product_cat-elektronika","7":"product_cat-heureka-cz","8":"product_cat-kabely-a-konektory","9":"product_cat-pocitace-a-notebooky","10":"product_cat-prislusenstvi-k-pocitacum","11":"product_cat-usb-kabely","13":"first","14":"instock","15":"taxable","16":"shipping-taxable","17":"purchasable","18":"product-type-simple","19":"entry","20":"content-bg","21":"loop-entry"},"_links":{"self":[{"href":"http:\/\/www.outlet-electro.cz\/index.php\/wp-json\/wp\/v2\/product\/27127","targetHints":{"allow":["GET"]}}],"collection":[{"href":"http:\/\/www.outlet-electro.cz\/index.php\/wp-json\/wp\/v2\/product"}],"about":[{"href":"http:\/\/www.outlet-electro.cz\/index.php\/wp-json\/wp\/v2\/types\/product"}],"replies":[{"embeddable":true,"href":"http:\/\/www.outlet-electro.cz\/index.php\/wp-json\/wp\/v2\/comments?post=27127"}],"wp:featuredmedia":[{"embeddable":true,"href":"http:\/\/www.outlet-electro.cz\/index.php\/wp-json\/wp\/v2\/media\/27128"}],"wp:attachment":[{"href":"http:\/\/www.outlet-electro.cz\/index.php\/wp-json\/wp\/v2\/media?parent=27127"}],"wp:term":[{"taxonomy":"product_brand","embeddable":true,"href":"http:\/\/www.outlet-electro.cz\/index.php\/wp-json\/wp\/v2\/product_brand?post=27127"},{"taxonomy":"product_cat","embeddable":true,"href":"http:\/\/www.outlet-electro.cz\/index.php\/wp-json\/wp\/v2\/product_cat?post=27127"},{"taxonomy":"product_tag","embeddable":true,"href":"http:\/\/www.outlet-electro.cz\/index.php\/wp-json\/wp\/v2\/product_tag?post=27127"}],"curies":[{"name":"wp","href":"https:\/\/api.w.org\/{rel}","templated":true}]}}