{"id":27121,"date":"2026-01-26T11:24:45","date_gmt":"2026-01-26T10:24:45","guid":{"rendered":"https:\/\/www.outlet-electro.cz\/index.php\/produkt\/bezdratova-nabijecka-15w-yenkee-yac-5150-bk\/"},"modified":"2026-01-26T11:24:46","modified_gmt":"2026-01-26T10:24:46","slug":"bezdratova-nabijecka-15w-yenkee-yac-5150-bk","status":"publish","type":"product","link":"http:\/\/www.outlet-electro.cz\/index.php\/produkt\/bezdratova-nabijecka-15w-yenkee-yac-5150-bk\/","title":{"rendered":"Bezdr\u00e1tov\u00e1 nab\u00edje\u010dka 15W YENKEE YAC 5150 BK"},"content":{"rendered":"<p><span>P\u0159edstavujeme bezdr\u00e1tovou nab\u00edje\u010dku Yenkee AC 5150 BK \u2013 elegantn\u00ed nab\u00edjec\u00ed superstar, kter\u00e1 um\u00ed nejen rychle dob\u00edjet, ale nav\u00edc p\u0159i tom vypad\u00e1 fantasticky! \u26a1 \u2728<\/span><\/p>\n<p><span>S v\u00fdkonem a\u017e <strong>15 W<\/strong> a certifikac\u00ed Qi si bezdr\u00e1tov\u00e9 nab\u00edjen\u00ed osvoj\u00edte rychleji ne\u017e v\u00e1\u0161 telefon o\u017eiv\u00ed baterii. \u017d\u00e1dn\u00e9 kabelov\u00e9 drama \u2013 prost\u011b polo\u017e\u00edte telefon na stylovou <strong>hlin\u00edkovou podlo\u017eku s pry\u017eov\u00fdm povrchem<\/strong> a LED signalizace v\u00e1m decentn\u011b nazna\u010d\u00ed, \u017ee energie u\u017e proud\u00ed.<\/span><\/p>\n<p><span>Hlavn\u00ed vychyt\u00e1vky:<\/span><\/p>\n<ul>\n<li>\n<p><span><strong>Tenk\u00e9 t\u011blo a elegantn\u00ed design<\/strong>: Tahle nab\u00edje\u010dka bude vypadat skv\u011ble na pracovn\u00edm stole i no\u010dn\u00edm stolku.<\/span><\/p>\n<\/li>\n<li>\n<p><span><strong>Rychl\u00e9 nab\u00edjen\u00ed (7,5 W, 10 W, 15 W)<\/strong>: Sta\u010d\u00ed p\u0159ipojit QC2.0 nebo QC3.0 adapt\u00e9r a m\u016f\u017eete fr\u010det na pln\u00fd v\u00fdkon.<\/span><\/p>\n<\/li>\n<li>\n<p><span><strong>Detekce ciz\u00edch p\u0159edm\u011bt\u016f<\/strong>: Magnetick\u00e1 ochranka, kter\u00e1 hl\u00edd\u00e1, aby se na nab\u00edje\u010dku nedostalo nic, co tam nepat\u0159\u00ed.<\/span><\/p>\n<\/li>\n<\/ul>\n<p><span>Dal\u0161\u00ed lah\u016fdky:<\/span><\/p>\n<ul>\n<li>\n<p><span><strong>Ochrana proti p\u0159eh\u0159\u00e1t\u00ed, p\u0159ep\u011bt\u00ed i nadproud\u016fm<\/strong>: Tohle je bezpe\u010dn\u00e9 nab\u00edjen\u00ed s noblesou.<\/span><\/p>\n<\/li>\n<li>\n<p><span><strong>Kompatibiln\u00ed s telefony Qi<\/strong>: Od v\u00fdroby nebo s dokoupen\u00fdm p\u0159\u00edslu\u0161enstv\u00edm \u2013 tahle nab\u00edje\u010dka jede s dobou.<\/span><\/p>\n<\/li>\n<li>\n<p><span><strong>Lehk\u00e1 konstrukce (90 g)<\/strong> a kompaktn\u00ed rozm\u011bry (100 \u00d7 6,5 mm): Perfektn\u00ed na doma, do kancel\u00e1\u0159e i na cesty.<\/span><\/p>\n<\/li>\n<\/ul>\n<p><span>S Yenkee AC 5150 BK bude v\u00e1\u0161 telefon v\u017edy p\u0159ipraven k akci. Pohodln\u00e9, stylov\u00e9 a rychl\u00e9 \u2013 zkr\u00e1tka nab\u00edje\u010dka, co v\u00ed, jak na to!  \u26a1 <\/span><\/p>\n<p>&nbsp;<\/p>\n<p><span>Z\u00e1ruka 24 m\u011bs\u00edc\u016f<\/span><\/p>\n","protected":false},"excerpt":{"rendered":"<p>P\u0159edstavujeme bezdr\u00e1tovou nab\u00edje\u010dku Yenkee AC 5150 BK \u2013 elegantn\u00ed nab\u00edjec\u00ed superstar, kter\u00e1 um\u00ed nejen rychle dob\u00edjet, ale nav\u00edc p\u0159i tom vypad\u00e1 fantasticky! \u26a1 \u2728 S v\u00fdkonem a\u017e 15 W a certifikac\u00ed Qi si bezdr\u00e1tov\u00e9 nab\u00edjen\u00ed osvoj\u00edte rychleji ne\u017e v\u00e1\u0161 telefon o\u017eiv\u00ed baterii. \u017d\u00e1dn\u00e9 kabelov\u00e9 drama \u2013 prost\u011b polo\u017e\u00edte telefon na stylovou hlin\u00edkovou podlo\u017eku s pry\u017eov\u00fdm&#8230;<\/p>\n","protected":false},"featured_media":27122,"comment_status":"closed","ping_status":"open","template":"","meta":{"_kadence_starter_templates_imported_post":false,"_kad_post_transparent":"","_kad_post_title":"","_kad_post_layout":"","_kad_post_sidebar_id":"","_kad_post_content_style":"","_kad_post_vertical_padding":"","_kad_post_feature":"","_kad_post_feature_position":"","_kad_post_header":false,"_kad_post_footer":false,"_kad_post_classname":""},"product_brand":[],"product_cat":[415,513,64,2429,413,414],"product_tag":[],"class_list":{"0":"post-27121","1":"product","2":"type-product","3":"status-publish","4":"has-post-thumbnail","6":"product_cat-baterie-a-nabijecky-pro-mobily","7":"product_cat-bezdratove-nabijecky","8":"product_cat-elektronika","9":"product_cat-heureka-cz","10":"product_cat-mobily-tablety-nositelna-elektronika","11":"product_cat-prislusenstvi-k-mobilum","13":"first","14":"instock","15":"taxable","16":"shipping-taxable","17":"purchasable","18":"product-type-simple","19":"entry","20":"content-bg","21":"loop-entry"},"_links":{"self":[{"href":"http:\/\/www.outlet-electro.cz\/index.php\/wp-json\/wp\/v2\/product\/27121","targetHints":{"allow":["GET"]}}],"collection":[{"href":"http:\/\/www.outlet-electro.cz\/index.php\/wp-json\/wp\/v2\/product"}],"about":[{"href":"http:\/\/www.outlet-electro.cz\/index.php\/wp-json\/wp\/v2\/types\/product"}],"replies":[{"embeddable":true,"href":"http:\/\/www.outlet-electro.cz\/index.php\/wp-json\/wp\/v2\/comments?post=27121"}],"wp:featuredmedia":[{"embeddable":true,"href":"http:\/\/www.outlet-electro.cz\/index.php\/wp-json\/wp\/v2\/media\/27122"}],"wp:attachment":[{"href":"http:\/\/www.outlet-electro.cz\/index.php\/wp-json\/wp\/v2\/media?parent=27121"}],"wp:term":[{"taxonomy":"product_brand","embeddable":true,"href":"http:\/\/www.outlet-electro.cz\/index.php\/wp-json\/wp\/v2\/product_brand?post=27121"},{"taxonomy":"product_cat","embeddable":true,"href":"http:\/\/www.outlet-electro.cz\/index.php\/wp-json\/wp\/v2\/product_cat?post=27121"},{"taxonomy":"product_tag","embeddable":true,"href":"http:\/\/www.outlet-electro.cz\/index.php\/wp-json\/wp\/v2\/product_tag?post=27121"}],"curies":[{"name":"wp","href":"https:\/\/api.w.org\/{rel}","templated":true}]}}