{"id":27115,"date":"2026-01-26T11:24:45","date_gmt":"2026-01-26T10:24:45","guid":{"rendered":"https:\/\/www.outlet-electro.cz\/index.php\/produkt\/siroka-podlozka-pod-mys-a-klavesnici-yenkee-ypm-9040gy\/"},"modified":"2026-01-26T11:24:46","modified_gmt":"2026-01-26T10:24:46","slug":"siroka-podlozka-pod-mys-a-klavesnici-yenkee-ypm-9040gy","status":"publish","type":"product","link":"http:\/\/www.outlet-electro.cz\/index.php\/produkt\/siroka-podlozka-pod-mys-a-klavesnici-yenkee-ypm-9040gy\/","title":{"rendered":"\u0160irok\u00e1 podlo\u017eka pod my\u0161 a kl\u00e1vesnici Yenkee YPM 9040GY"},"content":{"rendered":"<p><span>P\u0159edstavujeme \u0161irokou podlo\u017eku pod my\u0161 a kl\u00e1vesnici Yenkee YPM 9040GY \u2013 XXL \u0161ampi\u00f3na stability, kter\u00fd se stane z\u00e1kladem va\u0161eho hern\u00edho nebo pracovn\u00edho kr\u00e1lovstv\u00ed! \ud83d\uddb1\ufe0f\u2328\ufe0f\u2728<\/span><\/p>\n<p><span>S <strong>rozm\u011bry 900 \u00d7 400 mm<\/strong> poskytne dostatek prostoru pro va\u0161i kl\u00e1vesnici, my\u0161, a mo\u017en\u00e1 je\u0161t\u011b i hrnek s k\u00e1vou (samoz\u0159ejm\u011b na vlastn\u00ed riziko). D\u00edky <strong>pokro\u010dil\u00e9 technologii tkan\u00ed<\/strong> zaji\u0161\u0165uje plynul\u00fd a p\u0159esn\u00fd pohyb my\u0161i, tak\u017ee va\u0161i c\u00edlovou p\u0159esnost u\u017e nebude nic brzdit \u2013 krom\u011b va\u0161eho soupe\u0159e.<\/span><\/p>\n<p><span>Hlavn\u00ed kouzla:<\/span><\/p>\n<ul>\n<li>\n<p><span><strong>Neklouzav\u00e1 pry\u017eov\u00e1 z\u00e1kladna<\/strong>: Stoj\u00ed pevn\u011b jako sk\u00e1la, i kdy\u017e v\u00e1\u0161 hern\u00ed z\u00e1pal dos\u00e1hne vrcholu.<\/span><\/p>\n<\/li>\n<li>\n<p><span><strong>Zpevn\u011bn\u00e9 okraje<\/strong>: \u017d\u00e1dn\u00e9 t\u0159epen\u00ed ani deformace \u2013 tahle podlo\u017eka vydr\u017e\u00ed v\u00edce ne\u017e jeden hern\u00ed maraton.<\/span><\/p>\n<\/li>\n<li>\n<p><span><strong>Pro optick\u00e9 i laserov\u00e9 my\u0161i<\/strong>: Je jedno, \u010d\u00edm klik\u00e1te, tahle podlo\u017eka s v\u00e1mi dr\u017e\u00ed krok.<\/span><\/p>\n<\/li>\n<\/ul>\n<p><span>Dal\u0161\u00ed lah\u016fdky:<\/span><\/p>\n<ul>\n<li>\n<p><span><strong>Vylep\u0161en\u00e1 stabilita kl\u00e1vesnice<\/strong>: U\u017e \u017e\u00e1dn\u00e9 klouz\u00e1n\u00ed \u2013 va\u0161e kl\u00e1vesnice z\u016fstane tam, kde m\u00e1 b\u00fdt.<\/span><\/p>\n<\/li>\n<li>\n<p><span><strong>Extra komfort d\u00edky bavln\u011bn\u00e9mu povrchu<\/strong>: Hladk\u00e9 pohyby a p\u0159\u00edjemn\u00fd dotek zaru\u010deny.<\/span><\/p>\n<\/li>\n<li>\n<p><span><strong>Styl a funk\u010dnost v jednom<\/strong>: \u0160ed\u00e9 proveden\u00ed dopln\u00ed ka\u017ed\u00fd pracovn\u00ed \u010di hern\u00ed st\u016fl.<\/span><\/p>\n<\/li>\n<\/ul>\n<p><span>Yenkee YPM 9040GY je nejen praktick\u00e1, ale i stylov\u00e1 opora, kter\u00e1 z va\u0161eho stolu ud\u011bl\u00e1 prostor pln\u00fd stability, p\u0159esnosti a elegance. Dejte sv\u00e9mu setupu pevn\u00fd z\u00e1klad! \ud83c\udf1f\ud83d\udda5\ufe0f\ud83d\udcaa<\/span><\/p>\n<p>&nbsp;<\/p>\n<p><span>Z\u00e1ruka 24 m\u011bs\u00edc\u016f<\/span><\/p>\n","protected":false},"excerpt":{"rendered":"<p>P\u0159edstavujeme \u0161irokou podlo\u017eku pod my\u0161 a kl\u00e1vesnici Yenkee YPM 9040GY \u2013 XXL \u0161ampi\u00f3na stability, kter\u00fd se stane z\u00e1kladem va\u0161eho hern\u00edho nebo pracovn\u00edho kr\u00e1lovstv\u00ed! \ud83d\uddb1\ufe0f\u2328\ufe0f\u2728 S rozm\u011bry 900 \u00d7 400 mm poskytne dostatek prostoru pro va\u0161i kl\u00e1vesnici, my\u0161, a mo\u017en\u00e1 je\u0161t\u011b i hrnek s k\u00e1vou (samoz\u0159ejm\u011b na vlastn\u00ed riziko). D\u00edky pokro\u010dil\u00e9 technologii tkan\u00ed zaji\u0161\u0165uje plynul\u00fd a&#8230;<\/p>\n","protected":false},"featured_media":27116,"comment_status":"closed","ping_status":"open","template":"","meta":{"_kadence_starter_templates_imported_post":false,"_kad_post_transparent":"","_kad_post_title":"","_kad_post_layout":"","_kad_post_sidebar_id":"","_kad_post_content_style":"","_kad_post_vertical_padding":"","_kad_post_feature":"","_kad_post_feature_position":"","_kad_post_header":false,"_kad_post_footer":false,"_kad_post_classname":""},"product_brand":[],"product_cat":[64,2442],"product_tag":[],"class_list":{"0":"post-27115","1":"product","2":"type-product","3":"status-publish","4":"has-post-thumbnail","6":"product_cat-elektronika","7":"product_cat-prislusenstvi-k-pc","9":"first","10":"instock","11":"taxable","12":"shipping-taxable","13":"purchasable","14":"product-type-simple","15":"entry","16":"content-bg","17":"loop-entry"},"_links":{"self":[{"href":"http:\/\/www.outlet-electro.cz\/index.php\/wp-json\/wp\/v2\/product\/27115","targetHints":{"allow":["GET"]}}],"collection":[{"href":"http:\/\/www.outlet-electro.cz\/index.php\/wp-json\/wp\/v2\/product"}],"about":[{"href":"http:\/\/www.outlet-electro.cz\/index.php\/wp-json\/wp\/v2\/types\/product"}],"replies":[{"embeddable":true,"href":"http:\/\/www.outlet-electro.cz\/index.php\/wp-json\/wp\/v2\/comments?post=27115"}],"wp:featuredmedia":[{"embeddable":true,"href":"http:\/\/www.outlet-electro.cz\/index.php\/wp-json\/wp\/v2\/media\/27116"}],"wp:attachment":[{"href":"http:\/\/www.outlet-electro.cz\/index.php\/wp-json\/wp\/v2\/media?parent=27115"}],"wp:term":[{"taxonomy":"product_brand","embeddable":true,"href":"http:\/\/www.outlet-electro.cz\/index.php\/wp-json\/wp\/v2\/product_brand?post=27115"},{"taxonomy":"product_cat","embeddable":true,"href":"http:\/\/www.outlet-electro.cz\/index.php\/wp-json\/wp\/v2\/product_cat?post=27115"},{"taxonomy":"product_tag","embeddable":true,"href":"http:\/\/www.outlet-electro.cz\/index.php\/wp-json\/wp\/v2\/product_tag?post=27115"}],"curies":[{"name":"wp","href":"https:\/\/api.w.org\/{rel}","templated":true}]}}