{"id":27079,"date":"2026-01-26T11:24:42","date_gmt":"2026-01-26T10:24:42","guid":{"rendered":"https:\/\/www.outlet-electro.cz\/index.php\/produkt\/kuchynsky-robot-sencor-stm-3760wh\/"},"modified":"2026-01-26T11:24:43","modified_gmt":"2026-01-26T10:24:43","slug":"kuchynsky-robot-sencor-stm-3760wh","status":"publish","type":"product","link":"http:\/\/www.outlet-electro.cz\/index.php\/produkt\/kuchynsky-robot-sencor-stm-3760wh\/","title":{"rendered":"Kuchy\u0148sk\u00fd robot Sencor STM 3760WH"},"content":{"rendered":"<p><span>P\u0159edstavujeme kuchy\u0148sk\u00fd robot Sencor STM 3760WH \u2013 va\u0161eho nenahraditeln\u00e9ho pomocn\u00edka, kter\u00fd by mohl b\u00fdt pr\u00e1voplatn\u00fdm \u010dlenem jak\u00e9hokoliv kucha\u0159sk\u00e9ho t\u00fdmu!  \u2728<\/span><\/p>\n<p><span>S <strong>motorem o v\u00fdkonu 1 000 W<\/strong> je to doslova svalovec mezi roboty. A\u0165 u\u017e chcete hn\u00edst t\u011bsto na chleba, \u0161lehat kr\u00e9my nebo mixovat smoothie, tenhle kuchy\u0148sk\u00fd gladi\u00e1tor to v\u0161echno zvl\u00e1dne s gr\u00e1ci\u00ed.<\/span><\/p>\n<p><span>Hlavn\u00ed p\u0159ednosti:<\/span><\/p>\n<ul>\n<li>\n<p><span><strong>4,5l nerezov\u00e1 n\u00e1doba<\/strong>: Tady se snoub\u00ed elegance s prakti\u010dnost\u00ed \u2013 zvl\u00e1dne tuh\u00e9 i jemn\u00e9 t\u011bsto, a je\u0161t\u011b si s v\u00e1mi zachov\u00e1 styl.<\/span><\/p>\n<\/li>\n<li>\n<p><span><strong>LED osv\u011btlen\u00ed<\/strong>: Proto\u017ee va\u0161e t\u011bsto si zaslou\u017e\u00ed b\u00fdt pod z\u00e1\u0159\u00ed reflektor\u016f!<\/span><\/p>\n<\/li>\n<li>\n<p><span><strong>6 rychlost\u00ed, PULSE a NutriSmart programy<\/strong>: V\u00ed, kdy zpomalit a kdy \u0161l\u00e1pnout na plyn.<\/span><\/p>\n<\/li>\n<\/ul>\n<p><span>Dal\u0161\u00ed kouzla:<\/span><\/p>\n<ul>\n<li>\n<p><span><strong>Speci\u00e1ln\u00ed FLEXI \u0161leha\u010d a metla<\/strong>: Jemn\u00e1 t\u011bsta? Pohoda, robot to vy\u0159e\u0161\u00ed!<\/span><\/p>\n<\/li>\n<li>\n<p><span><strong>Mix\u00e9r s titanov\u00fdm ost\u0159\u00edm<\/strong>: Va\u0161e smoothies budou tak hladk\u00e9, \u017ee se budete pt\u00e1t, co jste dosud pili.<\/span><\/p>\n<\/li>\n<li>\n<p><span><strong>Ml\u00fdnek na maso a tvo\u0159\u00edtko na cukrov\u00ed<\/strong>: Kdo by \u0159ekl, \u017ee v\u00e1\u0161 kuchy\u0148sk\u00fd robot um\u00ed i klob\u00e1sy a v\u00e1no\u010dn\u00ed cukrov\u00ed?<\/span><\/p>\n<\/li>\n<\/ul>\n<p><span>A to v\u0161e podtr\u017een\u00e9 unik\u00e1tn\u00edmi magnetick\u00fdmi v\u00edky, kter\u00e9 vypadaj\u00ed tak dob\u0159e, \u017ee jim mo\u017en\u00e1 za\u010dnete \u0159\u00edkat \u201cdesignov\u00fd prvek\u201d.<\/span><\/p>\n<p><span>Sencor STM 3760WH zvl\u00e1dne v\u0161echno \u2013 od ned\u011bln\u00edho pe\u010den\u00ed a\u017e po dom\u00e1c\u00ed klob\u00e1sky. P\u0159ipravte se na revoluci ve va\u0161\u00ed kuchyni, proto\u017ee tenhle robot bere va\u0159en\u00ed v\u00e1\u017en\u011b, ale z\u00e1bavu je\u0161t\u011b v\u00edc!  \u200d \u2728<\/span><\/p>\n<p>&nbsp;<\/p>\n<p><span>Z\u00e1ruka 24 m\u011bs\u00edc\u016f<\/span><\/p>\n","protected":false},"excerpt":{"rendered":"<p>P\u0159edstavujeme kuchy\u0148sk\u00fd robot Sencor STM 3760WH \u2013 va\u0161eho nenahraditeln\u00e9ho pomocn\u00edka, kter\u00fd by mohl b\u00fdt pr\u00e1voplatn\u00fdm \u010dlenem jak\u00e9hokoliv kucha\u0159sk\u00e9ho t\u00fdmu! \u2728 S motorem o v\u00fdkonu 1 000 W je to doslova svalovec mezi roboty. A\u0165 u\u017e chcete hn\u00edst t\u011bsto na chleba, \u0161lehat kr\u00e9my nebo mixovat smoothie, tenhle kuchy\u0148sk\u00fd gladi\u00e1tor to v\u0161echno zvl\u00e1dne s gr\u00e1ci\u00ed. Hlavn\u00ed p\u0159ednosti:&#8230;<\/p>\n","protected":false},"featured_media":27080,"comment_status":"closed","ping_status":"open","template":"","meta":{"_kadence_starter_templates_imported_post":false,"_kad_post_transparent":"","_kad_post_title":"","_kad_post_layout":"","_kad_post_sidebar_id":"","_kad_post_content_style":"","_kad_post_vertical_padding":"","_kad_post_feature":"","_kad_post_feature_position":"","_kad_post_header":false,"_kad_post_footer":false,"_kad_post_classname":""},"product_brand":[],"product_cat":[333,2429,405,334,341,2051,2052,340],"product_tag":[],"class_list":{"0":"post-27079","1":"product","2":"type-product","3":"status-publish","4":"has-post-thumbnail","6":"product_cat-domaci-a-osobni-spotrebice","7":"product_cat-heureka-cz","8":"product_cat-kuchynske-roboty","9":"product_cat-kuchynske-spotrebice","10":"product_cat-male-kuchynske-spotrebice","11":"product_cat-mi","12":"product_cat-ovani-a-slehani","13":"product_cat-priprava-jidla","15":"first","16":"instock","17":"taxable","18":"shipping-taxable","19":"purchasable","20":"product-type-simple","21":"entry","22":"content-bg","23":"loop-entry"},"_links":{"self":[{"href":"http:\/\/www.outlet-electro.cz\/index.php\/wp-json\/wp\/v2\/product\/27079","targetHints":{"allow":["GET"]}}],"collection":[{"href":"http:\/\/www.outlet-electro.cz\/index.php\/wp-json\/wp\/v2\/product"}],"about":[{"href":"http:\/\/www.outlet-electro.cz\/index.php\/wp-json\/wp\/v2\/types\/product"}],"replies":[{"embeddable":true,"href":"http:\/\/www.outlet-electro.cz\/index.php\/wp-json\/wp\/v2\/comments?post=27079"}],"wp:featuredmedia":[{"embeddable":true,"href":"http:\/\/www.outlet-electro.cz\/index.php\/wp-json\/wp\/v2\/media\/27080"}],"wp:attachment":[{"href":"http:\/\/www.outlet-electro.cz\/index.php\/wp-json\/wp\/v2\/media?parent=27079"}],"wp:term":[{"taxonomy":"product_brand","embeddable":true,"href":"http:\/\/www.outlet-electro.cz\/index.php\/wp-json\/wp\/v2\/product_brand?post=27079"},{"taxonomy":"product_cat","embeddable":true,"href":"http:\/\/www.outlet-electro.cz\/index.php\/wp-json\/wp\/v2\/product_cat?post=27079"},{"taxonomy":"product_tag","embeddable":true,"href":"http:\/\/www.outlet-electro.cz\/index.php\/wp-json\/wp\/v2\/product_tag?post=27079"}],"curies":[{"name":"wp","href":"https:\/\/api.w.org\/{rel}","templated":true}]}}