{"id":27071,"date":"2026-01-26T11:24:42","date_gmt":"2026-01-26T10:24:42","guid":{"rendered":"https:\/\/www.outlet-electro.cz\/index.php\/produkt\/velikonocni-zajic-polygon-medeny\/"},"modified":"2026-01-26T11:24:42","modified_gmt":"2026-01-26T10:24:42","slug":"velikonocni-zajic-polygon-medeny","status":"publish","type":"product","link":"http:\/\/www.outlet-electro.cz\/index.php\/produkt\/velikonocni-zajic-polygon-medeny\/","title":{"rendered":"Velikono\u010dn\u00ed zaj\u00edc polygon m\u011bd\u011bn\u00fd"},"content":{"rendered":"<p><span>P\u0159edstavujeme velikono\u010dn\u00edho zaj\u00edce, kter\u00fd m\u00e1 \u0161mrnc modern\u00edho um\u011bn\u00ed a srdce velikono\u010dn\u00ed tradice!  \u2728<\/span><\/p>\n<p><span>Tento polygonov\u00fd fe\u0161\u00e1k je vytvo\u0159en\u00fd pomoc\u00ed 3D tisku z leskl\u00e9ho PetG materi\u00e1lu barvy m\u011bdi, kter\u00fd mu dod\u00e1v\u00e1 elegantn\u00ed a sofistikovan\u00fd vzhled. S rozm\u011bry 11 \u00d7 7 \u00d7 16 cm se hod\u00ed na poli\u010dku, st\u016fl nebo jako ozdoba, kterou budou v\u0161ichni obdivovat (a mo\u017en\u00e1 se pt\u00e1t, jestli jste si po\u0159\u00eddili nov\u00fd designov\u00fd kousek).<\/span><\/p>\n<p><span>Jeho jedine\u010dn\u00fd geometrick\u00fd vzor p\u0159in\u00e1\u0161\u00ed tradi\u010dn\u00edmu velikono\u010dn\u00edmu zaj\u00edci modern\u00ed twist. Tento m\u011bd\u011bn\u00fd krasavec nen\u00ed jen dekorac\u00ed, je to doslova um\u011bn\u00ed s velikono\u010dn\u00ed du\u0161\u00ed!<\/span><\/p>\n<p><span>Velikono\u010dn\u00ed zaj\u00edc z 3D tisku \u2013 spojen\u00ed tradice a inovace, kter\u00e9 osv\u011b\u017e\u00ed va\u0161i jarn\u00ed v\u00fdzdobu!  \u2728<\/span><\/p>\n<p>&nbsp;P\u0159i odb\u011bru v\u011bt\u0161\u00edho mno\u017estv\u00ed n\u00e1m cinkn\u011bte a domluv\u00edme se.&nbsp;<\/p>\n<p>&nbsp;<\/p>\n","protected":false},"excerpt":{"rendered":"<p>P\u0159edstavujeme velikono\u010dn\u00edho zaj\u00edce, kter\u00fd m\u00e1 \u0161mrnc modern\u00edho um\u011bn\u00ed a srdce velikono\u010dn\u00ed tradice! \u2728 Tento polygonov\u00fd fe\u0161\u00e1k je vytvo\u0159en\u00fd pomoc\u00ed 3D tisku z leskl\u00e9ho PetG materi\u00e1lu barvy m\u011bdi, kter\u00fd mu dod\u00e1v\u00e1 elegantn\u00ed a sofistikovan\u00fd vzhled. S rozm\u011bry 11 \u00d7 7 \u00d7 16 cm se hod\u00ed na poli\u010dku, st\u016fl nebo jako ozdoba, kterou budou v\u0161ichni obdivovat (a&#8230;<\/p>\n","protected":false},"featured_media":27072,"comment_status":"closed","ping_status":"open","template":"","meta":{"_kadence_starter_templates_imported_post":false,"_kad_post_transparent":"","_kad_post_title":"","_kad_post_layout":"","_kad_post_sidebar_id":"","_kad_post_content_style":"","_kad_post_vertical_padding":"","_kad_post_feature":"","_kad_post_feature_position":"","_kad_post_header":false,"_kad_post_footer":false,"_kad_post_classname":""},"product_brand":[],"product_cat":[2433],"product_tag":[],"class_list":{"0":"post-27071","1":"product","2":"type-product","3":"status-publish","4":"has-post-thumbnail","6":"product_cat-3d-designove-zazraky","8":"first","9":"instock","10":"taxable","11":"shipping-taxable","12":"purchasable","13":"product-type-simple","14":"entry","15":"content-bg","16":"loop-entry"},"_links":{"self":[{"href":"http:\/\/www.outlet-electro.cz\/index.php\/wp-json\/wp\/v2\/product\/27071","targetHints":{"allow":["GET"]}}],"collection":[{"href":"http:\/\/www.outlet-electro.cz\/index.php\/wp-json\/wp\/v2\/product"}],"about":[{"href":"http:\/\/www.outlet-electro.cz\/index.php\/wp-json\/wp\/v2\/types\/product"}],"replies":[{"embeddable":true,"href":"http:\/\/www.outlet-electro.cz\/index.php\/wp-json\/wp\/v2\/comments?post=27071"}],"wp:featuredmedia":[{"embeddable":true,"href":"http:\/\/www.outlet-electro.cz\/index.php\/wp-json\/wp\/v2\/media\/27072"}],"wp:attachment":[{"href":"http:\/\/www.outlet-electro.cz\/index.php\/wp-json\/wp\/v2\/media?parent=27071"}],"wp:term":[{"taxonomy":"product_brand","embeddable":true,"href":"http:\/\/www.outlet-electro.cz\/index.php\/wp-json\/wp\/v2\/product_brand?post=27071"},{"taxonomy":"product_cat","embeddable":true,"href":"http:\/\/www.outlet-electro.cz\/index.php\/wp-json\/wp\/v2\/product_cat?post=27071"},{"taxonomy":"product_tag","embeddable":true,"href":"http:\/\/www.outlet-electro.cz\/index.php\/wp-json\/wp\/v2\/product_tag?post=27071"}],"curies":[{"name":"wp","href":"https:\/\/api.w.org\/{rel}","templated":true}]}}