{"id":27069,"date":"2026-01-26T11:24:42","date_gmt":"2026-01-26T10:24:42","guid":{"rendered":"https:\/\/www.outlet-electro.cz\/index.php\/produkt\/zavesna-cedule-open-close-barevna\/"},"modified":"2026-01-26T11:24:42","modified_gmt":"2026-01-26T10:24:42","slug":"zavesna-cedule-open-close-barevna","status":"publish","type":"product","link":"http:\/\/www.outlet-electro.cz\/index.php\/produkt\/zavesna-cedule-open-close-barevna\/","title":{"rendered":"Z\u00e1v\u011bsn\u00e1 cedule Open\/Close barevn\u00e1"},"content":{"rendered":"<p><span>Dejte sbohem zmaten\u00fdm z\u00e1kazn\u00edk\u016fm a p\u0159iv\u00edtejte z\u00e1v\u011bsnou ceduli Open\/Close \u2013 stylov\u00e9ho inform\u00e1tora s 3D ti\u0161t\u011bnou eleganc\u00ed!  \u2728<\/span><\/p>\n<p><span>Tahle barevn\u00e1 kr\u00e1ska vyroben\u00e1 z b\u00edl\u00e9ho, zelen\u00e9ho a \u010derven\u00e9ho PetG d\u00edky 3D tisku <\/span><span>a s rozm\u011bry 20 \u00d7 8,5 \u00d7 11 cm je tak akor\u00e1t velk\u00e1, aby si j\u00ed v\u0161iml ka\u017ed\u00fd p\u0159\u00edchoz\u00ed.<\/span><\/p>\n<p><span>S jasn\u00fdm designem a z\u00e1\u0159iv\u00fdmi barvami \u0159ekne v\u0161e za v\u00e1s: <strong>Otev\u0159eno? V\u00edtejte! Zav\u0159eno? U\u017eijte si den a vra\u0165te se pozd\u011bji.<\/strong> Perfektn\u00ed pro ka\u017edou provozovnu, kter\u00e1 chce komunikovat s trochou \u0161mrncu.<\/span><\/p>\n<p><span>A\u0165 u\u017e je va\u0161e provozovna mal\u00fd rodinn\u00fd kr\u00e1mek nebo stylov\u00e1 kav\u00e1rna, tahle cedule s lehkost\u00ed p\u0159edejde ot\u00e1zk\u00e1m typu: &#8222;M\u00e1te zav\u0159eno, nebo jen zkou\u0161\u00edte z\u00e1mek?&#8220; Sta\u010d\u00ed zav\u011bsit a nechat mluvit za v\u00e1s.<\/span><\/p>\n<p><span>Tato cedule nejen informuje, ale z\u00e1rove\u0148 dod\u00e1v\u00e1 va\u0161emu vchodu n\u00e1dech modern\u00edho um\u011bn\u00ed \u2013 funk\u010dn\u00ed i kr\u00e1sn\u00e1. S 3D tiskem je to drobn\u00e9 mistrovsk\u00e9 d\u00edlo, kter\u00e9 m\u00e1 jasno ve sv\u00e9 misi!  \ufe0f\u2728<\/span><\/p>\n<p>&nbsp;P\u0159i odb\u011bru v\u011bt\u0161\u00edho mno\u017estv\u00ed n\u00e1m cinkn\u011bte a domluv\u00edme se.&nbsp;<\/p>\n<p>&nbsp;<\/p>\n","protected":false},"excerpt":{"rendered":"<p>Dejte sbohem zmaten\u00fdm z\u00e1kazn\u00edk\u016fm a p\u0159iv\u00edtejte z\u00e1v\u011bsnou ceduli Open\/Close \u2013 stylov\u00e9ho inform\u00e1tora s 3D ti\u0161t\u011bnou eleganc\u00ed! \u2728 Tahle barevn\u00e1 kr\u00e1ska vyroben\u00e1 z b\u00edl\u00e9ho, zelen\u00e9ho a \u010derven\u00e9ho PetG d\u00edky 3D tisku a s rozm\u011bry 20 \u00d7 8,5 \u00d7 11 cm je tak akor\u00e1t velk\u00e1, aby si j\u00ed v\u0161iml ka\u017ed\u00fd p\u0159\u00edchoz\u00ed. S jasn\u00fdm designem a z\u00e1\u0159iv\u00fdmi barvami&#8230;<\/p>\n","protected":false},"featured_media":27070,"comment_status":"closed","ping_status":"open","template":"","meta":{"_kadence_starter_templates_imported_post":false,"_kad_post_transparent":"","_kad_post_title":"","_kad_post_layout":"","_kad_post_sidebar_id":"","_kad_post_content_style":"","_kad_post_vertical_padding":"","_kad_post_feature":"","_kad_post_feature_position":"","_kad_post_header":false,"_kad_post_footer":false,"_kad_post_classname":""},"product_brand":[],"product_cat":[2433],"product_tag":[],"class_list":{"0":"post-27069","1":"product","2":"type-product","3":"status-publish","4":"has-post-thumbnail","6":"product_cat-3d-designove-zazraky","8":"first","9":"instock","10":"taxable","11":"shipping-taxable","12":"purchasable","13":"product-type-simple","14":"entry","15":"content-bg","16":"loop-entry"},"_links":{"self":[{"href":"http:\/\/www.outlet-electro.cz\/index.php\/wp-json\/wp\/v2\/product\/27069","targetHints":{"allow":["GET"]}}],"collection":[{"href":"http:\/\/www.outlet-electro.cz\/index.php\/wp-json\/wp\/v2\/product"}],"about":[{"href":"http:\/\/www.outlet-electro.cz\/index.php\/wp-json\/wp\/v2\/types\/product"}],"replies":[{"embeddable":true,"href":"http:\/\/www.outlet-electro.cz\/index.php\/wp-json\/wp\/v2\/comments?post=27069"}],"wp:featuredmedia":[{"embeddable":true,"href":"http:\/\/www.outlet-electro.cz\/index.php\/wp-json\/wp\/v2\/media\/27070"}],"wp:attachment":[{"href":"http:\/\/www.outlet-electro.cz\/index.php\/wp-json\/wp\/v2\/media?parent=27069"}],"wp:term":[{"taxonomy":"product_brand","embeddable":true,"href":"http:\/\/www.outlet-electro.cz\/index.php\/wp-json\/wp\/v2\/product_brand?post=27069"},{"taxonomy":"product_cat","embeddable":true,"href":"http:\/\/www.outlet-electro.cz\/index.php\/wp-json\/wp\/v2\/product_cat?post=27069"},{"taxonomy":"product_tag","embeddable":true,"href":"http:\/\/www.outlet-electro.cz\/index.php\/wp-json\/wp\/v2\/product_tag?post=27069"}],"curies":[{"name":"wp","href":"https:\/\/api.w.org\/{rel}","templated":true}]}}