{"id":27055,"date":"2026-01-26T11:24:36","date_gmt":"2026-01-26T10:24:36","guid":{"rendered":"https:\/\/www.outlet-electro.cz\/index.php\/produkt\/perforovany-velikonocni-zajic-cerny\/"},"modified":"2026-01-26T11:24:38","modified_gmt":"2026-01-26T10:24:38","slug":"perforovany-velikonocni-zajic-cerny","status":"publish","type":"product","link":"http:\/\/www.outlet-electro.cz\/index.php\/produkt\/perforovany-velikonocni-zajic-cerny\/","title":{"rendered":"Perforovan\u00fd velikono\u010dn\u00ed zaj\u00edc \u010dern\u00fd"},"content":{"rendered":"<p><span>P\u0159ipravte se na velikono\u010dn\u00ed z\u00e1zraky s na\u0161\u00edm perforovan\u00fdm \u010dern\u00fdm zaj\u00edcem vyroben\u00fdm pomoc\u00ed 3D tisku!  \u2728<\/span><\/p>\n<p><span>Tento \u010dern\u00fd fe\u0161\u00e1k o rozm\u011brech 10&#215;20 cm p\u0159in\u00e1\u0161\u00ed do va\u0161ich velikono\u010dn\u00edch oslav \u0161petku elegance a modern\u00edho designu. Vyroben\u00fd z PetG materi\u00e1lu, je pevn\u00fd a odoln\u00fd, zat\u00edmco jeho perforovan\u00fd vzhled dod\u00e1v\u00e1 zaj\u00edmav\u00fd estetick\u00fd prvek. Tento zaj\u00edc nen\u00ed jen dekorace \u2013 je to skute\u010dn\u00e9 um\u011bleck\u00e9 d\u00edlo!<\/span><\/p>\n<p><span>A\u0165 u\u017e ho postav\u00edte na st\u016fl, poli\u010dku nebo do okna, tento zaj\u00edc bude st\u0159edem pozornosti a p\u0159it\u00e1hne obdivn\u00e9 pohledy. P\u0159ineste do sv\u00e9ho domova trochu jarn\u00ed radosti a p\u0159idejte k tomu \u0161mrnc s t\u00edmto unik\u00e1tn\u00edm velikono\u010dn\u00edm zaj\u00edcem z 3D tisku!  \u2728<\/span><\/p>\n<p>&nbsp;P\u0159i odb\u011bru v\u011bt\u0161\u00edho mno\u017estv\u00ed n\u00e1m cinkn\u011bte a domluv\u00edme se.&nbsp;<\/p>\n<p>&nbsp;<\/p>\n","protected":false},"excerpt":{"rendered":"<p>P\u0159ipravte se na velikono\u010dn\u00ed z\u00e1zraky s na\u0161\u00edm perforovan\u00fdm \u010dern\u00fdm zaj\u00edcem vyroben\u00fdm pomoc\u00ed 3D tisku! \u2728 Tento \u010dern\u00fd fe\u0161\u00e1k o rozm\u011brech 10&#215;20 cm p\u0159in\u00e1\u0161\u00ed do va\u0161ich velikono\u010dn\u00edch oslav \u0161petku elegance a modern\u00edho designu. Vyroben\u00fd z PetG materi\u00e1lu, je pevn\u00fd a odoln\u00fd, zat\u00edmco jeho perforovan\u00fd vzhled dod\u00e1v\u00e1 zaj\u00edmav\u00fd estetick\u00fd prvek. Tento zaj\u00edc nen\u00ed jen dekorace \u2013 je&#8230;<\/p>\n","protected":false},"featured_media":27056,"comment_status":"closed","ping_status":"open","template":"","meta":{"_kadence_starter_templates_imported_post":false,"_kad_post_transparent":"","_kad_post_title":"","_kad_post_layout":"","_kad_post_sidebar_id":"","_kad_post_content_style":"","_kad_post_vertical_padding":"","_kad_post_feature":"","_kad_post_feature_position":"","_kad_post_header":false,"_kad_post_footer":false,"_kad_post_classname":""},"product_brand":[],"product_cat":[2433],"product_tag":[],"class_list":{"0":"post-27055","1":"product","2":"type-product","3":"status-publish","4":"has-post-thumbnail","6":"product_cat-3d-designove-zazraky","8":"first","9":"instock","10":"taxable","11":"shipping-taxable","12":"purchasable","13":"product-type-simple","14":"entry","15":"content-bg","16":"loop-entry"},"_links":{"self":[{"href":"http:\/\/www.outlet-electro.cz\/index.php\/wp-json\/wp\/v2\/product\/27055","targetHints":{"allow":["GET"]}}],"collection":[{"href":"http:\/\/www.outlet-electro.cz\/index.php\/wp-json\/wp\/v2\/product"}],"about":[{"href":"http:\/\/www.outlet-electro.cz\/index.php\/wp-json\/wp\/v2\/types\/product"}],"replies":[{"embeddable":true,"href":"http:\/\/www.outlet-electro.cz\/index.php\/wp-json\/wp\/v2\/comments?post=27055"}],"wp:featuredmedia":[{"embeddable":true,"href":"http:\/\/www.outlet-electro.cz\/index.php\/wp-json\/wp\/v2\/media\/27056"}],"wp:attachment":[{"href":"http:\/\/www.outlet-electro.cz\/index.php\/wp-json\/wp\/v2\/media?parent=27055"}],"wp:term":[{"taxonomy":"product_brand","embeddable":true,"href":"http:\/\/www.outlet-electro.cz\/index.php\/wp-json\/wp\/v2\/product_brand?post=27055"},{"taxonomy":"product_cat","embeddable":true,"href":"http:\/\/www.outlet-electro.cz\/index.php\/wp-json\/wp\/v2\/product_cat?post=27055"},{"taxonomy":"product_tag","embeddable":true,"href":"http:\/\/www.outlet-electro.cz\/index.php\/wp-json\/wp\/v2\/product_tag?post=27055"}],"curies":[{"name":"wp","href":"https:\/\/api.w.org\/{rel}","templated":true}]}}