{"id":27043,"date":"2026-01-26T11:24:36","date_gmt":"2026-01-26T10:24:36","guid":{"rendered":"https:\/\/www.outlet-electro.cz\/index.php\/produkt\/stojanek-na-tuzky-zebrovany-bily\/"},"modified":"2026-01-26T11:24:37","modified_gmt":"2026-01-26T10:24:37","slug":"stojanek-na-tuzky-zebrovany-bily","status":"publish","type":"product","link":"http:\/\/www.outlet-electro.cz\/index.php\/produkt\/stojanek-na-tuzky-zebrovany-bily\/","title":{"rendered":"Stoj\u00e1nek na tu\u017eky \u017eebrovan\u00fd b\u00edl\u00fd"},"content":{"rendered":"<p><span>Hled\u00e1te zp\u016fsob, jak stylov\u011b uspo\u0159\u00e1dat sv\u00e9 tu\u017eky? P\u0159edstavujeme v\u00e1m \u017eebrovan\u00fd stoj\u00e1nek na tu\u017eky vyroben\u00fd pomoc\u00ed 3D tisku \u2013 v\u00e1\u0161 nov\u00fd b\u00edl\u00fd z\u00e1zrak na pracovn\u00edm stole! \u270f\ufe0f\u2728<\/span><\/p>\n<p><span>Tento b\u00edl\u00fd krasavec o rozm\u011brech 8x8x10 cm je jako modern\u00ed str\u00e1\u017ece va\u0161ich psac\u00edch pot\u0159eb. Vyroben\u00fd z PetG materi\u00e1lu, je odoln\u00fd a z\u00e1rove\u0148 elegantn\u00ed, tak\u017ee se perfektn\u011b hod\u00ed do ka\u017ed\u00e9ho interi\u00e9ru. Jeho \u017eebrovan\u00fd design nejen\u017ee vypad\u00e1 skv\u011ble, ale tak\u00e9 p\u0159id\u00e1v\u00e1 na stabilit\u011b, tak\u017ee se nemus\u00edte b\u00e1t, \u017ee by se va\u0161e tu\u017eky rozutekly.<\/span><\/p>\n<p><span>\u017d\u00e1dn\u00e9 hled\u00e1n\u00ed ztracen\u00fdch propisek nebo pastelkov\u00fdch bitev \u2013 tento stoj\u00e1nek udr\u017e\u00ed v\u0161echno hezky pohromad\u011b. U\u017e \u017e\u00e1dn\u00e9 chaotick\u00e9 stoly, jen organizovan\u00fd a stylov\u00fd prostor, kde ka\u017ed\u00e1 tu\u017eka najde sv\u00e9 m\u00edsto.<\/span><\/p>\n<p><span>A\u0165 u\u017e jste kreativn\u00ed g\u00e9nius, \u00fahledn\u00fd organiz\u00e1tor nebo n\u011bkdo mezi t\u00edm, tento \u017eebrovan\u00fd stoj\u00e1nek na tu\u017eky je p\u0159esn\u011b to, co pot\u0159ebujete. Uka\u017ete sv\u00fdm tu\u017ek\u00e1m, \u017ee si zaslou\u017e\u00ed \u017e\u00edt v luxusu!  \ufe0f\u2728<\/span><\/p>\n<p>&nbsp;<\/p>\n<p>&nbsp;<\/p>\n","protected":false},"excerpt":{"rendered":"<p>Hled\u00e1te zp\u016fsob, jak stylov\u011b uspo\u0159\u00e1dat sv\u00e9 tu\u017eky? P\u0159edstavujeme v\u00e1m \u017eebrovan\u00fd stoj\u00e1nek na tu\u017eky vyroben\u00fd pomoc\u00ed 3D tisku \u2013 v\u00e1\u0161 nov\u00fd b\u00edl\u00fd z\u00e1zrak na pracovn\u00edm stole! \u270f\ufe0f\u2728 Tento b\u00edl\u00fd krasavec o rozm\u011brech 8x8x10 cm je jako modern\u00ed str\u00e1\u017ece va\u0161ich psac\u00edch pot\u0159eb. Vyroben\u00fd z PetG materi\u00e1lu, je odoln\u00fd a z\u00e1rove\u0148 elegantn\u00ed, tak\u017ee se perfektn\u011b hod\u00ed do ka\u017ed\u00e9ho&#8230;<\/p>\n","protected":false},"featured_media":27044,"comment_status":"closed","ping_status":"open","template":"","meta":{"_kadence_starter_templates_imported_post":false,"_kad_post_transparent":"","_kad_post_title":"","_kad_post_layout":"","_kad_post_sidebar_id":"","_kad_post_content_style":"","_kad_post_vertical_padding":"","_kad_post_feature":"","_kad_post_feature_position":"","_kad_post_header":false,"_kad_post_footer":false,"_kad_post_classname":""},"product_brand":[],"product_cat":[2433],"product_tag":[],"class_list":{"0":"post-27043","1":"product","2":"type-product","3":"status-publish","4":"has-post-thumbnail","6":"product_cat-3d-designove-zazraky","8":"first","9":"instock","10":"taxable","11":"shipping-taxable","12":"purchasable","13":"product-type-simple","14":"entry","15":"content-bg","16":"loop-entry"},"_links":{"self":[{"href":"http:\/\/www.outlet-electro.cz\/index.php\/wp-json\/wp\/v2\/product\/27043","targetHints":{"allow":["GET"]}}],"collection":[{"href":"http:\/\/www.outlet-electro.cz\/index.php\/wp-json\/wp\/v2\/product"}],"about":[{"href":"http:\/\/www.outlet-electro.cz\/index.php\/wp-json\/wp\/v2\/types\/product"}],"replies":[{"embeddable":true,"href":"http:\/\/www.outlet-electro.cz\/index.php\/wp-json\/wp\/v2\/comments?post=27043"}],"wp:featuredmedia":[{"embeddable":true,"href":"http:\/\/www.outlet-electro.cz\/index.php\/wp-json\/wp\/v2\/media\/27044"}],"wp:attachment":[{"href":"http:\/\/www.outlet-electro.cz\/index.php\/wp-json\/wp\/v2\/media?parent=27043"}],"wp:term":[{"taxonomy":"product_brand","embeddable":true,"href":"http:\/\/www.outlet-electro.cz\/index.php\/wp-json\/wp\/v2\/product_brand?post=27043"},{"taxonomy":"product_cat","embeddable":true,"href":"http:\/\/www.outlet-electro.cz\/index.php\/wp-json\/wp\/v2\/product_cat?post=27043"},{"taxonomy":"product_tag","embeddable":true,"href":"http:\/\/www.outlet-electro.cz\/index.php\/wp-json\/wp\/v2\/product_tag?post=27043"}],"curies":[{"name":"wp","href":"https:\/\/api.w.org\/{rel}","templated":true}]}}