{"id":27041,"date":"2026-01-26T11:24:36","date_gmt":"2026-01-26T10:24:36","guid":{"rendered":"https:\/\/www.outlet-electro.cz\/index.php\/produkt\/velikonocni-kos-s-led-vajicky-cerny\/"},"modified":"2026-01-26T11:24:37","modified_gmt":"2026-01-26T10:24:37","slug":"velikonocni-kos-s-led-vajicky-cerny","status":"publish","type":"product","link":"http:\/\/www.outlet-electro.cz\/index.php\/produkt\/velikonocni-kos-s-led-vajicky-cerny\/","title":{"rendered":"Velikono\u010dn\u00ed ko\u0161 s led vaj\u00ed\u010dky \u010dern\u00fd"},"content":{"rendered":"<p><span>P\u0159ipravte se na revoluci ve velikono\u010dn\u00ed v\u00fdzdob\u011b s na\u0161\u00edm Velikono\u010dn\u00edm ko\u0161em s led vaj\u00ed\u010dky vyroben\u00fdm pomoc\u00ed 3D tisku!  \u2728<\/span><\/p>\n<p><span>Tento \u010dern\u00fd ko\u0161\u00edk o v\u00fd\u0161ce 15 cm a pr\u016fm\u011bru 13 cm je jako tajemn\u00fd str\u00e1\u017ece va\u0161ich velikono\u010dn\u00edch poklad\u016f. Vyroben\u00fd z PetG materi\u00e1lu, je nejen elegantn\u00ed a modern\u00ed, ale tak\u00e9 pevn\u00fd a odoln\u00fd. A te\u010f k tomu nejlep\u0161\u00edmu: uvnit\u0159 najdete led vaj\u00ed\u010dka, kter\u00e1 p\u0159in\u00e1\u0161ej\u00ed sv\u011b\u017e\u00ed n\u00e1dech technologie do va\u0161ich tradi\u010dn\u00edch oslav!<\/span><\/p>\n<p><span>U\u017e \u017e\u00e1dn\u00e1 nuda s oby\u010dejn\u00fdmi vaj\u00ed\u010dky \u2013 tento ko\u0161\u00edk pln\u00fd led z\u00e1zrak\u016f v\u00e1m osv\u011btl\u00ed ka\u017edou velikono\u010dn\u00ed tabuli a okouzl\u00ed va\u0161e hosty. Sta\u010d\u00ed zapnout a sledovat, jak se velikono\u010dn\u00ed z\u00e1zrak rozsv\u00edt\u00ed a rozz\u00e1\u0159\u00ed v\u00e1\u0161 domov.<\/span><\/p>\n<p><span>S t\u00edmto ko\u0161\u00edkem budete kr\u00e1l nebo kr\u00e1lovna velikono\u010dn\u00edch oslav a va\u0161e v\u00fdzdoba se stane legendou mezi p\u0159\u00e1teli a rodinou. P\u0159idejte trochu inovace do sv\u00e9 velikono\u010dn\u00ed v\u00fdzdoby s t\u00edmto 3D ti\u0161t\u011bn\u00fdm \u010dern\u00fdm krasavcem!  <\/span><\/p>\n<p><span>P\u0159i odb\u011bru v\u011bt\u0161\u00edho mno\u017estv\u00ed n\u00e1m cinkn\u011bte a domluv\u00edme se.&nbsp;<\/span><\/p>\n<p>&nbsp;<\/p>\n","protected":false},"excerpt":{"rendered":"<p>P\u0159ipravte se na revoluci ve velikono\u010dn\u00ed v\u00fdzdob\u011b s na\u0161\u00edm Velikono\u010dn\u00edm ko\u0161em s led vaj\u00ed\u010dky vyroben\u00fdm pomoc\u00ed 3D tisku! \u2728 Tento \u010dern\u00fd ko\u0161\u00edk o v\u00fd\u0161ce 15 cm a pr\u016fm\u011bru 13 cm je jako tajemn\u00fd str\u00e1\u017ece va\u0161ich velikono\u010dn\u00edch poklad\u016f. Vyroben\u00fd z PetG materi\u00e1lu, je nejen elegantn\u00ed a modern\u00ed, ale tak\u00e9 pevn\u00fd a odoln\u00fd. A te\u010f k tomu&#8230;<\/p>\n","protected":false},"featured_media":27042,"comment_status":"closed","ping_status":"open","template":"","meta":{"_kadence_starter_templates_imported_post":false,"_kad_post_transparent":"","_kad_post_title":"","_kad_post_layout":"","_kad_post_sidebar_id":"","_kad_post_content_style":"","_kad_post_vertical_padding":"","_kad_post_feature":"","_kad_post_feature_position":"","_kad_post_header":false,"_kad_post_footer":false,"_kad_post_classname":""},"product_brand":[],"product_cat":[2433],"product_tag":[],"class_list":{"0":"post-27041","1":"product","2":"type-product","3":"status-publish","4":"has-post-thumbnail","6":"product_cat-3d-designove-zazraky","8":"first","9":"instock","10":"taxable","11":"shipping-taxable","12":"purchasable","13":"product-type-simple","14":"entry","15":"content-bg","16":"loop-entry"},"_links":{"self":[{"href":"http:\/\/www.outlet-electro.cz\/index.php\/wp-json\/wp\/v2\/product\/27041","targetHints":{"allow":["GET"]}}],"collection":[{"href":"http:\/\/www.outlet-electro.cz\/index.php\/wp-json\/wp\/v2\/product"}],"about":[{"href":"http:\/\/www.outlet-electro.cz\/index.php\/wp-json\/wp\/v2\/types\/product"}],"replies":[{"embeddable":true,"href":"http:\/\/www.outlet-electro.cz\/index.php\/wp-json\/wp\/v2\/comments?post=27041"}],"wp:featuredmedia":[{"embeddable":true,"href":"http:\/\/www.outlet-electro.cz\/index.php\/wp-json\/wp\/v2\/media\/27042"}],"wp:attachment":[{"href":"http:\/\/www.outlet-electro.cz\/index.php\/wp-json\/wp\/v2\/media?parent=27041"}],"wp:term":[{"taxonomy":"product_brand","embeddable":true,"href":"http:\/\/www.outlet-electro.cz\/index.php\/wp-json\/wp\/v2\/product_brand?post=27041"},{"taxonomy":"product_cat","embeddable":true,"href":"http:\/\/www.outlet-electro.cz\/index.php\/wp-json\/wp\/v2\/product_cat?post=27041"},{"taxonomy":"product_tag","embeddable":true,"href":"http:\/\/www.outlet-electro.cz\/index.php\/wp-json\/wp\/v2\/product_tag?post=27041"}],"curies":[{"name":"wp","href":"https:\/\/api.w.org\/{rel}","templated":true}]}}