{"id":27039,"date":"2026-01-26T11:24:36","date_gmt":"2026-01-26T10:24:36","guid":{"rendered":"https:\/\/www.outlet-electro.cz\/index.php\/produkt\/velikonocni-vajicko-s-prekvapenim-sede\/"},"modified":"2026-01-26T11:24:37","modified_gmt":"2026-01-26T10:24:37","slug":"velikonocni-vajicko-s-prekvapenim-sede","status":"publish","type":"product","link":"http:\/\/www.outlet-electro.cz\/index.php\/produkt\/velikonocni-vajicko-s-prekvapenim-sede\/","title":{"rendered":"Velikono\u010dn\u00ed vaj\u00ed\u010dko s p\u0159ekvapen\u00edm \u0161ed\u00e9"},"content":{"rendered":"<p><span>P\u0159edstavujeme velikono\u010dn\u00ed vaj\u00ed\u010dko s p\u0159ekvapen\u00edm vytvo\u0159en\u00e9 pomoc\u00ed 3D tisku \u2013 tajemn\u00fd \u0161ed\u00fd kouzeln\u00edk, kter\u00fd p\u0159in\u00e1\u0161\u00ed radost a \u00fasm\u011bvy!  \u2728<\/span><\/p>\n<p><span>Toto velikono\u010dn\u00ed vaj\u00ed\u010dko o rozm\u011brech 12,5 cm x 10 cm je nejen elegantn\u00ed a stylov\u00e9 d\u00edky \u0161ed\u00e9mu PetG materi\u00e1lu, ale uvnit\u0159 skr\u00fdv\u00e1 ne\u010dekan\u00e9 p\u0159ekvapen\u00ed. P\u0159ipravte se na velikono\u010dn\u00ed dobrodru\u017estv\u00ed, kter\u00e9 v\u00e1s nadchne!<\/span><\/p>\n<p><span>Vaj\u00ed\u010dko je dokonale vyti\u0161t\u011bn\u00e9 pomoc\u00ed modern\u00ed technologie 3D tisku a je p\u0159ipraveno p\u0159in\u00e9st radost mal\u00fdm i velk\u00fdm hleda\u010d\u016fm p\u0159ekvapen\u00ed. Otev\u0159ete ho a objev\u00edte tajemstv\u00ed, kter\u00e9 v\u00e1s rozesm\u011bje a vykouzl\u00ed \u00fasm\u011bv na tv\u00e1\u0159i.<\/span><\/p>\n<p><span>Kdo \u0159\u00edk\u00e1, \u017ee velikono\u010dn\u00ed vaj\u00ed\u010dka mus\u00ed b\u00fdt jen barevn\u00e1? Tento \u0161ed\u00fd krasavec je p\u0159ipraven p\u0159in\u00e9st styl a z\u00e1bavu do va\u0161ich velikono\u010dn\u00edch oslav. U\u017eijte si chv\u00edle pln\u00e9 p\u0159ekvapen\u00ed a radosti s na\u0161\u00edm velikono\u010dn\u00edm vaj\u00ed\u010dkem z 3D tisku!  <\/span><\/p>\n<p><span>P\u0159i odb\u011bru v\u011bt\u0161\u00edho mno\u017estv\u00ed n\u00e1m cinkn\u011bte a domluv\u00edme se.&nbsp;<\/span><\/p>\n<p>&nbsp;<\/p>\n<p>&nbsp;<\/p>\n","protected":false},"excerpt":{"rendered":"<p>P\u0159edstavujeme velikono\u010dn\u00ed vaj\u00ed\u010dko s p\u0159ekvapen\u00edm vytvo\u0159en\u00e9 pomoc\u00ed 3D tisku \u2013 tajemn\u00fd \u0161ed\u00fd kouzeln\u00edk, kter\u00fd p\u0159in\u00e1\u0161\u00ed radost a \u00fasm\u011bvy! \u2728 Toto velikono\u010dn\u00ed vaj\u00ed\u010dko o rozm\u011brech 12,5 cm x 10 cm je nejen elegantn\u00ed a stylov\u00e9 d\u00edky \u0161ed\u00e9mu PetG materi\u00e1lu, ale uvnit\u0159 skr\u00fdv\u00e1 ne\u010dekan\u00e9 p\u0159ekvapen\u00ed. P\u0159ipravte se na velikono\u010dn\u00ed dobrodru\u017estv\u00ed, kter\u00e9 v\u00e1s nadchne! Vaj\u00ed\u010dko je dokonale vyti\u0161t\u011bn\u00e9&#8230;<\/p>\n","protected":false},"featured_media":27040,"comment_status":"closed","ping_status":"open","template":"","meta":{"_kadence_starter_templates_imported_post":false,"_kad_post_transparent":"","_kad_post_title":"","_kad_post_layout":"","_kad_post_sidebar_id":"","_kad_post_content_style":"","_kad_post_vertical_padding":"","_kad_post_feature":"","_kad_post_feature_position":"","_kad_post_header":false,"_kad_post_footer":false,"_kad_post_classname":""},"product_brand":[],"product_cat":[2433],"product_tag":[],"class_list":{"0":"post-27039","1":"product","2":"type-product","3":"status-publish","4":"has-post-thumbnail","6":"product_cat-3d-designove-zazraky","8":"first","9":"instock","10":"taxable","11":"shipping-taxable","12":"purchasable","13":"product-type-simple","14":"entry","15":"content-bg","16":"loop-entry"},"_links":{"self":[{"href":"http:\/\/www.outlet-electro.cz\/index.php\/wp-json\/wp\/v2\/product\/27039","targetHints":{"allow":["GET"]}}],"collection":[{"href":"http:\/\/www.outlet-electro.cz\/index.php\/wp-json\/wp\/v2\/product"}],"about":[{"href":"http:\/\/www.outlet-electro.cz\/index.php\/wp-json\/wp\/v2\/types\/product"}],"replies":[{"embeddable":true,"href":"http:\/\/www.outlet-electro.cz\/index.php\/wp-json\/wp\/v2\/comments?post=27039"}],"wp:featuredmedia":[{"embeddable":true,"href":"http:\/\/www.outlet-electro.cz\/index.php\/wp-json\/wp\/v2\/media\/27040"}],"wp:attachment":[{"href":"http:\/\/www.outlet-electro.cz\/index.php\/wp-json\/wp\/v2\/media?parent=27039"}],"wp:term":[{"taxonomy":"product_brand","embeddable":true,"href":"http:\/\/www.outlet-electro.cz\/index.php\/wp-json\/wp\/v2\/product_brand?post=27039"},{"taxonomy":"product_cat","embeddable":true,"href":"http:\/\/www.outlet-electro.cz\/index.php\/wp-json\/wp\/v2\/product_cat?post=27039"},{"taxonomy":"product_tag","embeddable":true,"href":"http:\/\/www.outlet-electro.cz\/index.php\/wp-json\/wp\/v2\/product_tag?post=27039"}],"curies":[{"name":"wp","href":"https:\/\/api.w.org\/{rel}","templated":true}]}}