{"id":27037,"date":"2026-01-26T11:24:36","date_gmt":"2026-01-26T10:24:36","guid":{"rendered":"https:\/\/www.outlet-electro.cz\/index.php\/produkt\/bezdotykovy-nerezovy-kos-lamart-lt-8044\/"},"modified":"2026-01-26T11:24:37","modified_gmt":"2026-01-26T10:24:37","slug":"bezdotykovy-nerezovy-kos-lamart-lt-8044","status":"publish","type":"product","link":"http:\/\/www.outlet-electro.cz\/index.php\/produkt\/bezdotykovy-nerezovy-kos-lamart-lt-8044\/","title":{"rendered":"Bezdotykov\u00fd nerezov\u00fd ko\u0161 Lamart LT 8044"},"content":{"rendered":"<p><span>Lamart LT8044 \u2013 bezdotykov\u00fd nerezov\u00fd ko\u0161, kter\u00fd v\u00e1m p\u0159inese nov\u00fd rozm\u011br vyhazov\u00e1n\u00ed odpadk\u016f!  <\/span><\/p>\n<p><span>Tento futuristick\u00fd krasavec o objemu 45 litr\u016f je jako tajn\u00fd agent ve va\u0161\u00ed kuchyni, kter\u00fd v\u017edy \u010dek\u00e1, aby polapil ka\u017edou ne\u010distotu. Sta\u010d\u00ed jen p\u0159ibl\u00ed\u017eit ruku, a d\u00edky senzorick\u00e9mu otev\u00edr\u00e1n\u00ed s vyu\u017eit\u00edm \u010didla pohybu se ko\u0161 otev\u0159e jako br\u00e1na do odpadkov\u00e9ho r\u00e1je \u2013 bez dotyku, bez bakteri\u00ed, bez starost\u00ed!<\/span><\/p>\n<p><span>Elegantn\u00ed design ko\u0161e v kombinaci nerezu a \u010dern\u00e9ho plastu dod\u00e1 va\u0161\u00ed kuchyni \u0161mrnc. S rozm\u011bry 34 x 25 x 66,5 cm se vejde kamkoli a jeho stabilita zaru\u010d\u00ed, \u017ee se nevych\u00fdl\u00ed ani p\u0159i nejv\u011bt\u0161\u00edm odpadkov\u00e9m n\u00e1poru.<\/span><\/p>\n<p><span>Hlavn\u00ed p\u0159ednosti:<\/span><\/p>\n<ul>\n<li>\n<p><span><strong>Bezdotykov\u00e1 obsluha<\/strong> \u2013 hygienick\u00e1 a z\u00e1bavn\u00e1 z\u00e1rove\u0148<\/span><\/p>\n<\/li>\n<li>\n<p><span><strong>Ergonomick\u00e9 a designov\u00e9 zpracov\u00e1n\u00ed<\/strong> \u2013 va\u0161e kuchy\u0148 nikdy nevypadala l\u00e9pe<\/span><\/p>\n<\/li>\n<li>\n<p><span><strong>Kvalitn\u00ed materi\u00e1ly<\/strong> \u2013 nerez a plast v dokonal\u00e9 harmonii<\/span><\/p>\n<\/li>\n<li>\n<p><span><strong>Syst\u00e9m fotoelektrick\u00e9 techniky<\/strong> \u2013 jako ze sci-fi filmu<\/span><\/p>\n<\/li>\n<li>\n<p><span><strong>Dlouh\u00e1 \u017eivotnost a n\u00edzk\u00e1 spot\u0159eba<\/strong> \u2013 \u0161et\u0159\u00ed va\u0161e pen\u011b\u017eenky a \u017eivotn\u00ed prost\u0159ed\u00ed<\/span><\/p>\n<\/li>\n<\/ul>\n<p><span>Pro\u010d m\u00edt oby\u010dejn\u00fd ko\u0161, kdy\u017e m\u016f\u017eete m\u00edt Lamart LT8044? Vyho\u010fte sv\u00e9 starosti i odpadky s \u00fasm\u011bvem!  \ufe0f\u2728<\/span><\/p>\n<p><span>Z\u00e1ruka 24 m\u011bs\u00edc\u016f.<\/span><\/p>\n","protected":false},"excerpt":{"rendered":"<p>Lamart LT8044 \u2013 bezdotykov\u00fd nerezov\u00fd ko\u0161, kter\u00fd v\u00e1m p\u0159inese nov\u00fd rozm\u011br vyhazov\u00e1n\u00ed odpadk\u016f! Tento futuristick\u00fd krasavec o objemu 45 litr\u016f je jako tajn\u00fd agent ve va\u0161\u00ed kuchyni, kter\u00fd v\u017edy \u010dek\u00e1, aby polapil ka\u017edou ne\u010distotu. Sta\u010d\u00ed jen p\u0159ibl\u00ed\u017eit ruku, a d\u00edky senzorick\u00e9mu otev\u00edr\u00e1n\u00ed s vyu\u017eit\u00edm \u010didla pohybu se ko\u0161 otev\u0159e jako br\u00e1na do odpadkov\u00e9ho r\u00e1je \u2013&#8230;<\/p>\n","protected":false},"featured_media":27038,"comment_status":"closed","ping_status":"open","template":"","meta":{"_kadence_starter_templates_imported_post":false,"_kad_post_transparent":"","_kad_post_title":"","_kad_post_layout":"","_kad_post_sidebar_id":"","_kad_post_content_style":"","_kad_post_vertical_padding":"","_kad_post_feature":"","_kad_post_feature_position":"","_kad_post_header":false,"_kad_post_footer":false,"_kad_post_classname":""},"product_brand":[],"product_cat":[379,408,409,2429,521],"product_tag":[],"class_list":{"0":"post-27037","1":"product","2":"type-product","3":"status-publish","4":"has-post-thumbnail","6":"product_cat-bydleni-a-doplnky","7":"product_cat-bytove-doplnky","8":"product_cat-doplnky-do-kuchyne","9":"product_cat-heureka-cz","10":"product_cat-odpadkove-kose","12":"first","13":"instock","14":"taxable","15":"shipping-taxable","16":"purchasable","17":"product-type-simple","18":"entry","19":"content-bg","20":"loop-entry"},"_links":{"self":[{"href":"http:\/\/www.outlet-electro.cz\/index.php\/wp-json\/wp\/v2\/product\/27037","targetHints":{"allow":["GET"]}}],"collection":[{"href":"http:\/\/www.outlet-electro.cz\/index.php\/wp-json\/wp\/v2\/product"}],"about":[{"href":"http:\/\/www.outlet-electro.cz\/index.php\/wp-json\/wp\/v2\/types\/product"}],"replies":[{"embeddable":true,"href":"http:\/\/www.outlet-electro.cz\/index.php\/wp-json\/wp\/v2\/comments?post=27037"}],"wp:featuredmedia":[{"embeddable":true,"href":"http:\/\/www.outlet-electro.cz\/index.php\/wp-json\/wp\/v2\/media\/27038"}],"wp:attachment":[{"href":"http:\/\/www.outlet-electro.cz\/index.php\/wp-json\/wp\/v2\/media?parent=27037"}],"wp:term":[{"taxonomy":"product_brand","embeddable":true,"href":"http:\/\/www.outlet-electro.cz\/index.php\/wp-json\/wp\/v2\/product_brand?post=27037"},{"taxonomy":"product_cat","embeddable":true,"href":"http:\/\/www.outlet-electro.cz\/index.php\/wp-json\/wp\/v2\/product_cat?post=27037"},{"taxonomy":"product_tag","embeddable":true,"href":"http:\/\/www.outlet-electro.cz\/index.php\/wp-json\/wp\/v2\/product_tag?post=27037"}],"curies":[{"name":"wp","href":"https:\/\/api.w.org\/{rel}","templated":true}]}}