{"id":27035,"date":"2026-01-26T11:24:36","date_gmt":"2026-01-26T10:24:36","guid":{"rendered":"https:\/\/www.outlet-electro.cz\/index.php\/produkt\/zavesna-dekorace-s-motivem-velikonoc-kralik-mandala-cerny\/"},"modified":"2026-01-26T11:24:37","modified_gmt":"2026-01-26T10:24:37","slug":"zavesna-dekorace-s-motivem-velikonoc-kralik-mandala-cerny","status":"publish","type":"product","link":"http:\/\/www.outlet-electro.cz\/index.php\/produkt\/zavesna-dekorace-s-motivem-velikonoc-kralik-mandala-cerny\/","title":{"rendered":"Z\u00e1v\u011bsn\u00e1 dekorace s motivem Velikonoc &#8211; kr\u00e1l\u00edk mandala \u010dern\u00fd"},"content":{"rendered":"<p><span>Chcete p\u0159iv\u00edtat Velikonoce s eleganc\u00ed a stylem? P\u0159edstavujeme v\u00e1m z\u00e1v\u011bsnou dekoraci s motivem Velikonoc, vyrobenou pomoc\u00ed 3D tisku!  <\/span><\/p>\n<p><span>Tento \u010dern\u00fd z\u00e1zrak m\u00e1 motiv mandaly s kr\u00e1l\u00ed\u010dkem a kv\u011btinami a p\u0159inese va\u0161emu domovu dotek jarn\u00ed radosti. S pr\u016fm\u011brem 20 cm je ide\u00e1ln\u00ed velikosti, aby zaujal pozornost a vykouzlil \u00fasm\u011bv na tv\u00e1\u0159i ka\u017ed\u00e9mu, kdo kolem n\u011bj projde.<\/span><\/p>\n<p><span>Vyroben\u00fd z PetG materi\u00e1lu, je odoln\u00fd a p\u0159itom lehk\u00fd, tak\u017ee ho m\u016f\u017eete pov\u011bsit kamkoli \u2013 do okna, na dve\u0159e nebo t\u0159eba na zahradu. Tento kr\u00e1l\u00ed\u010dek je p\u0159ipraven oslnit svou mandalovou kr\u00e1sou a p\u0159in\u00e9st v\u00e1m \u0161t\u011bst\u00ed b\u011bhem cel\u00e9ho velikono\u010dn\u00edho obdob\u00ed.<\/span><\/p>\n<p><span>Kdy\u017e m\u00e1te takovou dekoraci, je t\u011b\u017ek\u00e9 se neusm\u00edvat. P\u0159idejte trochu kouzla do sv\u00e9ho domova s touto 3D ti\u0161t\u011bnou z\u00e1v\u011bsnou dekorac\u00ed!  \u2728<\/span><\/p>\n<p><span>P\u0159i odb\u011bru v\u011bt\u0161\u00edho mno\u017estv\u00ed n\u00e1m cinkn\u011bte a domluv\u00edme se.&nbsp;<\/span><\/p>\n<p>&nbsp;<\/p>\n<p>&nbsp;<\/p>\n","protected":false},"excerpt":{"rendered":"<p>Chcete p\u0159iv\u00edtat Velikonoce s eleganc\u00ed a stylem? P\u0159edstavujeme v\u00e1m z\u00e1v\u011bsnou dekoraci s motivem Velikonoc, vyrobenou pomoc\u00ed 3D tisku! Tento \u010dern\u00fd z\u00e1zrak m\u00e1 motiv mandaly s kr\u00e1l\u00ed\u010dkem a kv\u011btinami a p\u0159inese va\u0161emu domovu dotek jarn\u00ed radosti. S pr\u016fm\u011brem 20 cm je ide\u00e1ln\u00ed velikosti, aby zaujal pozornost a vykouzlil \u00fasm\u011bv na tv\u00e1\u0159i ka\u017ed\u00e9mu, kdo kolem n\u011bj projde&#8230;.<\/p>\n","protected":false},"featured_media":27036,"comment_status":"closed","ping_status":"open","template":"","meta":{"_kadence_starter_templates_imported_post":false,"_kad_post_transparent":"","_kad_post_title":"","_kad_post_layout":"","_kad_post_sidebar_id":"","_kad_post_content_style":"","_kad_post_vertical_padding":"","_kad_post_feature":"","_kad_post_feature_position":"","_kad_post_header":false,"_kad_post_footer":false,"_kad_post_classname":""},"product_brand":[],"product_cat":[2433],"product_tag":[],"class_list":{"0":"post-27035","1":"product","2":"type-product","3":"status-publish","4":"has-post-thumbnail","6":"product_cat-3d-designove-zazraky","8":"first","9":"instock","10":"taxable","11":"shipping-taxable","12":"purchasable","13":"product-type-simple","14":"entry","15":"content-bg","16":"loop-entry"},"_links":{"self":[{"href":"http:\/\/www.outlet-electro.cz\/index.php\/wp-json\/wp\/v2\/product\/27035","targetHints":{"allow":["GET"]}}],"collection":[{"href":"http:\/\/www.outlet-electro.cz\/index.php\/wp-json\/wp\/v2\/product"}],"about":[{"href":"http:\/\/www.outlet-electro.cz\/index.php\/wp-json\/wp\/v2\/types\/product"}],"replies":[{"embeddable":true,"href":"http:\/\/www.outlet-electro.cz\/index.php\/wp-json\/wp\/v2\/comments?post=27035"}],"wp:featuredmedia":[{"embeddable":true,"href":"http:\/\/www.outlet-electro.cz\/index.php\/wp-json\/wp\/v2\/media\/27036"}],"wp:attachment":[{"href":"http:\/\/www.outlet-electro.cz\/index.php\/wp-json\/wp\/v2\/media?parent=27035"}],"wp:term":[{"taxonomy":"product_brand","embeddable":true,"href":"http:\/\/www.outlet-electro.cz\/index.php\/wp-json\/wp\/v2\/product_brand?post=27035"},{"taxonomy":"product_cat","embeddable":true,"href":"http:\/\/www.outlet-electro.cz\/index.php\/wp-json\/wp\/v2\/product_cat?post=27035"},{"taxonomy":"product_tag","embeddable":true,"href":"http:\/\/www.outlet-electro.cz\/index.php\/wp-json\/wp\/v2\/product_tag?post=27035"}],"curies":[{"name":"wp","href":"https:\/\/api.w.org\/{rel}","templated":true}]}}