{"id":27033,"date":"2026-01-26T11:24:36","date_gmt":"2026-01-26T10:24:36","guid":{"rendered":"https:\/\/www.outlet-electro.cz\/index.php\/produkt\/stojanek-na-vizitky-sedy\/"},"modified":"2026-01-26T11:24:37","modified_gmt":"2026-01-26T10:24:37","slug":"stojanek-na-vizitky-sedy","status":"publish","type":"product","link":"http:\/\/www.outlet-electro.cz\/index.php\/produkt\/stojanek-na-vizitky-sedy\/","title":{"rendered":"Stoj\u00e1nek na vizitky \u0161ed\u00fd"},"content":{"rendered":"<p><span>M\u00e1te vizitky, kter\u00e9 se toulaj\u00ed po stole jako zatoulan\u00ed kovbojov\u00e9 na Divok\u00e9m z\u00e1pad\u011b? P\u0159iv\u00edtejte sv\u016fj nov\u00fd \u0161ed\u00fd stoj\u00e1nek na vizitky vyroben\u00fd pomoc\u00ed 3D tisku!<\/span><\/p>\n<p><span>S rozm\u011bry 10x4x4,5 cm je tento eleg\u00e1n p\u0159esn\u011b to, co va\u0161e vizitky pot\u0159ebuj\u00ed, aby se c\u00edtily jako doma. Vhodn\u00fd pro vizitky o rozm\u011brech 9&#215;5 cm, tak\u017ee a\u0165 u\u017e jste CEO, freelancer, nebo vizitkov\u00fd nad\u0161enec, tento stoj\u00e1nek jim poskytne pevn\u00fd a stylov\u00fd domov.<\/span><\/p>\n<p><span>Vyroben z PLA \u0161ed\u00e9ho materi\u00e1lu, t\u00edm p\u00e1dem bude tento stoj\u00e1nek nejen praktick\u00fd, ale tak\u00e9 p\u0159id\u00e1 na sofistikovanosti va\u0161eho pracovn\u00edho stolu. U\u017e \u017e\u00e1dn\u00e9 hled\u00e1n\u00ed zatoulan\u00fdch vizitek pod hromadou pap\u00edr\u016f nebo mezi \u0161\u00e1lky od k\u00e1vy. Tento \u0161ed\u00fd hrdina je tady, aby va\u0161e vizitky dr\u017eel hezky pohromad\u011b a p\u0159ipraven\u00e9 na akci!<\/span><\/p>\n<p><span>Pro\u010d m\u00edt oby\u010dejn\u00fd stoj\u00e1nek, kdy\u017e m\u016f\u017eete m\u00edt ten nejlep\u0161\u00ed z 3D tisku? Uka\u017ete sv\u011btu, \u017ee i va\u0161e vizitky zaslou\u017e\u00ed stylov\u00fd domov!  <\/span><\/p>\n<p>P\u0159i odb\u011bru v\u011bt\u0161\u00edho mno\u017estv\u00ed n\u00e1m cinkn\u011bte a domluv\u00edme se.&nbsp;<\/p>\n<p>&nbsp;<\/p>\n<p>&nbsp;<\/p>\n","protected":false},"excerpt":{"rendered":"<p>M\u00e1te vizitky, kter\u00e9 se toulaj\u00ed po stole jako zatoulan\u00ed kovbojov\u00e9 na Divok\u00e9m z\u00e1pad\u011b? P\u0159iv\u00edtejte sv\u016fj nov\u00fd \u0161ed\u00fd stoj\u00e1nek na vizitky vyroben\u00fd pomoc\u00ed 3D tisku! S rozm\u011bry 10x4x4,5 cm je tento eleg\u00e1n p\u0159esn\u011b to, co va\u0161e vizitky pot\u0159ebuj\u00ed, aby se c\u00edtily jako doma. Vhodn\u00fd pro vizitky o rozm\u011brech 9&#215;5 cm, tak\u017ee a\u0165 u\u017e jste CEO, freelancer,&#8230;<\/p>\n","protected":false},"featured_media":27034,"comment_status":"closed","ping_status":"open","template":"","meta":{"_kadence_starter_templates_imported_post":false,"_kad_post_transparent":"","_kad_post_title":"","_kad_post_layout":"","_kad_post_sidebar_id":"","_kad_post_content_style":"","_kad_post_vertical_padding":"","_kad_post_feature":"","_kad_post_feature_position":"","_kad_post_header":false,"_kad_post_footer":false,"_kad_post_classname":""},"product_brand":[],"product_cat":[2433],"product_tag":[],"class_list":{"0":"post-27033","1":"product","2":"type-product","3":"status-publish","4":"has-post-thumbnail","6":"product_cat-3d-designove-zazraky","8":"first","9":"instock","10":"taxable","11":"shipping-taxable","12":"purchasable","13":"product-type-simple","14":"entry","15":"content-bg","16":"loop-entry"},"_links":{"self":[{"href":"http:\/\/www.outlet-electro.cz\/index.php\/wp-json\/wp\/v2\/product\/27033","targetHints":{"allow":["GET"]}}],"collection":[{"href":"http:\/\/www.outlet-electro.cz\/index.php\/wp-json\/wp\/v2\/product"}],"about":[{"href":"http:\/\/www.outlet-electro.cz\/index.php\/wp-json\/wp\/v2\/types\/product"}],"replies":[{"embeddable":true,"href":"http:\/\/www.outlet-electro.cz\/index.php\/wp-json\/wp\/v2\/comments?post=27033"}],"wp:featuredmedia":[{"embeddable":true,"href":"http:\/\/www.outlet-electro.cz\/index.php\/wp-json\/wp\/v2\/media\/27034"}],"wp:attachment":[{"href":"http:\/\/www.outlet-electro.cz\/index.php\/wp-json\/wp\/v2\/media?parent=27033"}],"wp:term":[{"taxonomy":"product_brand","embeddable":true,"href":"http:\/\/www.outlet-electro.cz\/index.php\/wp-json\/wp\/v2\/product_brand?post=27033"},{"taxonomy":"product_cat","embeddable":true,"href":"http:\/\/www.outlet-electro.cz\/index.php\/wp-json\/wp\/v2\/product_cat?post=27033"},{"taxonomy":"product_tag","embeddable":true,"href":"http:\/\/www.outlet-electro.cz\/index.php\/wp-json\/wp\/v2\/product_tag?post=27033"}],"curies":[{"name":"wp","href":"https:\/\/api.w.org\/{rel}","templated":true}]}}