{"id":27031,"date":"2026-01-26T11:24:36","date_gmt":"2026-01-26T10:24:36","guid":{"rendered":"https:\/\/www.outlet-electro.cz\/index.php\/produkt\/stojanek-na-tuzky-sedy\/"},"modified":"2026-01-26T11:24:37","modified_gmt":"2026-01-26T10:24:37","slug":"stojanek-na-tuzky-sedy","status":"publish","type":"product","link":"http:\/\/www.outlet-electro.cz\/index.php\/produkt\/stojanek-na-tuzky-sedy\/","title":{"rendered":"Stoj\u00e1nek na tu\u017eky \u0161ed\u00fd"},"content":{"rendered":"<p><span>Hled\u00e1te m\u00edsto, kam schovat sv\u00e9 pis\u00e1tka, propisky a tu\u017eky, kter\u00e9 st\u00e1le miz\u00ed? P\u0159edstavujeme stoj\u00e1nek na tu\u017eky vyroben\u00fd 3D tiskem \u2013 va\u0161e tajn\u00e1 zbra\u0148 proti nepo\u0159\u00e1dku na stole!  <\/span><\/p>\n<p><span>Tento \u0161ed\u00fd krasavec, zhotoven\u00fd z materi\u00e1lu PLA, je nejen stylov\u00fd, ale tak\u00e9 praktick\u00fd. S v\u00fd\u0161kou 10 cm a pr\u016fm\u011brem 9 cm je ide\u00e1ln\u00ed pro v\u0161echny va\u0161e psac\u00ed pot\u0159eby. Vypad\u00e1 jako opravdov\u00fd str\u00e1\u017ece po\u0159\u00e1dku, p\u0159ipraven\u00fd dr\u017eet va\u0161e tu\u017eky na jednom m\u00edst\u011b a zabr\u00e1nit jim v \u00fat\u011bku.<\/span><\/p>\n<p><span>U\u017e \u017e\u00e1dn\u00e9 hled\u00e1n\u00ed propisek pod hromadou pap\u00edr\u016f nebo zmatky, kde jste si nechali sv\u016fj obl\u00edben\u00fd zv\u00fdraz\u0148ova\u010d. Stoj\u00e1nek na tu\u017eky z 3D tisku je tady, aby v\u00e1m usnadnil \u017eivot a p\u0159idal trochu futuristick\u00e9ho \u0161armu na v\u00e1\u0161 pracovn\u00ed st\u016fl.<\/span><\/p>\n<p><span>M\u00e1te psac\u00ed pot\u0159eby? M\u011bjte je stylov\u011b zorganizovan\u00e9 se stoj\u00e1nkem na tu\u017eky vyroben\u00fdm pomoc\u00ed 3D tisku!  \ufe0f\u2728<\/span><\/p>\n<p>P\u0159i odb\u011bru v\u011bt\u0161\u00edho mno\u017estv\u00ed n\u00e1m cinkn\u011bte a domluv\u00edme se.&nbsp;<\/p>\n<p>&nbsp;<\/p>\n","protected":false},"excerpt":{"rendered":"<p>Hled\u00e1te m\u00edsto, kam schovat sv\u00e9 pis\u00e1tka, propisky a tu\u017eky, kter\u00e9 st\u00e1le miz\u00ed? P\u0159edstavujeme stoj\u00e1nek na tu\u017eky vyroben\u00fd 3D tiskem \u2013 va\u0161e tajn\u00e1 zbra\u0148 proti nepo\u0159\u00e1dku na stole! Tento \u0161ed\u00fd krasavec, zhotoven\u00fd z materi\u00e1lu PLA, je nejen stylov\u00fd, ale tak\u00e9 praktick\u00fd. S v\u00fd\u0161kou 10 cm a pr\u016fm\u011brem 9 cm je ide\u00e1ln\u00ed pro v\u0161echny va\u0161e psac\u00ed pot\u0159eby&#8230;.<\/p>\n","protected":false},"featured_media":27032,"comment_status":"closed","ping_status":"open","template":"","meta":{"_kadence_starter_templates_imported_post":false,"_kad_post_transparent":"","_kad_post_title":"","_kad_post_layout":"","_kad_post_sidebar_id":"","_kad_post_content_style":"","_kad_post_vertical_padding":"","_kad_post_feature":"","_kad_post_feature_position":"","_kad_post_header":false,"_kad_post_footer":false,"_kad_post_classname":""},"product_brand":[],"product_cat":[2433],"product_tag":[],"class_list":{"0":"post-27031","1":"product","2":"type-product","3":"status-publish","4":"has-post-thumbnail","6":"product_cat-3d-designove-zazraky","8":"first","9":"instock","10":"taxable","11":"shipping-taxable","12":"purchasable","13":"product-type-simple","14":"entry","15":"content-bg","16":"loop-entry"},"_links":{"self":[{"href":"http:\/\/www.outlet-electro.cz\/index.php\/wp-json\/wp\/v2\/product\/27031","targetHints":{"allow":["GET"]}}],"collection":[{"href":"http:\/\/www.outlet-electro.cz\/index.php\/wp-json\/wp\/v2\/product"}],"about":[{"href":"http:\/\/www.outlet-electro.cz\/index.php\/wp-json\/wp\/v2\/types\/product"}],"replies":[{"embeddable":true,"href":"http:\/\/www.outlet-electro.cz\/index.php\/wp-json\/wp\/v2\/comments?post=27031"}],"wp:featuredmedia":[{"embeddable":true,"href":"http:\/\/www.outlet-electro.cz\/index.php\/wp-json\/wp\/v2\/media\/27032"}],"wp:attachment":[{"href":"http:\/\/www.outlet-electro.cz\/index.php\/wp-json\/wp\/v2\/media?parent=27031"}],"wp:term":[{"taxonomy":"product_brand","embeddable":true,"href":"http:\/\/www.outlet-electro.cz\/index.php\/wp-json\/wp\/v2\/product_brand?post=27031"},{"taxonomy":"product_cat","embeddable":true,"href":"http:\/\/www.outlet-electro.cz\/index.php\/wp-json\/wp\/v2\/product_cat?post=27031"},{"taxonomy":"product_tag","embeddable":true,"href":"http:\/\/www.outlet-electro.cz\/index.php\/wp-json\/wp\/v2\/product_tag?post=27031"}],"curies":[{"name":"wp","href":"https:\/\/api.w.org\/{rel}","templated":true}]}}