{"id":27029,"date":"2026-01-26T11:24:36","date_gmt":"2026-01-26T10:24:36","guid":{"rendered":"https:\/\/www.outlet-electro.cz\/index.php\/produkt\/stojanek-na-vizitky-cerny\/"},"modified":"2026-01-26T11:24:37","modified_gmt":"2026-01-26T10:24:37","slug":"stojanek-na-vizitky-cerny","status":"publish","type":"product","link":"http:\/\/www.outlet-electro.cz\/index.php\/produkt\/stojanek-na-vizitky-cerny\/","title":{"rendered":"Stoj\u00e1nek na vizitky \u010dern\u00fd"},"content":{"rendered":"<p><span>Hled\u00e1te zp\u016fsob, jak ud\u011blat sv\u00e9 vizitky je\u0161t\u011b stylov\u011bj\u0161\u00ed? P\u0159edstavujeme v\u00e1m stoj\u00e1nek na vizitky vyroben\u00fd pomoc\u00ed 3D tisku!  <\/span><\/p>\n<p><span>Tento \u010dern\u00fd eleg\u00e1n, vytvo\u0159en\u00fd z materi\u00e1lu PetG, je perfektn\u00edm dopl\u0148kem pro va\u0161i pracovn\u00ed plochu. S rozm\u011bry 11&#215;8,5&#215;4,5 cm a p\u0159esn\u011b navr\u017een\u00fd pro vizitky o rozm\u011brech 9&#215;5 cm, je to va\u0161e vizitkov\u00e1 superstar v mini velikosti.<\/span><\/p>\n<p><span>Nejen \u017ee dr\u017e\u00ed va\u0161e vizitky, ale tak\u00e9 je vystavuje s gr\u00e1ci\u00ed a eleganc\u00ed. Ka\u017ed\u00e1 vizitka ve stoj\u00e1nku bude k\u0159i\u010det: &#8222;Pod\u00edvej se na m\u011b, jsem tady a p\u0159ipraven\u00e1 zaujmout!&#8220;<\/span><\/p>\n<p><span>Uka\u017ete sv\u011btu, \u017ee i stoj\u00e1nek na vizitky m\u016f\u017ee b\u00fdt cool. Proto\u017ee pro\u010d byste m\u011bli m\u00edt nudn\u00fd stoj\u00e1nek, kdy\u017e m\u016f\u017eete m\u00edt stoj\u00e1nek vyroben\u00fd modern\u00ed technologi\u00ed 3D tisku?  <\/span><\/p>\n<p>P\u0159i odb\u011bru v\u011bt\u0161\u00edho mno\u017estv\u00ed n\u00e1m cinkn\u011bte a domluv\u00edme se.&nbsp;<\/p>\n<p>&nbsp;<\/p>\n","protected":false},"excerpt":{"rendered":"<p>Hled\u00e1te zp\u016fsob, jak ud\u011blat sv\u00e9 vizitky je\u0161t\u011b stylov\u011bj\u0161\u00ed? P\u0159edstavujeme v\u00e1m stoj\u00e1nek na vizitky vyroben\u00fd pomoc\u00ed 3D tisku! Tento \u010dern\u00fd eleg\u00e1n, vytvo\u0159en\u00fd z materi\u00e1lu PetG, je perfektn\u00edm dopl\u0148kem pro va\u0161i pracovn\u00ed plochu. S rozm\u011bry 11&#215;8,5&#215;4,5 cm a p\u0159esn\u011b navr\u017een\u00fd pro vizitky o rozm\u011brech 9&#215;5 cm, je to va\u0161e vizitkov\u00e1 superstar v mini velikosti. Nejen \u017ee dr\u017e\u00ed&#8230;<\/p>\n","protected":false},"featured_media":27030,"comment_status":"closed","ping_status":"open","template":"","meta":{"_kadence_starter_templates_imported_post":false,"_kad_post_transparent":"","_kad_post_title":"","_kad_post_layout":"","_kad_post_sidebar_id":"","_kad_post_content_style":"","_kad_post_vertical_padding":"","_kad_post_feature":"","_kad_post_feature_position":"","_kad_post_header":false,"_kad_post_footer":false,"_kad_post_classname":""},"product_brand":[],"product_cat":[2433],"product_tag":[],"class_list":{"0":"post-27029","1":"product","2":"type-product","3":"status-publish","4":"has-post-thumbnail","6":"product_cat-3d-designove-zazraky","8":"first","9":"instock","10":"taxable","11":"shipping-taxable","12":"purchasable","13":"product-type-simple","14":"entry","15":"content-bg","16":"loop-entry"},"_links":{"self":[{"href":"http:\/\/www.outlet-electro.cz\/index.php\/wp-json\/wp\/v2\/product\/27029","targetHints":{"allow":["GET"]}}],"collection":[{"href":"http:\/\/www.outlet-electro.cz\/index.php\/wp-json\/wp\/v2\/product"}],"about":[{"href":"http:\/\/www.outlet-electro.cz\/index.php\/wp-json\/wp\/v2\/types\/product"}],"replies":[{"embeddable":true,"href":"http:\/\/www.outlet-electro.cz\/index.php\/wp-json\/wp\/v2\/comments?post=27029"}],"wp:featuredmedia":[{"embeddable":true,"href":"http:\/\/www.outlet-electro.cz\/index.php\/wp-json\/wp\/v2\/media\/27030"}],"wp:attachment":[{"href":"http:\/\/www.outlet-electro.cz\/index.php\/wp-json\/wp\/v2\/media?parent=27029"}],"wp:term":[{"taxonomy":"product_brand","embeddable":true,"href":"http:\/\/www.outlet-electro.cz\/index.php\/wp-json\/wp\/v2\/product_brand?post=27029"},{"taxonomy":"product_cat","embeddable":true,"href":"http:\/\/www.outlet-electro.cz\/index.php\/wp-json\/wp\/v2\/product_cat?post=27029"},{"taxonomy":"product_tag","embeddable":true,"href":"http:\/\/www.outlet-electro.cz\/index.php\/wp-json\/wp\/v2\/product_tag?post=27029"}],"curies":[{"name":"wp","href":"https:\/\/api.w.org\/{rel}","templated":true}]}}