{"id":27027,"date":"2026-01-26T11:24:36","date_gmt":"2026-01-26T10:24:36","guid":{"rendered":"https:\/\/www.outlet-electro.cz\/index.php\/produkt\/elektricka-sekacka-fieldmann-fzr-2037-e\/"},"modified":"2026-01-26T11:24:37","modified_gmt":"2026-01-26T10:24:37","slug":"elektricka-sekacka-fieldmann-fzr-2037-e","status":"publish","type":"product","link":"http:\/\/www.outlet-electro.cz\/index.php\/produkt\/elektricka-sekacka-fieldmann-fzr-2037-e\/","title":{"rendered":"Elektrick\u00e1 seka\u010dka Fieldmann FZR 2037-E"},"content":{"rendered":"<p><span>Chcete se st\u00e1t kr\u00e1lem sv\u00e9ho tr\u00e1vn\u00edku? Elektrick\u00e1 rota\u010dn\u00ed seka\u010dka FIELDMANN FZR 2037-E je tady, aby v\u00e1s dostala na tr\u016fn zahradnick\u00e9ho sv\u011bta! Tento zelen\u00fd ryt\u00ed\u0159 s \u0161\u00ed\u0159kou z\u00e1b\u011bru 38 cm a p\u011bti pozicemi nastaven\u00ed v\u00fd\u0161ky se\u010den\u00ed (od 30 do 75 mm) je p\u0159ipraven na v\u0161e od jemn\u00e9ho zast\u0159i\u017een\u00ed po opravdu drsn\u00e9 bitvy s hust\u00fdm tr\u00e1vn\u00edkem.<\/span><\/p>\n<p><span>S motorem o p\u0159\u00edkonu 1600 W a doporu\u010denou plochou se\u010den\u00ed do 800 m\u00b2 budete m\u00edt pod palcem ka\u017ed\u00e9 st\u00e9blo. A kdy\u017e do toho zapo\u010d\u00edt\u00e1me 42litrov\u00fd l\u00e1tkov\u00fd sb\u011brn\u00fd ko\u0161, kter\u00fd minimalizuje pra\u0161nost a \u0161et\u0159\u00ed va\u0161e z\u00e1da od neust\u00e1l\u00e9ho vyprazd\u0148ov\u00e1n\u00ed, tak se stane ze se\u010den\u00ed tr\u00e1vy z\u00e1bava.<\/span><\/p>\n<p><span>N\u00edzk\u00e1 v\u00e1ha 11,5 kg a m\u011bk\u010den\u00e1 rukoje\u0165 jsou z\u00e1rukou, \u017ee si se seka\u010dkou porad\u00ed ka\u017ed\u00fd \u010dlen rodiny \u2013 a\u0165 u\u017e to bude babi\u010dka, kter\u00e1 hled\u00e1 nov\u00fd kon\u00ed\u010dek, nebo va\u0161e mal\u00e9 d\u011bti, kter\u00e9 r\u00e1dy pom\u00e1haj\u00ed. Sta\u010d\u00ed nasadit \u00fasm\u011bv, uchopit sklopn\u00e9 madlo a hur\u00e1 do boje proti p\u0159erostl\u00e9mu tr\u00e1vn\u00edku!<\/span><\/p>\n<p><span>Kl\u00ed\u010dov\u00e9 vlastnosti:<\/span><\/p>\n<ul>\n<li>\n<p><span><strong>P\u0159\u00edkon 1600 W<\/strong> &#8211; v\u00fdkonn\u00fd motor pro ka\u017edou zahradn\u00ed v\u00fdzvu<\/span><\/p>\n<\/li>\n<li>\n<p><span><strong>\u0160\u00ed\u0159ka z\u00e1b\u011bru 38 cm<\/strong> &#8211; efektivn\u00ed a rychl\u00e9 se\u010den\u00ed<\/span><\/p>\n<\/li>\n<li>\n<p><span><strong>5 pozic nastaven\u00ed v\u00fd\u0161ky se\u010den\u00ed (30-75 mm)<\/strong> &#8211; p\u0159izp\u016fsoben\u00ed dle va\u0161ich pot\u0159eb<\/span><\/p>\n<\/li>\n<li>\n<p><span><strong>Sb\u011brn\u00fd ko\u0161 42 l<\/strong> &#8211; m\u00e9n\u011b \u010dasu na \u00faklid, v\u00edce \u010dasu na radost z upraven\u00e9ho tr\u00e1vn\u00edku<\/span><\/p>\n<\/li>\n<li>\n<p><span><strong>Doporu\u010den\u00e1 plocha se\u010den\u00ed: do 800 m\u00b2<\/strong> &#8211; ide\u00e1ln\u00ed pro st\u0159edn\u011b velk\u00e9 zahrady<\/span><\/p>\n<\/li>\n<li>\n<p><span><strong>M\u011bk\u010den\u00e1 rukoje\u0165<\/strong> &#8211; pohodl\u00ed p\u0159i ka\u017ed\u00e9m \u00fachopu<\/span><\/p>\n<\/li>\n<li>\n<p><span><strong>Sklopn\u00e9 madlo s mo\u017enost\u00ed snadn\u00e9ho sejmut\u00ed<\/strong> &#8211; pro jednoduch\u00e9 skladov\u00e1n\u00ed<\/span><\/p>\n<\/li>\n<li>\n<p><span><strong>Rukoje\u0165 v t\u011b\u017ei\u0161ti seka\u010dky pro snadnou manipulaci<\/strong> &#8211; pro ka\u017ed\u00e9ho zahradn\u00edho nad\u0161ence<\/span><\/p>\n<\/li>\n<li>\n<p><span><strong>Hmotnost pouh\u00fdch 11,5 kg<\/strong> &#8211; snadn\u00e1 manipulace pro ka\u017ed\u00e9ho<\/span><\/p>\n<\/li>\n<li>\n<p><span><strong>Deklarovan\u00e1 hladina hluku: 96 dB (A)<\/strong> &#8211; v\u00fdkon, kter\u00fd neusly\u0161\u00edte, ale poc\u00edt\u00edte na sv\u00e9m tr\u00e1vn\u00edku<\/span><\/p>\n<\/li>\n<\/ul>\n<p><span>P\u0159ipraveni na zahradn\u00ed dobrodru\u017estv\u00ed s FIELDMANN FZR 2037-E? Sta\u0148te se hrd\u00fdm majitelem t\u00e9to elektrick\u00e9 rota\u010dn\u00ed seka\u010dky a p\u0159em\u011b\u0148te sv\u016fj tr\u00e1vn\u00edk v d\u00edlo hodn\u00e9 zahradnick\u00e9ho mistra.  <\/span><\/p>\n<p><span>Z\u00e1ruka 24 m\u011bs\u00edc\u016f<\/span><\/p>\n","protected":false},"excerpt":{"rendered":"<p>Chcete se st\u00e1t kr\u00e1lem sv\u00e9ho tr\u00e1vn\u00edku? Elektrick\u00e1 rota\u010dn\u00ed seka\u010dka FIELDMANN FZR 2037-E je tady, aby v\u00e1s dostala na tr\u016fn zahradnick\u00e9ho sv\u011bta! Tento zelen\u00fd ryt\u00ed\u0159 s \u0161\u00ed\u0159kou z\u00e1b\u011bru 38 cm a p\u011bti pozicemi nastaven\u00ed v\u00fd\u0161ky se\u010den\u00ed (od 30 do 75 mm) je p\u0159ipraven na v\u0161e od jemn\u00e9ho zast\u0159i\u017een\u00ed po opravdu drsn\u00e9 bitvy s hust\u00fdm tr\u00e1vn\u00edkem. S&#8230;<\/p>\n","protected":false},"featured_media":27028,"comment_status":"closed","ping_status":"open","template":"","meta":{"_kadence_starter_templates_imported_post":false,"_kad_post_transparent":"","_kad_post_title":"","_kad_post_layout":"","_kad_post_sidebar_id":"","_kad_post_content_style":"","_kad_post_vertical_padding":"","_kad_post_feature":"","_kad_post_feature_position":"","_kad_post_header":false,"_kad_post_footer":false,"_kad_post_classname":""},"product_brand":[],"product_cat":[358,2429,516,369,376],"product_tag":[],"class_list":{"0":"post-27027","1":"product","2":"type-product","3":"status-publish","4":"has-post-thumbnail","6":"product_cat-dilna-stavba-zahrada","7":"product_cat-heureka-cz","8":"product_cat-sekacky","9":"product_cat-zahrada","10":"product_cat-zahradni-technika","12":"first","13":"instock","14":"taxable","15":"shipping-taxable","16":"purchasable","17":"product-type-simple","18":"entry","19":"content-bg","20":"loop-entry"},"_links":{"self":[{"href":"http:\/\/www.outlet-electro.cz\/index.php\/wp-json\/wp\/v2\/product\/27027","targetHints":{"allow":["GET"]}}],"collection":[{"href":"http:\/\/www.outlet-electro.cz\/index.php\/wp-json\/wp\/v2\/product"}],"about":[{"href":"http:\/\/www.outlet-electro.cz\/index.php\/wp-json\/wp\/v2\/types\/product"}],"replies":[{"embeddable":true,"href":"http:\/\/www.outlet-electro.cz\/index.php\/wp-json\/wp\/v2\/comments?post=27027"}],"wp:featuredmedia":[{"embeddable":true,"href":"http:\/\/www.outlet-electro.cz\/index.php\/wp-json\/wp\/v2\/media\/27028"}],"wp:attachment":[{"href":"http:\/\/www.outlet-electro.cz\/index.php\/wp-json\/wp\/v2\/media?parent=27027"}],"wp:term":[{"taxonomy":"product_brand","embeddable":true,"href":"http:\/\/www.outlet-electro.cz\/index.php\/wp-json\/wp\/v2\/product_brand?post=27027"},{"taxonomy":"product_cat","embeddable":true,"href":"http:\/\/www.outlet-electro.cz\/index.php\/wp-json\/wp\/v2\/product_cat?post=27027"},{"taxonomy":"product_tag","embeddable":true,"href":"http:\/\/www.outlet-electro.cz\/index.php\/wp-json\/wp\/v2\/product_tag?post=27027"}],"curies":[{"name":"wp","href":"https:\/\/api.w.org\/{rel}","templated":true}]}}