{"id":27025,"date":"2026-01-26T11:24:36","date_gmt":"2026-01-26T10:24:36","guid":{"rendered":"https:\/\/www.outlet-electro.cz\/index.php\/produkt\/zahradni-stul-fieldmann-fdzn-5050\/"},"modified":"2026-01-26T11:24:36","modified_gmt":"2026-01-26T10:24:36","slug":"zahradni-stul-fieldmann-fdzn-5050","status":"publish","type":"product","link":"http:\/\/www.outlet-electro.cz\/index.php\/produkt\/zahradni-stul-fieldmann-fdzn-5050\/","title":{"rendered":"Zahradn\u00ed st\u016fl Fieldmann FDZN 5050"},"content":{"rendered":"<p><span>Pokud p\u0159em\u00fd\u0161l\u00edte, jak prom\u011bnit svou zahradu nebo terasu v r\u00e1j pln\u00fd pohody, pak pot\u0159ebujete zahradn\u00ed n\u00e1bytek, kter\u00fd to zvl\u00e1dne! A z\u00e1kladem je kvalitn\u00ed st\u016fl, kde se sejde rodina i p\u0159\u00e1tel\u00e9. Designov\u00fd zahradn\u00ed st\u016fl FDZN 5050 je p\u0159esn\u011b to prav\u00e9. Nab\u00eddne v\u00e1m modern\u00ed, elegantn\u00ed vzhled a maxim\u00e1ln\u00ed pohodl\u00ed p\u0159i u\u017e\u00edv\u00e1n\u00ed. Hlin\u00edkov\u00e1 konstrukce zaji\u0161\u0165uje, \u017ee st\u016fl je lehk\u00fd, pevn\u00fd a stabiln\u00ed \u2013 ide\u00e1ln\u00ed pro v\u0161elijak\u00e9 venkovn\u00ed dobrodru\u017estv\u00ed.<\/span><\/p>\n<p><span>Deska stolu vyroben\u00e1 z d\u0159evoplastu zaru\u010duje odolnost a dlouhou \u017eivotnost, tak\u017ee v\u00e1s nerozhod\u00ed ani n\u011bjak\u00fd ten drobn\u00fd ne\u010das. Rozm\u011bry 150 x 90 x 74 cm v\u00e1m poskytuj\u00ed dostatek prostoru pro v\u0161echny va\u0161e obl\u00edben\u00e9 ob\u010derstven\u00ed, dekorace a dokonce i pro str\u00fd\u010dka Franti\u0161ka, kter\u00fd si v\u017edy p\u0159inese vlastn\u00ed gril.<\/span><\/p>\n<p><span>A\u0165 u\u017e pl\u00e1nujete romantick\u00fd ve\u010de\u0159e p\u0159i sv\u00ed\u010dk\u00e1ch, rodinn\u00fd ob\u011bd pod stromem, nebo velkolep\u00e9 grilov\u00e1n\u00ed s p\u0159\u00e1teli, tenhle bez\u00fadr\u017ebov\u00fd kousek bude va\u0161\u00edm spolehliv\u00fdm par\u0165\u00e1kem. Ur\u010den\u00fd pro venkovn\u00ed i vnit\u0159n\u00ed pou\u017eit\u00ed, tak\u017ee kdy\u017e za\u010dne pr\u0161et, jednodu\u0161e st\u016fl p\u0159enesete dovnit\u0159 a va\u0161e party m\u016f\u017ee pokra\u010dovat.  <\/span><\/p>\n<p>&nbsp;<\/p>\n<p><span>Bazarov\u00fd produkt, z\u00e1ruka 12 m\u011bs\u00edc\u016f<\/span><\/p>\n","protected":false},"excerpt":{"rendered":"<p>Pokud p\u0159em\u00fd\u0161l\u00edte, jak prom\u011bnit svou zahradu nebo terasu v r\u00e1j pln\u00fd pohody, pak pot\u0159ebujete zahradn\u00ed n\u00e1bytek, kter\u00fd to zvl\u00e1dne! A z\u00e1kladem je kvalitn\u00ed st\u016fl, kde se sejde rodina i p\u0159\u00e1tel\u00e9. Designov\u00fd zahradn\u00ed st\u016fl FDZN 5050 je p\u0159esn\u011b to prav\u00e9. Nab\u00eddne v\u00e1m modern\u00ed, elegantn\u00ed vzhled a maxim\u00e1ln\u00ed pohodl\u00ed p\u0159i u\u017e\u00edv\u00e1n\u00ed. Hlin\u00edkov\u00e1 konstrukce zaji\u0161\u0165uje, \u017ee st\u016fl je&#8230;<\/p>\n","protected":false},"featured_media":27026,"comment_status":"closed","ping_status":"open","template":"","meta":{"_kadence_starter_templates_imported_post":false,"_kad_post_transparent":"","_kad_post_title":"","_kad_post_layout":"","_kad_post_sidebar_id":"","_kad_post_content_style":"","_kad_post_vertical_padding":"","_kad_post_feature":"","_kad_post_feature_position":"","_kad_post_header":false,"_kad_post_footer":false,"_kad_post_classname":""},"product_brand":[],"product_cat":[379,2429,380,381,2432],"product_tag":[],"class_list":{"0":"post-27025","1":"product","2":"type-product","3":"status-publish","4":"has-post-thumbnail","6":"product_cat-bydleni-a-doplnky","7":"product_cat-heureka-cz","8":"product_cat-nabytek","9":"product_cat-zahradni-nabytek","10":"product_cat-zahradni-stoly","12":"first","13":"instock","14":"taxable","15":"shipping-taxable","16":"purchasable","17":"product-type-simple","18":"entry","19":"content-bg","20":"loop-entry"},"_links":{"self":[{"href":"http:\/\/www.outlet-electro.cz\/index.php\/wp-json\/wp\/v2\/product\/27025","targetHints":{"allow":["GET"]}}],"collection":[{"href":"http:\/\/www.outlet-electro.cz\/index.php\/wp-json\/wp\/v2\/product"}],"about":[{"href":"http:\/\/www.outlet-electro.cz\/index.php\/wp-json\/wp\/v2\/types\/product"}],"replies":[{"embeddable":true,"href":"http:\/\/www.outlet-electro.cz\/index.php\/wp-json\/wp\/v2\/comments?post=27025"}],"wp:featuredmedia":[{"embeddable":true,"href":"http:\/\/www.outlet-electro.cz\/index.php\/wp-json\/wp\/v2\/media\/27026"}],"wp:attachment":[{"href":"http:\/\/www.outlet-electro.cz\/index.php\/wp-json\/wp\/v2\/media?parent=27025"}],"wp:term":[{"taxonomy":"product_brand","embeddable":true,"href":"http:\/\/www.outlet-electro.cz\/index.php\/wp-json\/wp\/v2\/product_brand?post=27025"},{"taxonomy":"product_cat","embeddable":true,"href":"http:\/\/www.outlet-electro.cz\/index.php\/wp-json\/wp\/v2\/product_cat?post=27025"},{"taxonomy":"product_tag","embeddable":true,"href":"http:\/\/www.outlet-electro.cz\/index.php\/wp-json\/wp\/v2\/product_tag?post=27025"}],"curies":[{"name":"wp","href":"https:\/\/api.w.org\/{rel}","templated":true}]}}