{"id":27023,"date":"2026-01-26T11:24:36","date_gmt":"2026-01-26T10:24:36","guid":{"rendered":"https:\/\/www.outlet-electro.cz\/index.php\/produkt\/treninkova-kolecka-q4life-core-vcetne-podlozky-na-koleno-2\/"},"modified":"2026-01-26T11:24:36","modified_gmt":"2026-01-26T10:24:36","slug":"treninkova-kolecka-q4life-core-vcetne-podlozky-na-koleno-2","status":"publish","type":"product","link":"http:\/\/www.outlet-electro.cz\/index.php\/produkt\/treninkova-kolecka-q4life-core-vcetne-podlozky-na-koleno-2\/","title":{"rendered":"Tr\u00e9ninkov\u00e1 kole\u010dka Q4Life Core &#8211; v\u010detn\u011b podlo\u017eky na koleno"},"content":{"rendered":"<p><span>S trena\u017e\u00e9rem b\u0159i\u0161n\u00edch sval\u016f Core Training Wheels od Q4Life se stanete mistrem b\u0159i\u0161\u00e1k\u016f kdekoli a kdykoli! Tento inovativn\u00ed z\u00e1zrak sportovn\u00edho sv\u011bta se py\u0161n\u00ed dv\u011bma koly nam\u00edsto jednoho, co\u017e znamen\u00e1 v\u011bt\u0161\u00ed stabilitu a \u00fatok na v\u00edce sval\u016f najednou, v\u010detn\u011b ramen a zad.<\/span><\/p>\n<p><span>Kola m\u016f\u017eete um\u00edstit p\u0159\u00edmo p\u0159ed sebe nebo pod \u00fahlem a po\u0159\u00e1dn\u011b zapojit ramenn\u00ed svaly. A co v\u00edce? Praktick\u00e1 a hygienick\u00e1 podlo\u017eka na koleno v\u00e1m zaru\u010d\u00ed, \u017ee va\u0161e kolena z\u016fstanou \u010dist\u00e1 a bez od\u011brk\u016f, i kdy\u017e tr\u00e9nujete ve sv\u00fdch obl\u00edben\u00fdch sportovn\u00edch \u0161ortk\u00e1ch.<\/span><\/p>\n<p><span>Barva? Elegantn\u00ed \u010dern\u00e1. Pr\u016fm\u011br kol? 130 mm. Sou\u010d\u00e1st\u00ed balen\u00ed je tak\u00e9 podlo\u017eka na koleno o rozm\u011brech 34x17x1 cm. S t\u00edmto vybaven\u00edm budete m\u00edt b\u0159i\u0161\u00e1ky, o kter\u00fdch se v\u00e1m ani nesnilo!  <\/span><\/p>\n<p>&nbsp;<\/p>\n<p><span>Bazarov\u00fd produkt, z\u00e1ruka 12 m\u011bs\u00edc\u016f<\/span><\/p>\n","protected":false},"excerpt":{"rendered":"<p>S trena\u017e\u00e9rem b\u0159i\u0161n\u00edch sval\u016f Core Training Wheels od Q4Life se stanete mistrem b\u0159i\u0161\u00e1k\u016f kdekoli a kdykoli! Tento inovativn\u00ed z\u00e1zrak sportovn\u00edho sv\u011bta se py\u0161n\u00ed dv\u011bma koly nam\u00edsto jednoho, co\u017e znamen\u00e1 v\u011bt\u0161\u00ed stabilitu a \u00fatok na v\u00edce sval\u016f najednou, v\u010detn\u011b ramen a zad. Kola m\u016f\u017eete um\u00edstit p\u0159\u00edmo p\u0159ed sebe nebo pod \u00fahlem a po\u0159\u00e1dn\u011b zapojit ramenn\u00ed svaly&#8230;.<\/p>\n","protected":false},"featured_media":27024,"comment_status":"closed","ping_status":"open","template":"","meta":{"_kadence_starter_templates_imported_post":false,"_kad_post_transparent":"","_kad_post_title":"","_kad_post_layout":"","_kad_post_sidebar_id":"","_kad_post_content_style":"","_kad_post_vertical_padding":"","_kad_post_feature":"","_kad_post_feature_position":"","_kad_post_header":false,"_kad_post_footer":false,"_kad_post_classname":""},"product_brand":[],"product_cat":[2223,85,2429,2224,535,560],"product_tag":[],"class_list":{"0":"post-27023","1":"product","2":"type-product","3":"status-publish","4":"has-post-thumbnail","6":"product_cat-cvicebni-pomucky","7":"product_cat-fitness","8":"product_cat-heureka-cz","9":"product_cat-ostatni-fitness-naradi","10":"product_cat-sport-a-outdoor","11":"product_cat-sporty","13":"first","14":"instock","15":"taxable","16":"shipping-taxable","17":"purchasable","18":"product-type-simple","19":"entry","20":"content-bg","21":"loop-entry"},"_links":{"self":[{"href":"http:\/\/www.outlet-electro.cz\/index.php\/wp-json\/wp\/v2\/product\/27023","targetHints":{"allow":["GET"]}}],"collection":[{"href":"http:\/\/www.outlet-electro.cz\/index.php\/wp-json\/wp\/v2\/product"}],"about":[{"href":"http:\/\/www.outlet-electro.cz\/index.php\/wp-json\/wp\/v2\/types\/product"}],"replies":[{"embeddable":true,"href":"http:\/\/www.outlet-electro.cz\/index.php\/wp-json\/wp\/v2\/comments?post=27023"}],"wp:featuredmedia":[{"embeddable":true,"href":"http:\/\/www.outlet-electro.cz\/index.php\/wp-json\/wp\/v2\/media\/27024"}],"wp:attachment":[{"href":"http:\/\/www.outlet-electro.cz\/index.php\/wp-json\/wp\/v2\/media?parent=27023"}],"wp:term":[{"taxonomy":"product_brand","embeddable":true,"href":"http:\/\/www.outlet-electro.cz\/index.php\/wp-json\/wp\/v2\/product_brand?post=27023"},{"taxonomy":"product_cat","embeddable":true,"href":"http:\/\/www.outlet-electro.cz\/index.php\/wp-json\/wp\/v2\/product_cat?post=27023"},{"taxonomy":"product_tag","embeddable":true,"href":"http:\/\/www.outlet-electro.cz\/index.php\/wp-json\/wp\/v2\/product_tag?post=27023"}],"curies":[{"name":"wp","href":"https:\/\/api.w.org\/{rel}","templated":true}]}}