{"id":27021,"date":"2026-01-26T11:24:32","date_gmt":"2026-01-26T10:24:32","guid":{"rendered":"https:\/\/www.outlet-electro.cz\/index.php\/produkt\/inteligentni-kontaktni-gril-sencor-sbg-6238\/"},"modified":"2026-01-26T11:24:34","modified_gmt":"2026-01-26T10:24:34","slug":"inteligentni-kontaktni-gril-sencor-sbg-6238","status":"publish","type":"product","link":"http:\/\/www.outlet-electro.cz\/index.php\/produkt\/inteligentni-kontaktni-gril-sencor-sbg-6238\/","title":{"rendered":"Inteligentn\u00ed kontaktn\u00ed gril Sencor SBG 6238"},"content":{"rendered":"<p>P\u0159edstavujeme v\u00e1m gril, kter\u00fd by si zaslou\u017eil Nobelovu cenu za grilov\u00e1n\u00ed \u2013 inteligentn\u00ed kontaktn\u00ed gril, kter\u00fd m\u00e1 v\u00edc funkc\u00ed ne\u017e va\u0161i obl\u00edben\u00ed superhrdinov\u00e9! S t\u00edmto grilem se grilov\u00e1n\u00ed st\u00e1v\u00e1 hra\u010dkou, a to doslova \u2013 sta\u010d\u00ed stisknout p\u00e1r tla\u010d\u00edtek a nechat ho, a\u0165 se postar\u00e1 o v\u0161e ostatn\u00ed.<\/p>\n<p>Tento gril je vybaven LCD displejem, kter\u00fd je tak p\u0159ehledn\u00fd, \u017ee by ho zvl\u00e1dla ovl\u00e1dat i va\u0161e babi\u010dka, kter\u00e1 se boj\u00ed d\u00e1lkov\u00e9ho ovl\u00e1d\u00e1n\u00ed k televizi. A pokud si mysl\u00edte, \u017ee grilov\u00e1n\u00ed je jen o op\u00e9k\u00e1n\u00ed masa, tak se p\u0159ipravte na \u0161ok! M\u016f\u017eete grilovat hamburgery, ryby, steaky, klob\u00e1sy, ku\u0159ec\u00ed maso, slaninu a dokonce i rozmrazit potraviny \u2013 to v\u0161echno bez jak\u00e9hokoli oleje. Ano, sly\u0161\u00edte spr\u00e1vn\u011b! Grilov\u00e1n\u00ed nebylo nikdy zdrav\u011bj\u0161\u00ed (a m\u00e9n\u011b kluzk\u00e9).<\/p>\n<p>S 7 r\u016fzn\u00fdmi grilovac\u00edmi programy se v\u00e1\u0161 gril stane mistrem kulin\u00e1\u0159sk\u00e9ho sv\u011bta. A kdy\u017e se rozhodnete, \u017ee chcete b\u00fdt \u0161\u00e9fem v kuchyni, m\u016f\u017eete p\u0159epnout do manu\u00e1ln\u00edho re\u017eimu a nastavit si teplotu p\u0159esn\u011b podle sv\u00fdch p\u0159edstav. Tak\u017ee pokud m\u00e1te chu\u0165 na steak \u201emedium rare\u201c nebo p\u011bkn\u011b ope\u010denou klob\u00e1su, m\u00e1te to v kapse!<\/p>\n<p>Co se t\u00fd\u010de grilovac\u00edch desek, m\u00e1te na v\u00fdb\u011br mezi hladkou a vroubkovanou. Hladk\u00e1 je ide\u00e1ln\u00ed pro \u0161\u0165avnatou zeleninu, zat\u00edmco vroubkovan\u00e1 dod\u00e1 va\u0161emu masu ty spr\u00e1vn\u00e9 grilovac\u00ed pruhy, aby se mohlo c\u00edtit jako hv\u011bzda. A nebojte se, \u00fadr\u017eba je tak snadn\u00e1, \u017ee se v\u00e1m nebude cht\u00edt v\u011b\u0159it \u2013 sta\u010d\u00ed pap\u00edrov\u00e1 ut\u011brka, a je to!<\/p>\n<p>S tepeln\u011b izolovanou rukojet\u00ed se u\u017e nikdy nesp\u00e1l\u00edte, tak\u017ee m\u016f\u017eete klidn\u011b grilovat, zat\u00edmco se sna\u017e\u00edte vymyslet, \u010d\u00edm v\u0161\u00edm napln\u00edte sv\u016fj burger. A d\u00edky protiskluzov\u00fdm no\u017ek\u00e1m se nemus\u00edte ob\u00e1vat, \u017ee by v\u00e1\u0161 gril b\u011bhem grilova\u010dky ud\u011blal ne\u010dekan\u00fd tanec.<\/p>\n<p>A pokud m\u00e1te m\u00e1lo m\u00edsta v kuchyni, nebojte se \u2013 tento gril se snadno ukl\u00e1d\u00e1 ve svisl\u00e9 poloze, tak\u017ee se vejde i do t\u00e9 nejmen\u0161\u00ed sk\u0159\u00ed\u0148ky.<\/p>\n<p>Tak\u017ee pokud hled\u00e1te gril, kter\u00fd je inteligentn\u00ed, efektivn\u00ed a dok\u00e1\u017ee v\u00e1m ud\u011blat j\u00eddlo tak skv\u011bl\u00e9, \u017ee se va\u0161i soused\u00e9 budou c\u00edtit jako v gastronomick\u00e9m nebi, pak je inteligentn\u00ed kontaktn\u00ed gril p\u0159esn\u011b t\u00edm, co pot\u0159ebujete! Grilov\u00e1n\u00ed nebylo nikdy tak snadn\u00e9 \u2013 a zdrav\u00e9!<\/p>\n<p>Z\u00e1ruka 24 m\u011bs\u00edc\u016f.<\/p>\n","protected":false},"excerpt":{"rendered":"<p>P\u0159edstavujeme v\u00e1m gril, kter\u00fd by si zaslou\u017eil Nobelovu cenu za grilov\u00e1n\u00ed \u2013 inteligentn\u00ed kontaktn\u00ed gril, kter\u00fd m\u00e1 v\u00edc funkc\u00ed ne\u017e va\u0161i obl\u00edben\u00ed superhrdinov\u00e9! S t\u00edmto grilem se grilov\u00e1n\u00ed st\u00e1v\u00e1 hra\u010dkou, a to doslova \u2013 sta\u010d\u00ed stisknout p\u00e1r tla\u010d\u00edtek a nechat ho, a\u0165 se postar\u00e1 o v\u0161e ostatn\u00ed. Tento gril je vybaven LCD displejem, kter\u00fd je&#8230;<\/p>\n","protected":false},"featured_media":27022,"comment_status":"closed","ping_status":"open","template":"","meta":{"_kadence_starter_templates_imported_post":false,"_kad_post_transparent":"","_kad_post_title":"","_kad_post_layout":"","_kad_post_sidebar_id":"","_kad_post_content_style":"","_kad_post_vertical_padding":"","_kad_post_feature":"","_kad_post_feature_position":"","_kad_post_header":false,"_kad_post_footer":false,"_kad_post_classname":""},"product_brand":[],"product_cat":[333,2283,2429,334,341,425,340],"product_tag":[],"class_list":{"0":"post-27021","1":"product","2":"type-product","3":"status-publish","4":"has-post-thumbnail","6":"product_cat-domaci-a-osobni-spotrebice","7":"product_cat-domaci-grily","8":"product_cat-heureka-cz","9":"product_cat-kuchynske-spotrebice","10":"product_cat-male-kuchynske-spotrebice","11":"product_cat-peceni-a-opekani","12":"product_cat-priprava-jidla","14":"first","15":"instock","16":"taxable","17":"shipping-taxable","18":"purchasable","19":"product-type-simple","20":"entry","21":"content-bg","22":"loop-entry"},"_links":{"self":[{"href":"http:\/\/www.outlet-electro.cz\/index.php\/wp-json\/wp\/v2\/product\/27021","targetHints":{"allow":["GET"]}}],"collection":[{"href":"http:\/\/www.outlet-electro.cz\/index.php\/wp-json\/wp\/v2\/product"}],"about":[{"href":"http:\/\/www.outlet-electro.cz\/index.php\/wp-json\/wp\/v2\/types\/product"}],"replies":[{"embeddable":true,"href":"http:\/\/www.outlet-electro.cz\/index.php\/wp-json\/wp\/v2\/comments?post=27021"}],"wp:featuredmedia":[{"embeddable":true,"href":"http:\/\/www.outlet-electro.cz\/index.php\/wp-json\/wp\/v2\/media\/27022"}],"wp:attachment":[{"href":"http:\/\/www.outlet-electro.cz\/index.php\/wp-json\/wp\/v2\/media?parent=27021"}],"wp:term":[{"taxonomy":"product_brand","embeddable":true,"href":"http:\/\/www.outlet-electro.cz\/index.php\/wp-json\/wp\/v2\/product_brand?post=27021"},{"taxonomy":"product_cat","embeddable":true,"href":"http:\/\/www.outlet-electro.cz\/index.php\/wp-json\/wp\/v2\/product_cat?post=27021"},{"taxonomy":"product_tag","embeddable":true,"href":"http:\/\/www.outlet-electro.cz\/index.php\/wp-json\/wp\/v2\/product_tag?post=27021"}],"curies":[{"name":"wp","href":"https:\/\/api.w.org\/{rel}","templated":true}]}}