{"id":27019,"date":"2026-01-26T11:24:32","date_gmt":"2026-01-26T10:24:32","guid":{"rendered":"https:\/\/www.outlet-electro.cz\/index.php\/produkt\/fen-na-vlasy-sencor-shd-8270-vt\/"},"modified":"2026-01-26T11:24:34","modified_gmt":"2026-01-26T10:24:34","slug":"fen-na-vlasy-sencor-shd-8270-vt","status":"publish","type":"product","link":"http:\/\/www.outlet-electro.cz\/index.php\/produkt\/fen-na-vlasy-sencor-shd-8270-vt\/","title":{"rendered":"F\u00e9n na vlasy Sencor SHD 8270 VT"},"content":{"rendered":"<p>P\u0159edstavujeme v\u00e1m vysou\u0161e\u010d vlas\u016f Sencor SHD 8270VT &#8211; v\u00e1\u0161 nov\u00fd nejlep\u0161\u00ed p\u0159\u00edtel v boji proti vlhkosti a neposedn\u00fdm pramen\u016fm! S profesion\u00e1ln\u00edm AC motorem a p\u0159\u00edkonem 2200 W m\u00e1 s\u00edlu, kter\u00e1 by mohla osu\u0161it i celou koupelnu po bou\u0159ce (ale nedoporu\u010dujeme to zkou\u0161et).<\/p>\n<p>Tento vysou\u0161e\u010d nab\u00edz\u00ed t\u0159i stupn\u011b v\u00fdkonu, kter\u00e9 v\u00e1m umo\u017en\u00ed vybrat si mezi \u201ejemn\u00fdm v\u011bt\u0159\u00edkem\u201c a \u201ehurik\u00e1nem na pln\u00e9 obr\u00e1tky\u201c. A pokud m\u00e1te v pl\u00e1nu ud\u011blat si z vlas\u016f um\u011bleck\u00e9 d\u00edlo, funkce Cool Shot v\u00e1m dod\u00e1 intenzivn\u00ed proud chladn\u00e9ho vzduchu, kter\u00fd va\u0161e vlasy zafixuje tak, \u017ee se budou t\u0159pytit jako hv\u011bzdy na nebi (nebo alespo\u0148 jako hv\u011bzdy na Instagramu).<\/p>\n<p>D\u00edky ionizaci se va\u0161e vlasy budou c\u00edtit jako po de\u0161ti &#8211; hladk\u00e9, leskl\u00e9 a bez krepat\u011bn\u00ed. Je to jako m\u00edt vlastn\u00ed malou bou\u0159ku, kter\u00e1 m\u00edsto de\u0161t\u011b p\u0159in\u00e1\u0161\u00ed lesk a hebkost. A co v\u00edc, zbav\u00ed v\u00e1s statick\u00e9 elekt\u0159iny, tak\u017ee se u\u017e nebudete muset ob\u00e1vat, \u017ee v\u00e1s va\u0161e vlasy p\u0159ekvap\u00ed p\u0159i ka\u017ed\u00e9m pohybu.<\/p>\n<p>Ergonomicky tvarovan\u00e1 rukoje\u0165 je jako stvo\u0159en\u00e1 pro prav\u00e1ky i lev\u00e1ky, co\u017e znamen\u00e1, \u017ee i va\u0161i levoruc\u00ed p\u0159\u00e1tel\u00e9 si mohou u\u017e\u00edt profesion\u00e1ln\u00ed \u00fapravy vlas\u016f bez probl\u00e9m\u016f. A pokud se ob\u00e1v\u00e1te \u00fadr\u017eby, odn\u00edmateln\u00e1 zadn\u00ed m\u0159\u00ed\u017eka to ud\u011bl\u00e1 za v\u00e1s &#8211; snadn\u00e9 \u010di\u0161t\u011bn\u00ed, jako byste m\u011bli osobn\u00edho asistenta!<\/p>\n<p>S topnou spir\u00e1lou ve tvaru vlnky udr\u017e\u00edte konstantn\u00ed teplotu, tak\u017ee va\u0161e vlasy nebudou muset sn\u00e1\u0161et extr\u00e9mn\u00ed horko. A pokud byste pot\u0159ebovali vysou\u0161e\u010d pov\u011bsit po akci, z\u00e1v\u011bsn\u00e9 o\u010dko je tu pro v\u00e1s, aby se ujistilo, \u017ee v\u00e1\u0161 vysou\u0161e\u010d nezapadne do zapomn\u011bn\u00ed.<\/p>\n<p>Z\u00e1ruka: 24 m\u011bs\u00edc\u016f<\/p>\n<p>Na v\u00e1ze 731 g je tohle za\u0159\u00edzen\u00ed leh\u010d\u00ed ne\u017e va\u0161e posledn\u00ed rozhodnut\u00ed, zda si vz\u00edt k\u00e1vu nebo \u010daj. S d\u00e9lkou p\u0159\u00edvodn\u00ed \u0161\u0148\u016fry 3,5 m m\u016f\u017eete snadno vysou\u0161et vlasy i na vzd\u00e1lenosti, kter\u00e9 by v\u00e1s d\u0159\u00edve donutili p\u0159em\u00fd\u0161let o koupi prodlu\u017eova\u010dky.<\/p>\n<p>Sencor SHD 8270VT &#8211; v\u00e1\u0161 spolehliv\u00fd spole\u010dn\u00edk na cest\u011b za dokonal\u00fdmi vlasy!<\/p>\n","protected":false},"excerpt":{"rendered":"<p>P\u0159edstavujeme v\u00e1m vysou\u0161e\u010d vlas\u016f Sencor SHD 8270VT &#8211; v\u00e1\u0161 nov\u00fd nejlep\u0161\u00ed p\u0159\u00edtel v boji proti vlhkosti a neposedn\u00fdm pramen\u016fm! S profesion\u00e1ln\u00edm AC motorem a p\u0159\u00edkonem 2200 W m\u00e1 s\u00edlu, kter\u00e1 by mohla osu\u0161it i celou koupelnu po bou\u0159ce (ale nedoporu\u010dujeme to zkou\u0161et). Tento vysou\u0161e\u010d nab\u00edz\u00ed t\u0159i stupn\u011b v\u00fdkonu, kter\u00e9 v\u00e1m umo\u017en\u00ed vybrat si mezi \u201ejemn\u00fdm&#8230;<\/p>\n","protected":false},"featured_media":27020,"comment_status":"closed","ping_status":"open","template":"","meta":{"_kadence_starter_templates_imported_post":false,"_kad_post_transparent":"","_kad_post_title":"","_kad_post_layout":"","_kad_post_sidebar_id":"","_kad_post_content_style":"","_kad_post_vertical_padding":"","_kad_post_feature":"","_kad_post_feature_position":"","_kad_post_header":false,"_kad_post_footer":false,"_kad_post_classname":""},"product_brand":[],"product_cat":[333,2204,2429,337,338],"product_tag":[],"class_list":{"0":"post-27019","1":"product","2":"type-product","3":"status-publish","4":"has-post-thumbnail","6":"product_cat-domaci-a-osobni-spotrebice","7":"product_cat-feny","8":"product_cat-heureka-cz","9":"product_cat-pece-o-telo-a-zdravi","10":"product_cat-pece-o-vlasy-a-vousy","12":"first","13":"instock","14":"taxable","15":"shipping-taxable","16":"purchasable","17":"product-type-simple","18":"entry","19":"content-bg","20":"loop-entry"},"_links":{"self":[{"href":"http:\/\/www.outlet-electro.cz\/index.php\/wp-json\/wp\/v2\/product\/27019","targetHints":{"allow":["GET"]}}],"collection":[{"href":"http:\/\/www.outlet-electro.cz\/index.php\/wp-json\/wp\/v2\/product"}],"about":[{"href":"http:\/\/www.outlet-electro.cz\/index.php\/wp-json\/wp\/v2\/types\/product"}],"replies":[{"embeddable":true,"href":"http:\/\/www.outlet-electro.cz\/index.php\/wp-json\/wp\/v2\/comments?post=27019"}],"wp:featuredmedia":[{"embeddable":true,"href":"http:\/\/www.outlet-electro.cz\/index.php\/wp-json\/wp\/v2\/media\/27020"}],"wp:attachment":[{"href":"http:\/\/www.outlet-electro.cz\/index.php\/wp-json\/wp\/v2\/media?parent=27019"}],"wp:term":[{"taxonomy":"product_brand","embeddable":true,"href":"http:\/\/www.outlet-electro.cz\/index.php\/wp-json\/wp\/v2\/product_brand?post=27019"},{"taxonomy":"product_cat","embeddable":true,"href":"http:\/\/www.outlet-electro.cz\/index.php\/wp-json\/wp\/v2\/product_cat?post=27019"},{"taxonomy":"product_tag","embeddable":true,"href":"http:\/\/www.outlet-electro.cz\/index.php\/wp-json\/wp\/v2\/product_tag?post=27019"}],"curies":[{"name":"wp","href":"https:\/\/api.w.org\/{rel}","templated":true}]}}