{"id":27015,"date":"2026-01-26T11:24:32","date_gmt":"2026-01-26T10:24:32","guid":{"rendered":"https:\/\/www.outlet-electro.cz\/index.php\/produkt\/mikrovlnna-trouba-hisense-h23mobs5hg\/"},"modified":"2026-01-26T11:24:34","modified_gmt":"2026-01-26T10:24:34","slug":"mikrovlnna-trouba-hisense-h23mobs5hg","status":"publish","type":"product","link":"http:\/\/www.outlet-electro.cz\/index.php\/produkt\/mikrovlnna-trouba-hisense-h23mobs5hg\/","title":{"rendered":"Mikrovlnn\u00e1 trouba HISENSE H23MOBS5HG"},"content":{"rendered":"<p>P\u0159edstavujeme v\u00e1m mikrovlnnou troubu Hisense H23MOBS5HG \u2013 va\u0161eho nov\u00e9ho kuchy\u0148sk\u00e9ho superhrdinu! S objemem 23 litr\u016f se do n\u00ed vejde v\u0161echno, co pot\u0159ebujete, a s maxim\u00e1ln\u00edm mikrovlnn\u00fdm v\u00fdkonem 800 W a grilovac\u00edm v\u00fdkonem 1000 W se va\u0161e j\u00eddlo oh\u0159eje rychlost\u00ed blesku.<\/p>\n<p>&nbsp;<\/p>\n<p>Tato trouba m\u00e1 11 v\u00fdkonov\u00fdch stup\u0148\u016f, tak\u017ee si m\u016f\u017eete vybrat, zda chcete j\u00eddlo oh\u0159\u00e1t, nebo mu dop\u0159\u00e1t teplo grilu. Oto\u010dn\u00fd tal\u00ed\u0159 o pr\u016fm\u011bru 270 mm je snadno odstraniteln\u00fd, co\u017e znamen\u00e1, \u017ee ho m\u016f\u017eete kdykoliv vyt\u00e1hnout a um\u00fdt!<\/p>\n<p>S funkc\u00ed AUTO menu a \u0161esti p\u0159ednastaven\u00fdmi programy se va\u0159en\u00ed st\u00e1v\u00e1 hra\u010dkou. A pokud m\u00e1te mra\u017een\u00e9 pokrmy, nebojte se \u2013 funkce rychl\u00e9ho rozmrazov\u00e1n\u00ed podle \u010dasu nebo hmotnosti je tu pro v\u00e1s.<\/p>\n<p>A\u0165 u\u017e se chyst\u00e1te na v\u00edcestup\u0148ov\u00e9 va\u0159en\u00ed nebo jen pot\u0159ebujete rychle oh\u0159\u00e1t zbytek ve\u010de\u0159e, s mikrovlnnou troubou Hisense se nikdy neztrat\u00edte. A nezapome\u0148te, \u017ee bezpe\u010dnost je na prvn\u00edm m\u00edst\u011b \u2013 s d\u011btskou pojistkou a bezpe\u010dnostn\u00edm sp\u00edna\u010dem m\u016f\u017eete va\u0159it bez obav.<\/p>\n<p><span style=\"font-family: 'Source Sans 3', sans-serif;\">Tak\u017ee, pokud hled\u00e1te mikrovlnku, kter\u00e1 je stejn\u011b \u0161ikovn\u00e1 jako vy, Hisense H23MOBS5HG je tu, aby v\u00e1m pomohla ud\u011blat z va\u0159en\u00ed z\u00e1bavu!<\/span><\/p>\n<p><span style=\"font-family: 'Source Sans 3', sans-serif; font-size: 12pt;\"><strong>Parametry:<\/strong><\/span><\/p>\n<p><span style=\"font-size: 11pt; font-family: 'Source Sans 3', sans-serif;\">Objem (l) 23 l<br \/>Maxim\u00e1ln\u00ed mikrovlnn\u00fd v\u00fdkon (W) 800 W<br \/>V\u00fdkon grilu (W) 1000 W<br \/>Pr\u016fm\u011br oto\u010dn\u00e9ho tal\u00ed\u0159e (mm) 270 mm<br \/>Po\u010det v\u00fdkonov\u00fdch stup\u0148\u016f 11<br \/>Oto\u010dn\u00fd tal\u00ed\u0159 &#8211; odstraniteln\u00fd<br \/>Gril<br \/>Mo\u017enost kombinovan\u00e9ho oh\u0159evu Mikrovlnn\u00fd oh\u0159ev + gril<br \/>Konven\u010dn\u00ed oh\u0159ev (horn\u00ed a spodn\u00ed topn\u00e9 t\u011bleso)<br \/>Hodiny<br \/>Jednoduch\u00e9 ovl\u00e1d\u00e1n\u00ed<br \/>LED display<br \/>AUTO menu<br \/>Po\u010det p\u0159ednastaven\u00fdch program\u016f 6<br \/>Funkce odmrazov\u00e1n\u00ed dle \u010dasu nebo v\u00e1hy Rychl\u00e9 a automatick\u00e9 rozmrazov\u00e1n\u00ed (podle \u010dasu a hmotnosti)<br \/>V\u00edcestup\u0148ov\u00e9 va\u0159en\u00ed<br \/>\u010casov\u00fd display<br \/>D\u011btsk\u00e1 pojistka<br \/>Bezpe\u010dnostn\u00ed sp\u00edna\u010d<br \/>Automatick\u00e9 programy<\/p>\n<p>V\u00fd\u0161ka 293 mm<br \/>\u0160\u00ed\u0159ka 485 mm<br \/>Hloubka 410 mm<br \/>Netto v\u00e1ha 13,0 Kg<\/span><\/p>\n<p><span style=\"font-size: 11pt; font-family: 'Source Sans 3', sans-serif;\">Z\u00e1ruka 24 m\u011bs\u00edc\u016f<\/span><\/p>\n","protected":false},"excerpt":{"rendered":"<p>P\u0159edstavujeme v\u00e1m mikrovlnnou troubu Hisense H23MOBS5HG \u2013 va\u0161eho nov\u00e9ho kuchy\u0148sk\u00e9ho superhrdinu! S objemem 23 litr\u016f se do n\u00ed vejde v\u0161echno, co pot\u0159ebujete, a s maxim\u00e1ln\u00edm mikrovlnn\u00fdm v\u00fdkonem 800 W a grilovac\u00edm v\u00fdkonem 1000 W se va\u0161e j\u00eddlo oh\u0159eje rychlost\u00ed blesku. &nbsp; Tato trouba m\u00e1 11 v\u00fdkonov\u00fdch stup\u0148\u016f, tak\u017ee si m\u016f\u017eete vybrat, zda chcete j\u00eddlo oh\u0159\u00e1t,&#8230;<\/p>\n","protected":false},"featured_media":27016,"comment_status":"closed","ping_status":"open","template":"","meta":{"_kadence_starter_templates_imported_post":false,"_kad_post_transparent":"","_kad_post_title":"","_kad_post_layout":"","_kad_post_sidebar_id":"","_kad_post_content_style":"","_kad_post_vertical_padding":"","_kad_post_feature":"","_kad_post_feature_position":"","_kad_post_header":false,"_kad_post_footer":false,"_kad_post_classname":""},"product_brand":[],"product_cat":[2429,351,349,350,348],"product_tag":[],"class_list":{"0":"post-27015","1":"product","2":"type-product","3":"status-publish","4":"has-post-thumbnail","6":"product_cat-heureka-cz","7":"product_cat-mikrovlnne-trouby","8":"product_cat-spotrebice-do-kuchyne","9":"product_cat-vareni-a-ohrivani","10":"product_cat-velke-spotrebice","12":"first","13":"instock","14":"taxable","15":"shipping-taxable","16":"purchasable","17":"product-type-simple","18":"entry","19":"content-bg","20":"loop-entry"},"_links":{"self":[{"href":"http:\/\/www.outlet-electro.cz\/index.php\/wp-json\/wp\/v2\/product\/27015","targetHints":{"allow":["GET"]}}],"collection":[{"href":"http:\/\/www.outlet-electro.cz\/index.php\/wp-json\/wp\/v2\/product"}],"about":[{"href":"http:\/\/www.outlet-electro.cz\/index.php\/wp-json\/wp\/v2\/types\/product"}],"replies":[{"embeddable":true,"href":"http:\/\/www.outlet-electro.cz\/index.php\/wp-json\/wp\/v2\/comments?post=27015"}],"wp:featuredmedia":[{"embeddable":true,"href":"http:\/\/www.outlet-electro.cz\/index.php\/wp-json\/wp\/v2\/media\/27016"}],"wp:attachment":[{"href":"http:\/\/www.outlet-electro.cz\/index.php\/wp-json\/wp\/v2\/media?parent=27015"}],"wp:term":[{"taxonomy":"product_brand","embeddable":true,"href":"http:\/\/www.outlet-electro.cz\/index.php\/wp-json\/wp\/v2\/product_brand?post=27015"},{"taxonomy":"product_cat","embeddable":true,"href":"http:\/\/www.outlet-electro.cz\/index.php\/wp-json\/wp\/v2\/product_cat?post=27015"},{"taxonomy":"product_tag","embeddable":true,"href":"http:\/\/www.outlet-electro.cz\/index.php\/wp-json\/wp\/v2\/product_tag?post=27015"}],"curies":[{"name":"wp","href":"https:\/\/api.w.org\/{rel}","templated":true}]}}