{"id":27013,"date":"2026-01-26T11:24:32","date_gmt":"2026-01-26T10:24:32","guid":{"rendered":"https:\/\/www.outlet-electro.cz\/index.php\/produkt\/mikrovlnna-trouba-sencor-smw-5017wh\/"},"modified":"2026-01-26T11:24:34","modified_gmt":"2026-01-26T10:24:34","slug":"mikrovlnna-trouba-sencor-smw-5017wh","status":"publish","type":"product","link":"http:\/\/www.outlet-electro.cz\/index.php\/produkt\/mikrovlnna-trouba-sencor-smw-5017wh\/","title":{"rendered":"Mikrovlnn\u00e1 trouba Sencor SMW 5017WH"},"content":{"rendered":"<p>P\u0159edstavujeme v\u00e1m mikrovlnnou troubu Sencor SMW 5017WH \u2013 v\u00e1\u0161 nov\u00fd kuchy\u0148sk\u00fd superhrdina! S LED panelem a 8 snadn\u00fdmi programy je to jako m\u00edt osobn\u00edho kucha\u0159e, kter\u00fd nikdy neodm\u00edtne va\u0161i \u017e\u00e1dost o oh\u0159\u00e1t\u00ed j\u00eddla.<\/p>\n<p>&nbsp;<\/p>\n<p>Pot\u0159ebujete rychle oh\u0159\u00e1t zbytek ve\u010de\u0159e? \u017d\u00e1dn\u00fd probl\u00e9m! Mikrovlnn\u00fd oh\u0159ev je tu, aby v\u00e1m u\u0161et\u0159il \u010das, zat\u00edmco vy se m\u016f\u017eete v\u011bnovat d\u016fle\u017eit\u011bj\u0161\u00edm v\u011bcem, jako je p\u0159em\u00fd\u0161len\u00ed, co si d\u00e1te k ve\u010de\u0159i z\u00edtra. A pokud m\u00e1te v\u011bt\u0161\u00ed misku, nebojte se \u2013 s vnit\u0159n\u00edm prostorem a\u017e 27 cm se do n\u00ed vejde i va\u0161e obl\u00edben\u00e1 pol\u00e9vka pro celou rodinu!<\/p>\n<p>S objemem 17 litr\u016f a 5 \u00farovn\u011bmi v\u00fdkonu mikrovln si m\u016f\u017eete b\u00fdt jisti, \u017ee va\u0161e j\u00eddlo bude v\u017edy perfektn\u011b oh\u0159\u00e1t\u00e9. A pokud se rozhodnete pro rychl\u00e9 a hygienick\u00e9 rozmrazen\u00ed, va\u0161e mra\u017een\u00e9 poklady budou brzy p\u0159ipraveny na akci.<\/p>\n<p>A nezapome\u0148te na 60minutov\u00fd \u010dasova\u010d \u2013 ide\u00e1ln\u00ed pro ty, kte\u0159\u00ed cht\u011bj\u00ed va\u0159it s p\u0159esnost\u00ed hodin\u00e1\u0159e, i kdy\u017e ob\u010das zapom\u00ednaj\u00ed na \u010das. A kdy\u017e je j\u00eddlo hotov\u00e9, zvukov\u00fd sign\u00e1l v\u00e1m to s radost\u00ed ozn\u00e1m\u00ed, tak\u017ee u\u017e nikdy nebudete muset lovit v pam\u011bti, kdy jste naposledy nastavili troubu.<\/p>\n<p>S rozm\u011bry 451 x 256 x 354 mm se Sencor SMW 5017WH vejde i do t\u011bch nejmen\u0161\u00edch kuchyn\u00ed, tak\u017ee si m\u016f\u017eete u\u017e\u00edvat v\u0161echny tyto skv\u011bl\u00e9 funkce, ani\u017e byste museli ob\u011btovat prostor. Tak co \u0159\u00edk\u00e1te? Je \u010das na mikrovlnn\u00e9 dobrodru\u017estv\u00ed!<\/p>\n<p>&nbsp;Z\u00e1ruka 24 m\u011bs\u00edc\u016f<\/p>\n","protected":false},"excerpt":{"rendered":"<p>P\u0159edstavujeme v\u00e1m mikrovlnnou troubu Sencor SMW 5017WH \u2013 v\u00e1\u0161 nov\u00fd kuchy\u0148sk\u00fd superhrdina! S LED panelem a 8 snadn\u00fdmi programy je to jako m\u00edt osobn\u00edho kucha\u0159e, kter\u00fd nikdy neodm\u00edtne va\u0161i \u017e\u00e1dost o oh\u0159\u00e1t\u00ed j\u00eddla. &nbsp; Pot\u0159ebujete rychle oh\u0159\u00e1t zbytek ve\u010de\u0159e? \u017d\u00e1dn\u00fd probl\u00e9m! Mikrovlnn\u00fd oh\u0159ev je tu, aby v\u00e1m u\u0161et\u0159il \u010das, zat\u00edmco vy se m\u016f\u017eete v\u011bnovat d\u016fle\u017eit\u011bj\u0161\u00edm&#8230;<\/p>\n","protected":false},"featured_media":27014,"comment_status":"closed","ping_status":"open","template":"","meta":{"_kadence_starter_templates_imported_post":false,"_kad_post_transparent":"","_kad_post_title":"","_kad_post_layout":"","_kad_post_sidebar_id":"","_kad_post_content_style":"","_kad_post_vertical_padding":"","_kad_post_feature":"","_kad_post_feature_position":"","_kad_post_header":false,"_kad_post_footer":false,"_kad_post_classname":""},"product_brand":[],"product_cat":[2429,351,349,350,348],"product_tag":[],"class_list":{"0":"post-27013","1":"product","2":"type-product","3":"status-publish","4":"has-post-thumbnail","6":"product_cat-heureka-cz","7":"product_cat-mikrovlnne-trouby","8":"product_cat-spotrebice-do-kuchyne","9":"product_cat-vareni-a-ohrivani","10":"product_cat-velke-spotrebice","12":"first","13":"instock","14":"taxable","15":"shipping-taxable","16":"purchasable","17":"product-type-simple","18":"entry","19":"content-bg","20":"loop-entry"},"_links":{"self":[{"href":"http:\/\/www.outlet-electro.cz\/index.php\/wp-json\/wp\/v2\/product\/27013","targetHints":{"allow":["GET"]}}],"collection":[{"href":"http:\/\/www.outlet-electro.cz\/index.php\/wp-json\/wp\/v2\/product"}],"about":[{"href":"http:\/\/www.outlet-electro.cz\/index.php\/wp-json\/wp\/v2\/types\/product"}],"replies":[{"embeddable":true,"href":"http:\/\/www.outlet-electro.cz\/index.php\/wp-json\/wp\/v2\/comments?post=27013"}],"wp:featuredmedia":[{"embeddable":true,"href":"http:\/\/www.outlet-electro.cz\/index.php\/wp-json\/wp\/v2\/media\/27014"}],"wp:attachment":[{"href":"http:\/\/www.outlet-electro.cz\/index.php\/wp-json\/wp\/v2\/media?parent=27013"}],"wp:term":[{"taxonomy":"product_brand","embeddable":true,"href":"http:\/\/www.outlet-electro.cz\/index.php\/wp-json\/wp\/v2\/product_brand?post=27013"},{"taxonomy":"product_cat","embeddable":true,"href":"http:\/\/www.outlet-electro.cz\/index.php\/wp-json\/wp\/v2\/product_cat?post=27013"},{"taxonomy":"product_tag","embeddable":true,"href":"http:\/\/www.outlet-electro.cz\/index.php\/wp-json\/wp\/v2\/product_tag?post=27013"}],"curies":[{"name":"wp","href":"https:\/\/api.w.org\/{rel}","templated":true}]}}