{"id":27008,"date":"2026-01-26T11:24:32","date_gmt":"2026-01-26T10:24:32","guid":{"rendered":"https:\/\/www.outlet-electro.cz\/index.php\/produkt\/albatros-4-kamaradi-v-akci-kdyz-zavyje-pes-ze-zahrobi\/"},"modified":"2026-01-26T11:24:33","modified_gmt":"2026-01-26T10:24:33","slug":"albatros-4-kamaradi-v-akci-kdyz-zavyje-pes-ze-zahrobi","status":"publish","type":"product","link":"http:\/\/www.outlet-electro.cz\/index.php\/produkt\/albatros-4-kamaradi-v-akci-kdyz-zavyje-pes-ze-zahrobi\/","title":{"rendered":"Albatros 4 kamar\u00e1di v akci &#8211; Kdy\u017e zavyje pes ze z\u00e1hrob\u00ed"},"content":{"rendered":"<p><span>Sly\u0161eli jste n\u011bkdy hr\u016fzn\u00e9 vyt\u00ed, p\u0159i kter\u00e9m stydne krev v \u017eil\u00e1ch? Co t\u0159eba v noci? To si pr\u00fd pes ze z\u00e1hrob\u00ed hled\u00e1 svou ob\u011b\u0165. \u010cty\u0159ka detektiv\u016f &#8211; Patti, Dominik, Erik a Tinou &#8211; se v\u0161ak nenech\u00e1 jen tak zastra\u0161it a vyd\u00e1v\u00e1 se po stop\u00e1ch z\u00e1hadn\u00e9ho stra\u0161idla. Kdy\u017e v\u0161ak beze stopy zmiz\u00ed Erik, d\u011bti pochop\u00ed, \u017ee maj\u00ed co d\u011blat s nebezpe\u010dn\u00fdmi zlo\u010dinci&#8230;<\/span><\/p>\n<p><span>Bazarov\u00fd produkt, z\u00e1ruka 12 m\u011bs\u00edc\u016f<\/span><\/p>\n","protected":false},"excerpt":{"rendered":"<p>Sly\u0161eli jste n\u011bkdy hr\u016fzn\u00e9 vyt\u00ed, p\u0159i kter\u00e9m stydne krev v \u017eil\u00e1ch? Co t\u0159eba v noci? To si pr\u00fd pes ze z\u00e1hrob\u00ed hled\u00e1 svou ob\u011b\u0165. \u010cty\u0159ka detektiv\u016f &#8211; Patti, Dominik, Erik a Tinou &#8211; se v\u0161ak nenech\u00e1 jen tak zastra\u0161it a vyd\u00e1v\u00e1 se po stop\u00e1ch z\u00e1hadn\u00e9ho stra\u0161idla. Kdy\u017e v\u0161ak beze stopy zmiz\u00ed Erik, d\u011bti pochop\u00ed, \u017ee&#8230;<\/p>\n","protected":false},"featured_media":27009,"comment_status":"closed","ping_status":"open","template":"","meta":{"_kadence_starter_templates_imported_post":false,"_kad_post_transparent":"","_kad_post_title":"","_kad_post_layout":"","_kad_post_sidebar_id":"","_kad_post_content_style":"","_kad_post_vertical_padding":"","_kad_post_feature":"","_kad_post_feature_position":"","_kad_post_header":false,"_kad_post_footer":false,"_kad_post_classname":""},"product_brand":[],"product_cat":[2430,2338,2429,2431],"product_tag":[],"class_list":{"0":"post-27008","1":"product","2":"type-product","3":"status-publish","4":"has-post-thumbnail","6":"product_cat-cetba","7":"product_cat-filmy-knihy-hry","8":"product_cat-heureka-cz","9":"product_cat-knihy","11":"first","12":"instock","13":"taxable","14":"shipping-taxable","15":"purchasable","16":"product-type-simple","17":"entry","18":"content-bg","19":"loop-entry"},"_links":{"self":[{"href":"http:\/\/www.outlet-electro.cz\/index.php\/wp-json\/wp\/v2\/product\/27008","targetHints":{"allow":["GET"]}}],"collection":[{"href":"http:\/\/www.outlet-electro.cz\/index.php\/wp-json\/wp\/v2\/product"}],"about":[{"href":"http:\/\/www.outlet-electro.cz\/index.php\/wp-json\/wp\/v2\/types\/product"}],"replies":[{"embeddable":true,"href":"http:\/\/www.outlet-electro.cz\/index.php\/wp-json\/wp\/v2\/comments?post=27008"}],"wp:featuredmedia":[{"embeddable":true,"href":"http:\/\/www.outlet-electro.cz\/index.php\/wp-json\/wp\/v2\/media\/27009"}],"wp:attachment":[{"href":"http:\/\/www.outlet-electro.cz\/index.php\/wp-json\/wp\/v2\/media?parent=27008"}],"wp:term":[{"taxonomy":"product_brand","embeddable":true,"href":"http:\/\/www.outlet-electro.cz\/index.php\/wp-json\/wp\/v2\/product_brand?post=27008"},{"taxonomy":"product_cat","embeddable":true,"href":"http:\/\/www.outlet-electro.cz\/index.php\/wp-json\/wp\/v2\/product_cat?post=27008"},{"taxonomy":"product_tag","embeddable":true,"href":"http:\/\/www.outlet-electro.cz\/index.php\/wp-json\/wp\/v2\/product_tag?post=27008"}],"curies":[{"name":"wp","href":"https:\/\/api.w.org\/{rel}","templated":true}]}}