{"id":27006,"date":"2026-01-26T11:24:32","date_gmt":"2026-01-26T10:24:32","guid":{"rendered":"https:\/\/www.outlet-electro.cz\/index.php\/produkt\/albatros-4-kamaradi-v-akci-pomsta-cervene-mumie\/"},"modified":"2026-01-26T11:24:33","modified_gmt":"2026-01-26T10:24:33","slug":"albatros-4-kamaradi-v-akci-pomsta-cervene-mumie","status":"publish","type":"product","link":"http:\/\/www.outlet-electro.cz\/index.php\/produkt\/albatros-4-kamaradi-v-akci-pomsta-cervene-mumie\/","title":{"rendered":"Albatros 4 kamar\u00e1di v akci &#8211; Pomsta \u010derven\u00e9 mumie"},"content":{"rendered":"<p><span>Parta \u010dty\u0159 mlad\u00fdch detektiv\u016f se na pr\u00e1zdnin\u00e1ch v Egypt\u011b dost\u00e1v\u00e1 do velice nebezpe\u010dn\u00fdch situac\u00ed. N\u011bkdo je chce zastra\u0161it, aby nep\u00e1trali po z\u00e1hadn\u011b zmizel\u00fdch archeologick\u00fdch cennostech. Kdo je zlod\u011bj? A kdo stoj\u00ed v pozad\u00ed nelidsk\u00e9ho obchod<\/span><span>ov\u00e1n\u00ed se \u017eebr\u00e1ky a d\u011btsk\u00fdmi otroky? \u010ctve\u0159ice z\u00e1pas\u00ed o hol\u00fd \u017eivot.<\/span><\/p>\n<p><span>Bazarov\u00fd produkt, z\u00e1ruka 12 m\u011bs\u00edc\u016f<\/span><\/p>\n","protected":false},"excerpt":{"rendered":"<p>Parta \u010dty\u0159 mlad\u00fdch detektiv\u016f se na pr\u00e1zdnin\u00e1ch v Egypt\u011b dost\u00e1v\u00e1 do velice nebezpe\u010dn\u00fdch situac\u00ed. N\u011bkdo je chce zastra\u0161it, aby nep\u00e1trali po z\u00e1hadn\u011b zmizel\u00fdch archeologick\u00fdch cennostech. Kdo je zlod\u011bj? A kdo stoj\u00ed v pozad\u00ed nelidsk\u00e9ho obchodov\u00e1n\u00ed se \u017eebr\u00e1ky a d\u011btsk\u00fdmi otroky? \u010ctve\u0159ice z\u00e1pas\u00ed o hol\u00fd \u017eivot. Bazarov\u00fd produkt, z\u00e1ruka 12 m\u011bs\u00edc\u016f<\/p>\n","protected":false},"featured_media":27007,"comment_status":"closed","ping_status":"open","template":"","meta":{"_kadence_starter_templates_imported_post":false,"_kad_post_transparent":"","_kad_post_title":"","_kad_post_layout":"","_kad_post_sidebar_id":"","_kad_post_content_style":"","_kad_post_vertical_padding":"","_kad_post_feature":"","_kad_post_feature_position":"","_kad_post_header":false,"_kad_post_footer":false,"_kad_post_classname":""},"product_brand":[],"product_cat":[2430,2338,2429,2431],"product_tag":[],"class_list":{"0":"post-27006","1":"product","2":"type-product","3":"status-publish","4":"has-post-thumbnail","6":"product_cat-cetba","7":"product_cat-filmy-knihy-hry","8":"product_cat-heureka-cz","9":"product_cat-knihy","11":"first","12":"instock","13":"taxable","14":"shipping-taxable","15":"purchasable","16":"product-type-simple","17":"entry","18":"content-bg","19":"loop-entry"},"_links":{"self":[{"href":"http:\/\/www.outlet-electro.cz\/index.php\/wp-json\/wp\/v2\/product\/27006","targetHints":{"allow":["GET"]}}],"collection":[{"href":"http:\/\/www.outlet-electro.cz\/index.php\/wp-json\/wp\/v2\/product"}],"about":[{"href":"http:\/\/www.outlet-electro.cz\/index.php\/wp-json\/wp\/v2\/types\/product"}],"replies":[{"embeddable":true,"href":"http:\/\/www.outlet-electro.cz\/index.php\/wp-json\/wp\/v2\/comments?post=27006"}],"wp:featuredmedia":[{"embeddable":true,"href":"http:\/\/www.outlet-electro.cz\/index.php\/wp-json\/wp\/v2\/media\/27007"}],"wp:attachment":[{"href":"http:\/\/www.outlet-electro.cz\/index.php\/wp-json\/wp\/v2\/media?parent=27006"}],"wp:term":[{"taxonomy":"product_brand","embeddable":true,"href":"http:\/\/www.outlet-electro.cz\/index.php\/wp-json\/wp\/v2\/product_brand?post=27006"},{"taxonomy":"product_cat","embeddable":true,"href":"http:\/\/www.outlet-electro.cz\/index.php\/wp-json\/wp\/v2\/product_cat?post=27006"},{"taxonomy":"product_tag","embeddable":true,"href":"http:\/\/www.outlet-electro.cz\/index.php\/wp-json\/wp\/v2\/product_tag?post=27006"}],"curies":[{"name":"wp","href":"https:\/\/api.w.org\/{rel}","templated":true}]}}