{"id":27002,"date":"2026-01-26T11:24:32","date_gmt":"2026-01-26T10:24:32","guid":{"rendered":"https:\/\/www.outlet-electro.cz\/index.php\/produkt\/albatros-4-kamaradi-v-akci-carodejova-vez\/"},"modified":"2026-01-26T11:24:33","modified_gmt":"2026-01-26T10:24:33","slug":"albatros-4-kamaradi-v-akci-carodejova-vez","status":"publish","type":"product","link":"http:\/\/www.outlet-electro.cz\/index.php\/produkt\/albatros-4-kamaradi-v-akci-carodejova-vez\/","title":{"rendered":"Albatros 4 kamar\u00e1di v akci &#8211; \u010carod\u011bjova v\u011b\u017e"},"content":{"rendered":"<p><span>Parta detektiv\u016f mus\u00ed tentokr\u00e1t rozlousknout zapeklit\u00fd p\u0159\u00edpad. Ve vesni\u010dce, kde li\u0161ky d\u00e1vaj\u00ed dobrou noc, se za\u010dne zjevovat \u010darod\u011bj, kter\u00fd je u\u017e p\u011bt set let mrtv\u00fd. Je to duch, nebo se jedn\u00e1 jen o n\u011bjak\u00e9 lacin\u00e9 triky? Nav\u00edc se zd\u00e1, jako by v\u0161ichni obyvatel\u00e9 Limbachu m\u011bli co skr\u00fdvat. Poda\u0159\u00ed se \u010cty\u0159ce rozpl\u00e9st labyrint l\u017e\u00ed a \u00faskok\u016f?<\/span><\/p>\n<p><span>Bazarov\u00fd produkt, z\u00e1ruka 12 m\u011bs\u00edc\u016f<\/span><\/p>\n","protected":false},"excerpt":{"rendered":"<p>Parta detektiv\u016f mus\u00ed tentokr\u00e1t rozlousknout zapeklit\u00fd p\u0159\u00edpad. Ve vesni\u010dce, kde li\u0161ky d\u00e1vaj\u00ed dobrou noc, se za\u010dne zjevovat \u010darod\u011bj, kter\u00fd je u\u017e p\u011bt set let mrtv\u00fd. Je to duch, nebo se jedn\u00e1 jen o n\u011bjak\u00e9 lacin\u00e9 triky? Nav\u00edc se zd\u00e1, jako by v\u0161ichni obyvatel\u00e9 Limbachu m\u011bli co skr\u00fdvat. Poda\u0159\u00ed se \u010cty\u0159ce rozpl\u00e9st labyrint l\u017e\u00ed a \u00faskok\u016f?&#8230;<\/p>\n","protected":false},"featured_media":27003,"comment_status":"closed","ping_status":"open","template":"","meta":{"_kadence_starter_templates_imported_post":false,"_kad_post_transparent":"","_kad_post_title":"","_kad_post_layout":"","_kad_post_sidebar_id":"","_kad_post_content_style":"","_kad_post_vertical_padding":"","_kad_post_feature":"","_kad_post_feature_position":"","_kad_post_header":false,"_kad_post_footer":false,"_kad_post_classname":""},"product_brand":[],"product_cat":[2430,2338,2429,2431],"product_tag":[],"class_list":{"0":"post-27002","1":"product","2":"type-product","3":"status-publish","4":"has-post-thumbnail","6":"product_cat-cetba","7":"product_cat-filmy-knihy-hry","8":"product_cat-heureka-cz","9":"product_cat-knihy","11":"first","12":"instock","13":"taxable","14":"shipping-taxable","15":"purchasable","16":"product-type-simple","17":"entry","18":"content-bg","19":"loop-entry"},"_links":{"self":[{"href":"http:\/\/www.outlet-electro.cz\/index.php\/wp-json\/wp\/v2\/product\/27002","targetHints":{"allow":["GET"]}}],"collection":[{"href":"http:\/\/www.outlet-electro.cz\/index.php\/wp-json\/wp\/v2\/product"}],"about":[{"href":"http:\/\/www.outlet-electro.cz\/index.php\/wp-json\/wp\/v2\/types\/product"}],"replies":[{"embeddable":true,"href":"http:\/\/www.outlet-electro.cz\/index.php\/wp-json\/wp\/v2\/comments?post=27002"}],"wp:featuredmedia":[{"embeddable":true,"href":"http:\/\/www.outlet-electro.cz\/index.php\/wp-json\/wp\/v2\/media\/27003"}],"wp:attachment":[{"href":"http:\/\/www.outlet-electro.cz\/index.php\/wp-json\/wp\/v2\/media?parent=27002"}],"wp:term":[{"taxonomy":"product_brand","embeddable":true,"href":"http:\/\/www.outlet-electro.cz\/index.php\/wp-json\/wp\/v2\/product_brand?post=27002"},{"taxonomy":"product_cat","embeddable":true,"href":"http:\/\/www.outlet-electro.cz\/index.php\/wp-json\/wp\/v2\/product_cat?post=27002"},{"taxonomy":"product_tag","embeddable":true,"href":"http:\/\/www.outlet-electro.cz\/index.php\/wp-json\/wp\/v2\/product_tag?post=27002"}],"curies":[{"name":"wp","href":"https:\/\/api.w.org\/{rel}","templated":true}]}}