{"id":27000,"date":"2026-01-26T11:24:32","date_gmt":"2026-01-26T10:24:32","guid":{"rendered":"https:\/\/www.outlet-electro.cz\/index.php\/produkt\/albatros-4-kamaradi-v-akci-zahada-snezne-prisery\/"},"modified":"2026-01-26T11:24:33","modified_gmt":"2026-01-26T10:24:33","slug":"albatros-4-kamaradi-v-akci-zahada-snezne-prisery","status":"publish","type":"product","link":"http:\/\/www.outlet-electro.cz\/index.php\/produkt\/albatros-4-kamaradi-v-akci-zahada-snezne-prisery\/","title":{"rendered":"Albatros 4 kamar\u00e1di v akci &#8211; Z\u00e1hada sn\u011b\u017en\u00e9 p\u0159\u00ed\u0161ery"},"content":{"rendered":"<p><span>V horsk\u00e9m st\u0159edisku \u0159\u00e1d\u00ed sn\u011b\u017en\u00e1 p\u0159\u00ed\u0161era. Mezi turisty se \u0161\u00ed\u0159\u00ed hr\u016fza a d\u011bs. Radost z ly\u017eov\u00e1n\u00ed vyst\u0159\u00edd\u00e1 panika. Kdo se skr\u00fdv\u00e1 za b\u00edl\u00fdm p\u0159\u00edzrakem? Jakmile se parta detektiv\u016f vyd\u00e1 po jeho stop\u00e1ch, jeden \u010dlen \u010cty\u0159ky je unesen&#8230;<\/span><\/p>\n<p><span>Bazarov\u00fd produkt, z\u00e1ruka 12 m\u011bs\u00edc\u016f<\/span><\/p>\n","protected":false},"excerpt":{"rendered":"<p>V horsk\u00e9m st\u0159edisku \u0159\u00e1d\u00ed sn\u011b\u017en\u00e1 p\u0159\u00ed\u0161era. Mezi turisty se \u0161\u00ed\u0159\u00ed hr\u016fza a d\u011bs. Radost z ly\u017eov\u00e1n\u00ed vyst\u0159\u00edd\u00e1 panika. Kdo se skr\u00fdv\u00e1 za b\u00edl\u00fdm p\u0159\u00edzrakem? Jakmile se parta detektiv\u016f vyd\u00e1 po jeho stop\u00e1ch, jeden \u010dlen \u010cty\u0159ky je unesen&#8230; Bazarov\u00fd produkt, z\u00e1ruka 12 m\u011bs\u00edc\u016f<\/p>\n","protected":false},"featured_media":27001,"comment_status":"closed","ping_status":"open","template":"","meta":{"_kadence_starter_templates_imported_post":false,"_kad_post_transparent":"","_kad_post_title":"","_kad_post_layout":"","_kad_post_sidebar_id":"","_kad_post_content_style":"","_kad_post_vertical_padding":"","_kad_post_feature":"","_kad_post_feature_position":"","_kad_post_header":false,"_kad_post_footer":false,"_kad_post_classname":""},"product_brand":[],"product_cat":[2430,2338,2429,2431],"product_tag":[],"class_list":{"0":"post-27000","1":"product","2":"type-product","3":"status-publish","4":"has-post-thumbnail","6":"product_cat-cetba","7":"product_cat-filmy-knihy-hry","8":"product_cat-heureka-cz","9":"product_cat-knihy","11":"first","12":"instock","13":"taxable","14":"shipping-taxable","15":"purchasable","16":"product-type-simple","17":"entry","18":"content-bg","19":"loop-entry"},"_links":{"self":[{"href":"http:\/\/www.outlet-electro.cz\/index.php\/wp-json\/wp\/v2\/product\/27000","targetHints":{"allow":["GET"]}}],"collection":[{"href":"http:\/\/www.outlet-electro.cz\/index.php\/wp-json\/wp\/v2\/product"}],"about":[{"href":"http:\/\/www.outlet-electro.cz\/index.php\/wp-json\/wp\/v2\/types\/product"}],"replies":[{"embeddable":true,"href":"http:\/\/www.outlet-electro.cz\/index.php\/wp-json\/wp\/v2\/comments?post=27000"}],"wp:featuredmedia":[{"embeddable":true,"href":"http:\/\/www.outlet-electro.cz\/index.php\/wp-json\/wp\/v2\/media\/27001"}],"wp:attachment":[{"href":"http:\/\/www.outlet-electro.cz\/index.php\/wp-json\/wp\/v2\/media?parent=27000"}],"wp:term":[{"taxonomy":"product_brand","embeddable":true,"href":"http:\/\/www.outlet-electro.cz\/index.php\/wp-json\/wp\/v2\/product_brand?post=27000"},{"taxonomy":"product_cat","embeddable":true,"href":"http:\/\/www.outlet-electro.cz\/index.php\/wp-json\/wp\/v2\/product_cat?post=27000"},{"taxonomy":"product_tag","embeddable":true,"href":"http:\/\/www.outlet-electro.cz\/index.php\/wp-json\/wp\/v2\/product_tag?post=27000"}],"curies":[{"name":"wp","href":"https:\/\/api.w.org\/{rel}","templated":true}]}}