{"id":26996,"date":"2026-01-26T11:24:32","date_gmt":"2026-01-26T10:24:32","guid":{"rendered":"https:\/\/www.outlet-electro.cz\/index.php\/produkt\/buddy-toys-bpc-5280-mercedes-g350d-3v1-mercedes-benz-g350d\/"},"modified":"2026-01-26T11:24:33","modified_gmt":"2026-01-26T10:24:33","slug":"buddy-toys-bpc-5280-mercedes-g350d-3v1-mercedes-benz-g350d","status":"publish","type":"product","link":"http:\/\/www.outlet-electro.cz\/index.php\/produkt\/buddy-toys-bpc-5280-mercedes-g350d-3v1-mercedes-benz-g350d\/","title":{"rendered":"Buddy Toys BPC 5280 Mercedes G350d 3v1 Mercedes-Benz G350d"},"content":{"rendered":"<p>P\u0159edstavujeme v\u00e1m&nbsp;<strong style=\"font-family: var(--template-font),sans-serif;\">odr\u00e1\u017eedlo 3v1 BUDDY TOYS BPC 5280 Mercedes G350d<\/strong><span style=\"font-family: var(--template-font),sans-serif;\">&nbsp;<\/span><span style=\"font-family: var(--template-font),sans-serif;\">\u2013 ide\u00e1ln\u00ed zp\u016fsob, jak va\u0161e d\u00edt\u011b p\u0159em\u011bnit na mal\u00e9ho automobilov\u00e9ho z\u00e1vodn\u00edka!  \ufe0f  Toto ofici\u00e1ln\u011b licencovan\u00e9 odr\u00e1\u017eedlo je tak stylov\u00e9, \u017ee i dosp\u011bl\u00ed budou m\u00edt chu\u0165 si na n\u011bm zajezdit (ale pozor, nosnost je pouze 25 kg, tak\u017ee si dejte pozor na ty su\u0161enky!).  <\/span><\/p>\n<p>&nbsp;<\/p>\n<p>S \u00falo\u017en\u00fdm prostorem pod sed\u00e1tkem se va\u0161e d\u00edt\u011b m\u016f\u017ee st\u00e1t mal\u00fdm dobrodruhem, kter\u00fd si s sebou vezme v\u0161echny nezbytnosti \u2013 od obl\u00edben\u00e9ho ply\u0161\u00e1ka po tajn\u00e9 z\u00e1soby bonb\u00f3n\u016f!   A kdy\u017e se na volantu ozvou zvuky a melodie, va\u0161e d\u00edt\u011b se bude c\u00edtit jako superstar na koncert\u011b, zat\u00edmco vy se budete sna\u017eit udr\u017eet krok s jeho \u201erockov\u00fdmi\u201c pohyby!  <\/p>\n<p>A co v\u00edc? Odr\u00e1\u017eedlo m\u00e1 dr\u017e\u00e1k na pit\u00ed, tak\u017ee \u017e\u00e1dn\u00e9 \u201emami, j\u00e1 m\u00e1m \u017e\u00edze\u0148\u201c b\u011bhem z\u00e1vod\u011bn\u00ed!   Vhodn\u00e9 pro d\u011bti od 2 let, tak\u017ee pokud m\u00e1te doma mal\u00e9ho z\u00e1vodn\u00edka, je \u010das na start!<\/p>\n<p>S rozm\u011bry 82 x 43 x 95 cm a sed\u00e1tkem ve v\u00fd\u0161ce 26 cm je to ide\u00e1ln\u00ed stroj pro mal\u00e9 no\u017ei\u010dky, kter\u00e9 se chystaj\u00ed dob\u00fdt sv\u011bt (nebo alespo\u0148 va\u0161i zahradu).  <\/p>\n<p>A nezapome\u0148te, \u017ee k tomu pot\u0159ebujete 2x AA baterie, kter\u00e9 nejsou sou\u010d\u00e1st\u00ed dod\u00e1vky \u2013 tak\u017ee si je nezapome\u0148te p\u0159ibalit, jinak se va\u0161e odr\u00e1\u017eedlo prom\u011bn\u00ed v kr\u00e1sn\u00fd, ale nefunk\u010dn\u00ed kousek n\u00e1bytku!  \ufe0f<\/p>\n<p>Tak\u017ee, p\u0159ipravte se na dobrodru\u017estv\u00ed a nechte sv\u00e9 d\u00edt\u011b za\u017e\u00edt pocit svobody na \u010dty\u0159ech kolech s t\u00edmto \u00fa\u017easn\u00fdm odr\u00e1\u017eedlem!  <\/p>\n<p>&nbsp;Bazarov\u00fd produkt, z\u00e1ruka 12 m\u011bs\u00edc\u016f<\/p>\n","protected":false},"excerpt":{"rendered":"<p>P\u0159edstavujeme v\u00e1m&nbsp;odr\u00e1\u017eedlo 3v1 BUDDY TOYS BPC 5280 Mercedes G350d&nbsp;\u2013 ide\u00e1ln\u00ed zp\u016fsob, jak va\u0161e d\u00edt\u011b p\u0159em\u011bnit na mal\u00e9ho automobilov\u00e9ho z\u00e1vodn\u00edka! \ufe0f Toto ofici\u00e1ln\u011b licencovan\u00e9 odr\u00e1\u017eedlo je tak stylov\u00e9, \u017ee i dosp\u011bl\u00ed budou m\u00edt chu\u0165 si na n\u011bm zajezdit (ale pozor, nosnost je pouze 25 kg, tak\u017ee si dejte pozor na ty su\u0161enky!). &nbsp; S \u00falo\u017en\u00fdm prostorem&#8230;<\/p>\n","protected":false},"featured_media":26997,"comment_status":"closed","ping_status":"open","template":"","meta":{"_kadence_starter_templates_imported_post":false,"_kad_post_transparent":"","_kad_post_title":"","_kad_post_layout":"","_kad_post_sidebar_id":"","_kad_post_content_style":"","_kad_post_vertical_padding":"","_kad_post_feature":"","_kad_post_feature_position":"","_kad_post_header":false,"_kad_post_footer":false,"_kad_post_classname":""},"product_brand":[],"product_cat":[454,444,2429,420,421],"product_tag":[],"class_list":{"0":"post-26996","1":"product","2":"type-product","3":"status-publish","4":"has-post-thumbnail","6":"product_cat-detska-odrazedla","7":"product_cat-detska-vozitka-a-prislusenstvi","8":"product_cat-heureka-cz","9":"product_cat-hracky","10":"product_cat-hracky-na-zahradu","12":"first","13":"instock","14":"taxable","15":"shipping-taxable","16":"purchasable","17":"product-type-simple","18":"entry","19":"content-bg","20":"loop-entry"},"_links":{"self":[{"href":"http:\/\/www.outlet-electro.cz\/index.php\/wp-json\/wp\/v2\/product\/26996","targetHints":{"allow":["GET"]}}],"collection":[{"href":"http:\/\/www.outlet-electro.cz\/index.php\/wp-json\/wp\/v2\/product"}],"about":[{"href":"http:\/\/www.outlet-electro.cz\/index.php\/wp-json\/wp\/v2\/types\/product"}],"replies":[{"embeddable":true,"href":"http:\/\/www.outlet-electro.cz\/index.php\/wp-json\/wp\/v2\/comments?post=26996"}],"wp:featuredmedia":[{"embeddable":true,"href":"http:\/\/www.outlet-electro.cz\/index.php\/wp-json\/wp\/v2\/media\/26997"}],"wp:attachment":[{"href":"http:\/\/www.outlet-electro.cz\/index.php\/wp-json\/wp\/v2\/media?parent=26996"}],"wp:term":[{"taxonomy":"product_brand","embeddable":true,"href":"http:\/\/www.outlet-electro.cz\/index.php\/wp-json\/wp\/v2\/product_brand?post=26996"},{"taxonomy":"product_cat","embeddable":true,"href":"http:\/\/www.outlet-electro.cz\/index.php\/wp-json\/wp\/v2\/product_cat?post=26996"},{"taxonomy":"product_tag","embeddable":true,"href":"http:\/\/www.outlet-electro.cz\/index.php\/wp-json\/wp\/v2\/product_tag?post=26996"}],"curies":[{"name":"wp","href":"https:\/\/api.w.org\/{rel}","templated":true}]}}