{"id":26994,"date":"2026-01-26T11:24:32","date_gmt":"2026-01-26T10:24:32","guid":{"rendered":"https:\/\/www.outlet-electro.cz\/index.php\/produkt\/rychlovarna-konvice-sencor-swk-1748wh\/"},"modified":"2026-01-26T11:24:33","modified_gmt":"2026-01-26T10:24:33","slug":"rychlovarna-konvice-sencor-swk-1748wh","status":"publish","type":"product","link":"http:\/\/www.outlet-electro.cz\/index.php\/produkt\/rychlovarna-konvice-sencor-swk-1748wh\/","title":{"rendered":"Rychlovarn\u00e1 konvice Sencor SWK 1748WH"},"content":{"rendered":"<p><span>P\u0159edstavujeme rychlovarnou konvici SENCOR SWK 1748WH \u2013 neohro\u017een\u00e9ho \u0161ampiona mezi kuchy\u0148sk\u00fdmi spot\u0159ebi\u010di, kter\u00fd se postar\u00e1, aby v\u00e1\u0161 \u010daj byl rychlej\u0161\u00ed ne\u017e rann\u00ed sprint na autobus! \u2615 <\/span><\/p>\n<p><span>Tato 1,7litrov\u00e1 kr\u00e1ska se py\u0161n\u00ed bleskov\u00fdm oh\u0159evem vody, tak\u017ee v\u00e1\u0161 \u010daj nebo k\u00e1va bude p\u0159ipraven\u00e1 d\u0159\u00edve, ne\u017e si stihnete rozmyslet, jestli chcete cukr. A d\u00edky skv\u011ble viditeln\u00e9mu ukazateli hladiny vody nikdy neztrat\u00edte p\u0159ehled o tom, kolik vody tam vlastn\u011b m\u00e1te. P\u0159esn\u011b tak \u2013 s touto konvic\u00ed nen\u00ed \u017e\u00e1dn\u00fd prostor pro drama!<\/span><\/p>\n<p><span>Hlavn\u00ed p\u0159ednosti:<\/span><\/p>\n<ul>\n<li>\n<p><span><strong>Vyj\u00edmateln\u00fd filtr na ne\u010distoty a vodn\u00ed k\u00e1men<\/strong>: U\u017e \u017e\u00e1dn\u00e9 p\u0159ekvapen\u00ed ve va\u0161em hrnku, jen \u010dist\u00e1 voda a klid na du\u0161i.<\/span><\/p>\n<\/li>\n<li>\n<p><span><strong>Trojn\u00e1sobn\u00e9 bezpe\u010dnostn\u00ed ji\u0161t\u011bn\u00ed<\/strong>: Bezpe\u010dnost na prvn\u00edm m\u00edst\u011b, tak\u017ee se nemus\u00edte b\u00e1t ani n\u00e1hodn\u00fdch ro\u0161\u0165\u00e1ren.<\/span><\/p>\n<\/li>\n<li>\n<p><span><strong>Sv\u011bteln\u00e1 kontrolka zapnut\u00ed<\/strong>: Skv\u011bl\u00e1 i pro nesly\u0161\u00edc\u00ed u\u017eivatele \u2013 v\u00edte, \u017ee je v akci, ani\u017e byste museli h\u00e1dat.<\/span><\/p>\n<\/li>\n<\/ul>\n<p><span>Dal\u0161\u00ed vychyt\u00e1vky:<\/span><\/p>\n<ul>\n<li>\n<p><span><strong>Otev\u00edr\u00e1n\u00ed v\u00edka stisknut\u00edm tla\u010d\u00edtka<\/strong>: \u017d\u00e1dn\u00e9 z\u00e1pasen\u00ed, jen jedno cvaknut\u00ed a jste tam.<\/span><\/p>\n<\/li>\n<li>\n<p><span><strong>360\u00b0 STRIX konektor<\/strong>: Bez ohledu na to, jak ji polo\u017e\u00edte, v\u017edy to bude dokonal\u00e9 \u2013 symetrie je jej\u00ed st\u0159edn\u00ed jm\u00e9no.<\/span><\/p>\n<\/li>\n<li>\n<p><span><strong>N\u00edzk\u00e1 hmotnost<\/strong>: I po del\u0161\u00edm pou\u017e\u00edv\u00e1n\u00ed z\u016fst\u00e1v\u00e1 p\u0159enosn\u00e1 a snadno ovladateln\u00e1.<\/span><\/p>\n<\/li>\n<\/ul>\n<p><span>Topn\u00e9 dno z nerezov\u00e9 oceli se zakrytou topnou spir\u00e1lou zaji\u0161\u0165uje nejen rychlost, ale i snadn\u00e9 \u010di\u0161t\u011bn\u00ed. A d\u00edky BPA nez\u00e1vadn\u00e9mu plastu m\u00e1te jistotu, \u017ee v\u00e1m bude v\u011brn\u011b slou\u017eit po dlouhou dobu.<\/span><\/p>\n<p><span>S rychlovarnou konvic\u00ed SENCOR SWK 1748WH si zajist\u00edte, \u017ee rann\u00ed k\u00e1va nebo odpoledn\u00ed \u010daj budou p\u0159ipraveny rychle, bezpe\u010dn\u011b a s eleganc\u00ed. V\u00edtejte ve sv\u011bt\u011b dokonal\u00e9ho varu!&nbsp;<\/span><\/p>\n<p><span>Z\u00e1ruka 24 m\u011bs\u00edc\u016f.<\/span><\/p>\n","protected":false},"excerpt":{"rendered":"<p>P\u0159edstavujeme rychlovarnou konvici SENCOR SWK 1748WH \u2013 neohro\u017een\u00e9ho \u0161ampiona mezi kuchy\u0148sk\u00fdmi spot\u0159ebi\u010di, kter\u00fd se postar\u00e1, aby v\u00e1\u0161 \u010daj byl rychlej\u0161\u00ed ne\u017e rann\u00ed sprint na autobus! \u2615 Tato 1,7litrov\u00e1 kr\u00e1ska se py\u0161n\u00ed bleskov\u00fdm oh\u0159evem vody, tak\u017ee v\u00e1\u0161 \u010daj nebo k\u00e1va bude p\u0159ipraven\u00e1 d\u0159\u00edve, ne\u017e si stihnete rozmyslet, jestli chcete cukr. A d\u00edky skv\u011ble viditeln\u00e9mu ukazateli hladiny&#8230;<\/p>\n","protected":false},"featured_media":26995,"comment_status":"closed","ping_status":"open","template":"","meta":{"_kadence_starter_templates_imported_post":false,"_kad_post_transparent":"","_kad_post_title":"","_kad_post_layout":"","_kad_post_sidebar_id":"","_kad_post_content_style":"","_kad_post_vertical_padding":"","_kad_post_feature":"","_kad_post_feature_position":"","_kad_post_header":false,"_kad_post_footer":false,"_kad_post_classname":""},"product_brand":[],"product_cat":[333,2429,334,335,336],"product_tag":[],"class_list":{"0":"post-26994","1":"product","2":"type-product","3":"status-publish","4":"has-post-thumbnail","6":"product_cat-domaci-a-osobni-spotrebice","7":"product_cat-heureka-cz","8":"product_cat-kuchynske-spotrebice","9":"product_cat-priprava-napoju","10":"product_cat-rychlovarne-konvice","12":"first","13":"instock","14":"taxable","15":"shipping-taxable","16":"purchasable","17":"product-type-simple","18":"entry","19":"content-bg","20":"loop-entry"},"_links":{"self":[{"href":"http:\/\/www.outlet-electro.cz\/index.php\/wp-json\/wp\/v2\/product\/26994","targetHints":{"allow":["GET"]}}],"collection":[{"href":"http:\/\/www.outlet-electro.cz\/index.php\/wp-json\/wp\/v2\/product"}],"about":[{"href":"http:\/\/www.outlet-electro.cz\/index.php\/wp-json\/wp\/v2\/types\/product"}],"replies":[{"embeddable":true,"href":"http:\/\/www.outlet-electro.cz\/index.php\/wp-json\/wp\/v2\/comments?post=26994"}],"wp:featuredmedia":[{"embeddable":true,"href":"http:\/\/www.outlet-electro.cz\/index.php\/wp-json\/wp\/v2\/media\/26995"}],"wp:attachment":[{"href":"http:\/\/www.outlet-electro.cz\/index.php\/wp-json\/wp\/v2\/media?parent=26994"}],"wp:term":[{"taxonomy":"product_brand","embeddable":true,"href":"http:\/\/www.outlet-electro.cz\/index.php\/wp-json\/wp\/v2\/product_brand?post=26994"},{"taxonomy":"product_cat","embeddable":true,"href":"http:\/\/www.outlet-electro.cz\/index.php\/wp-json\/wp\/v2\/product_cat?post=26994"},{"taxonomy":"product_tag","embeddable":true,"href":"http:\/\/www.outlet-electro.cz\/index.php\/wp-json\/wp\/v2\/product_tag?post=26994"}],"curies":[{"name":"wp","href":"https:\/\/api.w.org\/{rel}","templated":true}]}}