{"id":26992,"date":"2026-01-26T11:24:32","date_gmt":"2026-01-26T10:24:32","guid":{"rendered":"https:\/\/www.outlet-electro.cz\/index.php\/produkt\/balkonovy-set-fieldmann-fdzn-5002\/"},"modified":"2026-01-26T11:24:33","modified_gmt":"2026-01-26T10:24:33","slug":"balkonovy-set-fieldmann-fdzn-5002","status":"publish","type":"product","link":"http:\/\/www.outlet-electro.cz\/index.php\/produkt\/balkonovy-set-fieldmann-fdzn-5002\/","title":{"rendered":"Balkonov\u00fd set Fieldmann FDZN 5002"},"content":{"rendered":"<p><span>Hled\u00e1te dokonal\u00e9 m\u00edsto pro rann\u00ed k\u00e1vu nebo ve\u010dern\u00ed skleni\u010dku v\u00edna? P\u0159edstavujeme v\u00e1m balkonov\u00fd set Fieldmann FDZN 5002 &#8211; v\u00e1\u0161 nov\u00fd obl\u00edben\u00fd kout pro relaxaci! <\/span><\/p>\n<p><span>Tento elegantn\u00ed duo set obsahuje stylov\u00fd stolek s \u010dernou sklen\u011bnou deskou (proto\u017ee kdo by cht\u011bl oby\u010dejn\u00fd st\u016fl, \u017ee?) a dv\u011b pohodln\u00e9 \u017eidle, kter\u00e9 unesou i va\u0161e n\u00e1v\u0161t\u011bvy po vydatn\u00e9m ned\u011bln\u00edm ob\u011bd\u011b (nosnost 100 kg, testov\u00e1no na tchyni). <\/span><\/p>\n<p><span>Konstrukce je z oceli, tak\u017ee vydr\u017e\u00ed i n\u00e1hl\u00fd z\u00e1chvat vzteku p\u0159i sledov\u00e1n\u00ed sportovn\u00edho p\u0159enosu. \u017didle jsou vybaveny speci\u00e1ln\u00ed um\u011blou textili\u00ed &#8211; \u017e\u00e1dn\u00e9 nep\u0159\u00edjemn\u00e9 lepen\u00ed k seda\u010dce v l\u00e9t\u011b! <\/span><\/p>\n<p><span>A to nejlep\u0161\u00ed nakonec? Kdy\u017e p\u0159ijde tchyn\u011b na n\u00e1v\u0161t\u011bvu neohl\u00e1\u0161en\u011b, cel\u00fd set m\u016f\u017eete bleskov\u011b slo\u017eit a d\u011blat, \u017ee nejste doma!<\/span><\/p>\n<p><span> Vhodn\u00e9 pro interi\u00e9r i exteri\u00e9r, \u00fadr\u017eba nulov\u00e1 &#8211; p\u0159esn\u011b jako va\u0161e chu\u0165 ukl\u00edzet po n\u00e1ro\u010dn\u00e9m dni. <\/span><\/p>\n<p><span>Rozm\u011bry jsou akor\u00e1t &#8211; nen\u00ed to ani p\u0159\u00edli\u0161 velk\u00e9, aby v\u00e1m zbylo m\u00edsto na balkon\u011b i na to raj\u010de v kv\u011btin\u00e1\u010di, ani p\u0159\u00edli\u0161 mal\u00e9, aby se v\u00e1m p\u0159evrhl drink.&nbsp;<\/span><\/p>\n<ul>\n<li><strong>Rozm\u011bry stolu: 60 x 60 x 71 cm<\/strong><\/li>\n<li><strong>Rozm\u011bry \u017eidle: 57 x 47 x 76 cm (2 ks v balen\u00ed)<\/strong><strong><\/strong><\/li>\n<\/ul>\n<p>&nbsp;<\/p>\n<p><strong><\/strong><strong><\/strong>Bazarov\u00fd produkt, z\u00e1ruka 12 m\u011bs\u00edc\u016f<\/p>\n","protected":false},"excerpt":{"rendered":"<p>Hled\u00e1te dokonal\u00e9 m\u00edsto pro rann\u00ed k\u00e1vu nebo ve\u010dern\u00ed skleni\u010dku v\u00edna? P\u0159edstavujeme v\u00e1m balkonov\u00fd set Fieldmann FDZN 5002 &#8211; v\u00e1\u0161 nov\u00fd obl\u00edben\u00fd kout pro relaxaci! Tento elegantn\u00ed duo set obsahuje stylov\u00fd stolek s \u010dernou sklen\u011bnou deskou (proto\u017ee kdo by cht\u011bl oby\u010dejn\u00fd st\u016fl, \u017ee?) a dv\u011b pohodln\u00e9 \u017eidle, kter\u00e9 unesou i va\u0161e n\u00e1v\u0161t\u011bvy po vydatn\u00e9m ned\u011bln\u00edm ob\u011bd\u011b&#8230;<\/p>\n","protected":false},"featured_media":26993,"comment_status":"closed","ping_status":"open","template":"","meta":{"_kadence_starter_templates_imported_post":false,"_kad_post_transparent":"","_kad_post_title":"","_kad_post_layout":"","_kad_post_sidebar_id":"","_kad_post_content_style":"","_kad_post_vertical_padding":"","_kad_post_feature":"","_kad_post_feature_position":"","_kad_post_header":false,"_kad_post_footer":false,"_kad_post_classname":""},"product_brand":[],"product_cat":[379,2429,380,381,2221],"product_tag":[],"class_list":{"0":"post-26992","1":"product","2":"type-product","3":"status-publish","4":"has-post-thumbnail","6":"product_cat-bydleni-a-doplnky","7":"product_cat-heureka-cz","8":"product_cat-nabytek","9":"product_cat-zahradni-nabytek","10":"product_cat-zahradni-zidle-a-kresla","12":"first","13":"instock","14":"taxable","15":"shipping-taxable","16":"purchasable","17":"product-type-simple","18":"entry","19":"content-bg","20":"loop-entry"},"_links":{"self":[{"href":"http:\/\/www.outlet-electro.cz\/index.php\/wp-json\/wp\/v2\/product\/26992","targetHints":{"allow":["GET"]}}],"collection":[{"href":"http:\/\/www.outlet-electro.cz\/index.php\/wp-json\/wp\/v2\/product"}],"about":[{"href":"http:\/\/www.outlet-electro.cz\/index.php\/wp-json\/wp\/v2\/types\/product"}],"replies":[{"embeddable":true,"href":"http:\/\/www.outlet-electro.cz\/index.php\/wp-json\/wp\/v2\/comments?post=26992"}],"wp:featuredmedia":[{"embeddable":true,"href":"http:\/\/www.outlet-electro.cz\/index.php\/wp-json\/wp\/v2\/media\/26993"}],"wp:attachment":[{"href":"http:\/\/www.outlet-electro.cz\/index.php\/wp-json\/wp\/v2\/media?parent=26992"}],"wp:term":[{"taxonomy":"product_brand","embeddable":true,"href":"http:\/\/www.outlet-electro.cz\/index.php\/wp-json\/wp\/v2\/product_brand?post=26992"},{"taxonomy":"product_cat","embeddable":true,"href":"http:\/\/www.outlet-electro.cz\/index.php\/wp-json\/wp\/v2\/product_cat?post=26992"},{"taxonomy":"product_tag","embeddable":true,"href":"http:\/\/www.outlet-electro.cz\/index.php\/wp-json\/wp\/v2\/product_tag?post=26992"}],"curies":[{"name":"wp","href":"https:\/\/api.w.org\/{rel}","templated":true}]}}