{"id":26990,"date":"2026-01-26T11:24:32","date_gmt":"2026-01-26T10:24:32","guid":{"rendered":"https:\/\/www.outlet-electro.cz\/index.php\/produkt\/mycka-philco-pd-1046-etdx\/"},"modified":"2026-01-26T11:24:33","modified_gmt":"2026-01-26T10:24:33","slug":"mycka-philco-pd-1046-etdx","status":"publish","type":"product","link":"http:\/\/www.outlet-electro.cz\/index.php\/produkt\/mycka-philco-pd-1046-etdx\/","title":{"rendered":"My\u010dka Philco PD 1046 ETDX"},"content":{"rendered":"<p>PHILCO PD 1046 ETDX<\/p>\n<p>&nbsp;<\/p>\n<p>Hlavn\u00ed charakteristiky:<\/p>\n<p>V\u00fdrobce: Philco<\/p>\n<p>Zp\u016fsob um\u00edst\u011bn\u00ed: voln\u011b stoj\u00edc\u00ed<\/p>\n<p>Hlu\u010dnost: 45 db<\/p>\n<p>Po\u010det program\u016f: 6<\/p>\n<p>Barva: \u010dern\u00e9<\/p>\n<p>Displej: ano<\/p>\n<p>Barva ovl\u00e1dac\u00edho panelu: \u010dern\u00e9<\/p>\n<p>Po\u010det sad n\u00e1dob\u00ed: 10 sad<\/p>\n<p>Ikea Metod: ne<\/p>\n<p>Spot\u0159eba vody na cyklus u programu Eco: 9 l<\/p>\n<p>Automatick\u00e9 otev\u00edr\u00e1n\u00ed: ne<\/p>\n<p>&nbsp;<\/p>\n<p>Rozm\u011bry:<\/p>\n<p>\u0160\u00ed\u0159ka: 45 cm<\/p>\n<p>V\u00fd\u0161ka: 85 cm<\/p>\n<p>Hloubka: 60 cm<\/p>\n<p>Hmotnost: 41.1 kg<\/p>\n<p>&nbsp;<\/p>\n<p>Energetick\u00e9 \u00fadaje:<\/p>\n<p>Energetick\u00e1 t\u0159\u00edda: E<\/p>\n<p>Doba trv\u00e1n\u00ed programu Eco: 222 min<\/p>\n<p>T\u0159\u00edda emise hluku: C<\/p>\n<p>Spot\u0159eba energie u programu Eco na 100 cykl\u016f: 76 kWh<\/p>\n<p>&nbsp;<\/p>\n<p>Funkce:<\/p>\n<p>Aqua Stop: ano<\/p>\n<p>Intenzivn\u00ed program: ano<\/p>\n<p>Po\u010det teplot: 3<\/p>\n<p>FuzzyLogic: ne<\/p>\n<p>D\u011btsk\u00e1 pojistka: ano<\/p>\n<p>Aktivn\u00ed su\u0161en\u00ed: ano<\/p>\n<p>Konektivita: ne<\/p>\n<p>Odlo\u017een\u00fd start: ano<\/p>\n<p>Z\u00e1suvka na p\u0159\u00edbory: ano<\/p>\n<p>S p\u0159edn\u00edm panelem: ano<\/p>\n<p>Bazarov\u00fd produkt, z\u00e1ruka 12 m\u011bs\u00edc\u016f<\/p>\n","protected":false},"excerpt":{"rendered":"<p>PHILCO PD 1046 ETDX &nbsp; Hlavn\u00ed charakteristiky: V\u00fdrobce: Philco Zp\u016fsob um\u00edst\u011bn\u00ed: voln\u011b stoj\u00edc\u00ed Hlu\u010dnost: 45 db Po\u010det program\u016f: 6 Barva: \u010dern\u00e9 Displej: ano Barva ovl\u00e1dac\u00edho panelu: \u010dern\u00e9 Po\u010det sad n\u00e1dob\u00ed: 10 sad Ikea Metod: ne Spot\u0159eba vody na cyklus u programu Eco: 9 l Automatick\u00e9 otev\u00edr\u00e1n\u00ed: ne &nbsp; Rozm\u011bry: \u0160\u00ed\u0159ka: 45 cm V\u00fd\u0161ka: 85 cm&#8230;<\/p>\n","protected":false},"featured_media":26991,"comment_status":"closed","ping_status":"open","template":"","meta":{"_kadence_starter_templates_imported_post":false,"_kad_post_transparent":"","_kad_post_title":"","_kad_post_layout":"","_kad_post_sidebar_id":"","_kad_post_content_style":"","_kad_post_vertical_padding":"","_kad_post_feature":"","_kad_post_feature_position":"","_kad_post_header":false,"_kad_post_footer":false,"_kad_post_classname":""},"product_brand":[],"product_cat":[2429,1872,349,348],"product_tag":[],"class_list":{"0":"post-26990","1":"product","2":"type-product","3":"status-publish","4":"has-post-thumbnail","6":"product_cat-heureka-cz","7":"product_cat-mycky-nadobi","8":"product_cat-spotrebice-do-kuchyne","9":"product_cat-velke-spotrebice","11":"first","12":"instock","13":"taxable","14":"shipping-taxable","15":"purchasable","16":"product-type-simple","17":"entry","18":"content-bg","19":"loop-entry"},"_links":{"self":[{"href":"http:\/\/www.outlet-electro.cz\/index.php\/wp-json\/wp\/v2\/product\/26990","targetHints":{"allow":["GET"]}}],"collection":[{"href":"http:\/\/www.outlet-electro.cz\/index.php\/wp-json\/wp\/v2\/product"}],"about":[{"href":"http:\/\/www.outlet-electro.cz\/index.php\/wp-json\/wp\/v2\/types\/product"}],"replies":[{"embeddable":true,"href":"http:\/\/www.outlet-electro.cz\/index.php\/wp-json\/wp\/v2\/comments?post=26990"}],"wp:featuredmedia":[{"embeddable":true,"href":"http:\/\/www.outlet-electro.cz\/index.php\/wp-json\/wp\/v2\/media\/26991"}],"wp:attachment":[{"href":"http:\/\/www.outlet-electro.cz\/index.php\/wp-json\/wp\/v2\/media?parent=26990"}],"wp:term":[{"taxonomy":"product_brand","embeddable":true,"href":"http:\/\/www.outlet-electro.cz\/index.php\/wp-json\/wp\/v2\/product_brand?post=26990"},{"taxonomy":"product_cat","embeddable":true,"href":"http:\/\/www.outlet-electro.cz\/index.php\/wp-json\/wp\/v2\/product_cat?post=26990"},{"taxonomy":"product_tag","embeddable":true,"href":"http:\/\/www.outlet-electro.cz\/index.php\/wp-json\/wp\/v2\/product_tag?post=26990"}],"curies":[{"name":"wp","href":"https:\/\/api.w.org\/{rel}","templated":true}]}}