{"id":26988,"date":"2026-01-26T11:24:32","date_gmt":"2026-01-26T10:24:32","guid":{"rendered":"https:\/\/www.outlet-electro.cz\/index.php\/produkt\/klimatizace-sencor-sac-mt9013c\/"},"modified":"2026-01-26T11:24:33","modified_gmt":"2026-01-26T10:24:33","slug":"klimatizace-sencor-sac-mt9013c","status":"publish","type":"product","link":"http:\/\/www.outlet-electro.cz\/index.php\/produkt\/klimatizace-sencor-sac-mt9013c\/","title":{"rendered":"Klimatizace Sencor SAC MT9013C"},"content":{"rendered":"<p>&nbsp;<\/p>\n<p>Obsah balen\u00ed:<\/p>\n<p>&nbsp;<\/p>\n<p>Mobiln\u00ed klimatizace<\/p>\n<p>D\u00e1lkov\u00e9 ovl\u00e1d\u00e1n\u00ed (v\u010detn\u011b bateri\u00ed)<\/p>\n<p>N\u00e1st\u011bnn\u00fd dr\u017e\u00e1k na d\u00e1lkov\u00e9 ovl\u00e1d\u00e1n\u00ed<\/p>\n<p>Sada t\u011bsn\u011bn\u00ed pro st\u0159e\u0161n\u00ed, k\u0159\u00eddlov\u00e1 a v\u00fdklopn\u00e1 okna<\/p>\n<p>L\u00e1tkov\u00e1 z\u00e1brana se zipem<\/p>\n<p>Kotou\u010d samolepic\u00edho such\u00e9ho zipu<\/p>\n<p>P\u011bnov\u00e9 t\u011bsn\u011bn\u00ed<\/p>\n<p>\u0160irok\u00e1 flexibiln\u00ed hadice pro odvod hork\u00e9ho vzduchu<\/p>\n<p>Vstupn\u00ed a v\u00fdstupn\u00ed adapt\u00e9r pro odvodovou hadici<\/p>\n<p>Vypou\u0161t\u011bc\u00ed hadice<\/p>\n<p>&nbsp;<\/p>\n<p>Hlavn\u00ed body produktu:<\/p>\n<p>Mobiln\u00ed klimatizace s d\u00e1lkov\u00fdm ovl\u00e1d\u00e1n\u00edm<\/p>\n<p>4 provozn\u00ed re\u017eimy (Cool \/ Fan \/ Dry \/ Auto)&nbsp;<\/p>\n<p>Funkce sp\u00e1nku a automatick\u00e9ho vypnut\u00ed<\/p>\n<p>&nbsp;<\/p>\n<p>Popis produktu:<\/p>\n<p>&nbsp;<\/p>\n<p>9000 BTU\/h<\/p>\n<p>Re\u017eim chlazen\u00ed (Cool)<\/p>\n<p>Re\u017eim odvlh\u010dov\u00e1n\u00ed (Dry)<\/p>\n<p>Re\u017eim ventil\u00e1toru (Fan)&nbsp;<\/p>\n<p>Automatick\u00fd re\u017eim<\/p>\n<p>Nastaviteln\u00e1 teplota od 17 do 30 \u00b0C<\/p>\n<p>3 \u00farovn\u011b nastaven\u00ed rychlosti (Vysok\u00e1 \/ N\u00edzk\u00e1 \/ Automatick\u00e1)<\/p>\n<p>P\u0159ehledn\u00fd dotykov\u00fd ovl\u00e1dac\u00ed panel s displejem<\/p>\n<p>D\u00e1lkov\u00fd ovlada\u010d&nbsp;<\/p>\n<p>Re\u017eim Sleep pro neru\u0161en\u00fd sp\u00e1nek<\/p>\n<p>Funkce automatick\u00e9ho zapnut\u00ed \u010di vypnut\u00ed &#8211; \u010dasova\u010d 0,5-24 hod.<\/p>\n<p>Funkce samoodpa\u0159ov\u00e1n\u00ed kondenz\u00e1tu&nbsp;<\/p>\n<p>Odn\u00edmateln\u00e1 m\u0159\u00ed\u017eka s&nbsp;filtrem na vstupu vzduchu pro snadn\u011bj\u0161\u00ed \u00fadr\u017ebu<\/p>\n<p>Kompletn\u00ed sada pro odvod tepl\u00e9ho vzduchu a t\u011bsn\u011bn\u00ed oken<\/p>\n<p>4 kole\u010dka oto\u010dn\u00e1 o 360\u00b0 a integrovan\u00e9 rukojeti pro snadnou manipulaci<\/p>\n<p>&nbsp;<\/p>\n<p>Technick\u00fd popis:<\/p>\n<p>&nbsp;<\/p>\n<p>Energetick\u00e1 t\u0159\u00edda: A<\/p>\n<p>Nap\u00e1jen\u00ed: 220-240 V&nbsp;\/ 50 Hu<\/p>\n<p>P\u0159\u00edkon \/ P\u0159\u00edkon chlazen\u00ed: 1 200 W \/ 1 000 W<\/p>\n<p>Chladic\u00ed v\u00fdkon: 9 000 BTU\/h (= 2600 W)<\/p>\n<p>Odb\u011br el. proudu: 6,16 A<\/p>\n<p>Faktor chlazen\u00ed EER: 2,6 A<\/p>\n<p>Rozsah nastaven\u00ed teplot: 17-30 \u00b0C<\/p>\n<p>Kapacita odvlh\u010dov\u00e1n\u00ed: 2,26 l\/h<\/p>\n<p>Objem proud\u00edc\u00edho vzduchu: 295 \/ 205 m\u00b3\/h (vysok\u00fd \/ n\u00edzk\u00fd)<\/p>\n<p>Doporu\u010den\u00e1 plocha m\u00edstnosti: 31-35 m\u00b2<\/p>\n<p>Doporu\u010den\u00e1 velikost m\u00edstnosti: 80-91 m\u00b3<\/p>\n<p>&nbsp;<\/p>\n<p>Hladina akustick\u00e9ho tlaku (Vysok\u00e1 \/ N\u00edzk\u00e1 rychlost): 52 \/ 47,5 dB(A)<\/p>\n<p>Hlu\u010dnost: 63 dB (A)<\/p>\n<p>Mobiln\u00ed: Ano<\/p>\n<p>Ovl\u00e1d\u00e1n\u00ed Wi-Fi: Ne<\/p>\n<p>D\u00e1lkov\u00e9 ovl\u00e1d\u00e1n\u00ed: Ano<\/p>\n<p>\u010casova\u010d: 0,5-24 h<\/p>\n<p>Chladic\u00ed kapalina: R290 (0,17 kg)<\/p>\n<p>Hmotnost: 25,7 kg (netto)<\/p>\n<p>Z\u00e1ruka 24 m\u011bs\u00edc\u016f<\/p>\n","protected":false},"excerpt":{"rendered":"<p>&nbsp; Obsah balen\u00ed: &nbsp; Mobiln\u00ed klimatizace D\u00e1lkov\u00e9 ovl\u00e1d\u00e1n\u00ed (v\u010detn\u011b bateri\u00ed) N\u00e1st\u011bnn\u00fd dr\u017e\u00e1k na d\u00e1lkov\u00e9 ovl\u00e1d\u00e1n\u00ed Sada t\u011bsn\u011bn\u00ed pro st\u0159e\u0161n\u00ed, k\u0159\u00eddlov\u00e1 a v\u00fdklopn\u00e1 okna L\u00e1tkov\u00e1 z\u00e1brana se zipem Kotou\u010d samolepic\u00edho such\u00e9ho zipu P\u011bnov\u00e9 t\u011bsn\u011bn\u00ed \u0160irok\u00e1 flexibiln\u00ed hadice pro odvod hork\u00e9ho vzduchu Vstupn\u00ed a v\u00fdstupn\u00ed adapt\u00e9r pro odvodovou hadici Vypou\u0161t\u011bc\u00ed hadice &nbsp; Hlavn\u00ed body produktu: Mobiln\u00ed klimatizace&#8230;<\/p>\n","protected":false},"featured_media":26989,"comment_status":"closed","ping_status":"open","template":"","meta":{"_kadence_starter_templates_imported_post":false,"_kad_post_transparent":"","_kad_post_title":"","_kad_post_layout":"","_kad_post_sidebar_id":"","_kad_post_content_style":"","_kad_post_vertical_padding":"","_kad_post_feature":"","_kad_post_feature_position":"","_kad_post_header":false,"_kad_post_footer":false,"_kad_post_classname":""},"product_brand":[],"product_cat":[400,333,2429,2205],"product_tag":[],"class_list":{"0":"post-26988","1":"product","2":"type-product","3":"status-publish","4":"has-post-thumbnail","6":"product_cat-chlazeni-a-topeni","7":"product_cat-domaci-a-osobni-spotrebice","8":"product_cat-heureka-cz","9":"product_cat-mobilni-klimatizace","11":"first","12":"instock","13":"taxable","14":"shipping-taxable","15":"purchasable","16":"product-type-simple","17":"entry","18":"content-bg","19":"loop-entry"},"_links":{"self":[{"href":"http:\/\/www.outlet-electro.cz\/index.php\/wp-json\/wp\/v2\/product\/26988","targetHints":{"allow":["GET"]}}],"collection":[{"href":"http:\/\/www.outlet-electro.cz\/index.php\/wp-json\/wp\/v2\/product"}],"about":[{"href":"http:\/\/www.outlet-electro.cz\/index.php\/wp-json\/wp\/v2\/types\/product"}],"replies":[{"embeddable":true,"href":"http:\/\/www.outlet-electro.cz\/index.php\/wp-json\/wp\/v2\/comments?post=26988"}],"wp:featuredmedia":[{"embeddable":true,"href":"http:\/\/www.outlet-electro.cz\/index.php\/wp-json\/wp\/v2\/media\/26989"}],"wp:attachment":[{"href":"http:\/\/www.outlet-electro.cz\/index.php\/wp-json\/wp\/v2\/media?parent=26988"}],"wp:term":[{"taxonomy":"product_brand","embeddable":true,"href":"http:\/\/www.outlet-electro.cz\/index.php\/wp-json\/wp\/v2\/product_brand?post=26988"},{"taxonomy":"product_cat","embeddable":true,"href":"http:\/\/www.outlet-electro.cz\/index.php\/wp-json\/wp\/v2\/product_cat?post=26988"},{"taxonomy":"product_tag","embeddable":true,"href":"http:\/\/www.outlet-electro.cz\/index.php\/wp-json\/wp\/v2\/product_tag?post=26988"}],"curies":[{"name":"wp","href":"https:\/\/api.w.org\/{rel}","templated":true}]}}