{"id":26982,"date":"2026-01-26T11:24:32","date_gmt":"2026-01-26T10:24:32","guid":{"rendered":"https:\/\/www.outlet-electro.cz\/index.php\/produkt\/gril-fieldmann-fzg-1008\/"},"modified":"2026-01-26T11:24:32","modified_gmt":"2026-01-26T10:24:32","slug":"gril-fieldmann-fzg-1008","status":"publish","type":"product","link":"http:\/\/www.outlet-electro.cz\/index.php\/produkt\/gril-fieldmann-fzg-1008\/","title":{"rendered":"Gril FIELDMANN FZG 1008"},"content":{"rendered":"<p>Velikost grilovac\u00ed n\u00e1doby: 61 \u00d7&nbsp;45,5 cm<\/p>\n<p>Grilovac\u00ed plocha: 55,6 \u00d7&nbsp;41,5 cm =&gt; dostate\u010dn\u011b velk\u00e1, abyste nakrmili celou rodinu i souseda<\/p>\n<p>Grilovac\u00ed v\u00fd\u0161ka: 78 cm =&gt; dostate\u010dn\u00e1 v\u00fd\u0161ka pro grilov\u00e1n\u00ed v d\u016fstojn\u00e9m postoji<\/p>\n<p>Grilovac\u00ed ro\u0161t: 27,8 \u00d7&nbsp;41,5 \u00d7&nbsp;0,5 cm (2 ks)<\/p>\n<p>Oh\u0159\u00edvac\u00ed ro\u0161t: 53,5 \u00d7&nbsp;24 cm<\/p>\n<p>V\u00fd\u0161kov\u011b nastaviteln\u00e9 ohni\u0161t\u011b =&gt; m\u016f\u017eete si cestovat se zdrojem elegantn\u00ed kli\u010dkou podle pot\u0159eby<\/p>\n<p>Pochromovan\u00e9 grilovac\u00ed ro\u0161ty<\/p>\n<p>Teplom\u011br =&gt; nemus\u00edte neust\u00e1le luftovat a kontrolovat, zda jste tomu moc nalo\u017eili<\/p>\n<p>Kryt =&gt; nesp\u00e1l\u00edte tolik drah\u00e9ho d\u0159eva\/uhl\u00ed a tepl\u00ed\u010dko v\u00e1m hned nevyfi\u010d\u00ed pry\u010d<\/p>\n<p>&nbsp;<\/p>\n<p>Bazarov\u00fd produkt, z\u00e1ruka 12 m\u011bs\u00edc\u016f<\/p>\n","protected":false},"excerpt":{"rendered":"<p>Velikost grilovac\u00ed n\u00e1doby: 61 \u00d7&nbsp;45,5 cm Grilovac\u00ed plocha: 55,6 \u00d7&nbsp;41,5 cm =&gt; dostate\u010dn\u011b velk\u00e1, abyste nakrmili celou rodinu i souseda Grilovac\u00ed v\u00fd\u0161ka: 78 cm =&gt; dostate\u010dn\u00e1 v\u00fd\u0161ka pro grilov\u00e1n\u00ed v d\u016fstojn\u00e9m postoji Grilovac\u00ed ro\u0161t: 27,8 \u00d7&nbsp;41,5 \u00d7&nbsp;0,5 cm (2 ks) Oh\u0159\u00edvac\u00ed ro\u0161t: 53,5 \u00d7&nbsp;24 cm V\u00fd\u0161kov\u011b nastaviteln\u00e9 ohni\u0161t\u011b =&gt; m\u016f\u017eete si cestovat se zdrojem elegantn\u00ed&#8230;<\/p>\n","protected":false},"featured_media":26983,"comment_status":"closed","ping_status":"open","template":"","meta":{"_kadence_starter_templates_imported_post":false,"_kad_post_transparent":"","_kad_post_title":"","_kad_post_layout":"","_kad_post_sidebar_id":"","_kad_post_content_style":"","_kad_post_vertical_padding":"","_kad_post_feature":"","_kad_post_feature_position":"","_kad_post_header":false,"_kad_post_footer":false,"_kad_post_classname":""},"product_brand":[],"product_cat":[358,2429,369,371,370],"product_tag":[],"class_list":{"0":"post-26982","1":"product","2":"type-product","3":"status-publish","4":"has-post-thumbnail","6":"product_cat-dilna-stavba-zahrada","7":"product_cat-heureka-cz","8":"product_cat-zahrada","9":"product_cat-zahradni-grily","10":"product_cat-zahradni-grily-krby-a-udirny","12":"first","13":"instock","14":"taxable","15":"shipping-taxable","16":"purchasable","17":"product-type-simple","18":"entry","19":"content-bg","20":"loop-entry"},"_links":{"self":[{"href":"http:\/\/www.outlet-electro.cz\/index.php\/wp-json\/wp\/v2\/product\/26982","targetHints":{"allow":["GET"]}}],"collection":[{"href":"http:\/\/www.outlet-electro.cz\/index.php\/wp-json\/wp\/v2\/product"}],"about":[{"href":"http:\/\/www.outlet-electro.cz\/index.php\/wp-json\/wp\/v2\/types\/product"}],"replies":[{"embeddable":true,"href":"http:\/\/www.outlet-electro.cz\/index.php\/wp-json\/wp\/v2\/comments?post=26982"}],"wp:featuredmedia":[{"embeddable":true,"href":"http:\/\/www.outlet-electro.cz\/index.php\/wp-json\/wp\/v2\/media\/26983"}],"wp:attachment":[{"href":"http:\/\/www.outlet-electro.cz\/index.php\/wp-json\/wp\/v2\/media?parent=26982"}],"wp:term":[{"taxonomy":"product_brand","embeddable":true,"href":"http:\/\/www.outlet-electro.cz\/index.php\/wp-json\/wp\/v2\/product_brand?post=26982"},{"taxonomy":"product_cat","embeddable":true,"href":"http:\/\/www.outlet-electro.cz\/index.php\/wp-json\/wp\/v2\/product_cat?post=26982"},{"taxonomy":"product_tag","embeddable":true,"href":"http:\/\/www.outlet-electro.cz\/index.php\/wp-json\/wp\/v2\/product_tag?post=26982"}],"curies":[{"name":"wp","href":"https:\/\/api.w.org\/{rel}","templated":true}]}}