{"id":26980,"date":"2026-01-26T11:24:32","date_gmt":"2026-01-26T10:24:32","guid":{"rendered":"https:\/\/www.outlet-electro.cz\/index.php\/produkt\/sluchatka-taotronics-tt-bh22\/"},"modified":"2026-01-26T11:24:32","modified_gmt":"2026-01-26T10:24:32","slug":"sluchatka-taotronics-tt-bh22","status":"publish","type":"product","link":"http:\/\/www.outlet-electro.cz\/index.php\/produkt\/sluchatka-taotronics-tt-bh22\/","title":{"rendered":"Sluch\u00e1tka Taotronics TT-BH22"},"content":{"rendered":"<ul class=\"wpaicg-chat-shortcode-messages\">\n<li class=\"wpaicg-ai-message wpaicg-icon-container\">\n<p>P\u0159edstavujeme v\u00e1m sluch\u00e1tka Taotronics TT-BH22 \u2013 va\u0161e nov\u00e9 u\u0161n\u00ed kamar\u00e1dy, kte\u0159\u00ed se postaraj\u00ed o to, aby v\u00e1s hudba obklopila jako m\u011bkk\u00fd pol\u0161t\u00e1\u0159, a to i v hlu\u010dn\u00e9m prost\u0159ed\u00ed! S aktivn\u00edm potla\u010den\u00edm \u0161umu (ANC) si m\u016f\u017eete u\u017e\u00edvat melodie s minim\u00e1ln\u00edm nebo dokonce \u017e\u00e1dn\u00fdm ru\u0161en\u00edm \u2013 ide\u00e1ln\u00ed pro ty chv\u00edle, kdy se sna\u017e\u00edte ignorovat sousedovo kutilstv\u00ed nebo partnerovo \u201ejen je\u0161t\u011b jednu epizodu\u201c! \ud83c\udfa7<\/p>\n<p>S neuv\u011b\u0159itelnou v\u00fddr\u017e\u00ed baterie a\u017e 25 hodin se m\u016f\u017eete bavit tak dlouho, jak dlouho vydr\u017e\u00ed va\u0161e playlisty. A pokud se n\u00e1hodou stane, \u017ee akumul\u00e1tor vy\u010derp\u00e1te, nezoufejte! Sta\u010d\u00ed p\u0159ipojit p\u0159ilo\u017een\u00fd audiokabel a m\u016f\u017eete pokra\u010dovat v poslechu, jako by se nic nestalo. Je to jako m\u00edt z\u00e1lo\u017en\u00ed pl\u00e1n pro va\u0161i hudebn\u00ed misi! \ud83c\udfb6<\/p>\n<p>Sluch\u00e1tka se ot\u00e1\u010dej\u00ed o 90 stup\u0148\u016f \u2013 ide\u00e1ln\u00ed pro ty, kte\u0159\u00ed cht\u011bj\u00ed vypadat stylov\u011b, kdy\u017e je sund\u00e1vaj\u00ed z hlavy, nebo pro ty, kte\u0159\u00ed se cht\u011bj\u00ed pod\u00edvat, co se d\u011bje za nimi (t\u0159eba jestli je n\u011bkdo nevid\u00ed tan\u010dit v metru). A d\u00edky super m\u011bkk\u00e9mu polstrov\u00e1n\u00ed z p\u011bnov\u00e9 hmoty a ergonomick\u00e9mu t\u0159menu se m\u016f\u017eete t\u011b\u0161it na pohodl\u00ed, kter\u00e9 je tak p\u0159\u00edjemn\u00e9, \u017ee zapomenete, \u017ee je m\u00e1te na u\u0161\u00edch \u2013 dokud neza\u010dnete zp\u00edvat s obl\u00edbenou p\u00edsni\u010dkou a lid\u00e9 kolem v\u00e1s se na v\u00e1s za\u010dnou d\u00edvat divn\u011b! \ud83d\ude04<\/p>\n<p>S v\u00e1hou, kter\u00e1 je tak n\u00edzk\u00e1, \u017ee byste je mohli nosit cel\u00fd den a ani si nev\u0161imnout, \u017ee m\u00e1te na hlav\u011b n\u011bco jin\u00e9ho ne\u017e vlasy, jsou Taotronics TT-BH22 ide\u00e1ln\u00ed pro dlouh\u00e9 poslechov\u00e9 maratony. A pokud pot\u0159ebujete telefonovat, zabudovan\u00fd mikrofon s potla\u010den\u00edm \u0161umu CVC 6.0 zajist\u00ed, \u017ee v\u00e1s budou sly\u0161et i v hlu\u010dn\u00e9m prost\u0159ed\u00ed \u2013 tak\u017ee m\u016f\u017eete klidn\u011b vy\u0159izovat pracovn\u00ed hovory i na ru\u0161n\u00e9 ulici!<\/p>\n<p>A co se t\u00fd\u010de zvuku? Agresivn\u00ed basy, vyv\u00e1\u017een\u00e9 st\u0159edn\u00ed t\u00f3ny a jasn\u00e9 vysok\u00e9 t\u00f3ny d\u00edky du\u00e1ln\u00edm 40mm reproduktor\u016fm s velk\u00fdmi clonami \u2013 to je jako m\u00edt vlastn\u00ed koncert p\u0159\u00edmo na u\u0161\u00edch! \ud83c\udfa4<\/p>\n<p>Ovl\u00e1dac\u00ed tla\u010d\u00edtka ON\/OFF, PLAY\/PAUSE, p\u0159eskakov\u00e1n\u00ed skladeb a nastaven\u00ed hlasitosti jsou tak intuitivn\u00ed, \u017ee je zvl\u00e1dne i v\u00e1\u0161 pes (pokud mu to dovol\u00edte). A s Bluetooth verz\u00ed 4.2 a nab\u00edjen\u00edm p\u0159es micro USB se m\u016f\u017eete t\u011b\u0161it na bezprobl\u00e9mov\u00e9 p\u0159ipojen\u00ed a rychl\u00e9 nab\u00edjen\u00ed.<\/p>\n<p>Tak\u017ee, pokud hled\u00e1te sluch\u00e1tka, kter\u00e1 v\u00e1m poskytnou zvukov\u00fd z\u00e1\u017eitek jako z koncertu a pohodl\u00ed jako z obl\u00e1\u010dku, Taotronics TT-BH22 jsou tu pro v\u00e1s! \ud83c\udf89<\/p>\n<p>&nbsp;Z\u00e1ruka 24 m\u011bs\u00edc\u016f<\/p>\n<\/li>\n<\/ul>\n","protected":false},"excerpt":{"rendered":"<p>P\u0159edstavujeme v\u00e1m sluch\u00e1tka Taotronics TT-BH22 \u2013 va\u0161e nov\u00e9 u\u0161n\u00ed kamar\u00e1dy, kte\u0159\u00ed se postaraj\u00ed o to, aby v\u00e1s hudba obklopila jako m\u011bkk\u00fd pol\u0161t\u00e1\u0159, a to i v hlu\u010dn\u00e9m prost\u0159ed\u00ed! S aktivn\u00edm potla\u010den\u00edm \u0161umu (ANC) si m\u016f\u017eete u\u017e\u00edvat melodie s minim\u00e1ln\u00edm nebo dokonce \u017e\u00e1dn\u00fdm ru\u0161en\u00edm \u2013 ide\u00e1ln\u00ed pro ty chv\u00edle, kdy se sna\u017e\u00edte ignorovat sousedovo kutilstv\u00ed nebo&#8230;<\/p>\n","protected":false},"featured_media":26981,"comment_status":"closed","ping_status":"open","template":"","meta":{"_kadence_starter_templates_imported_post":false,"_kad_post_transparent":"","_kad_post_title":"","_kad_post_layout":"","_kad_post_sidebar_id":"","_kad_post_content_style":"","_kad_post_vertical_padding":"","_kad_post_feature":"","_kad_post_feature_position":"","_kad_post_header":false,"_kad_post_footer":false,"_kad_post_classname":""},"product_brand":[],"product_cat":[64,2429,412,362],"product_tag":[],"class_list":{"0":"post-26980","1":"product","2":"type-product","3":"status-publish","4":"has-post-thumbnail","6":"product_cat-elektronika","7":"product_cat-heureka-cz","8":"product_cat-sluchatka","9":"product_cat-tv-audio-video","11":"first","12":"instock","13":"taxable","14":"shipping-taxable","15":"purchasable","16":"product-type-simple","17":"entry","18":"content-bg","19":"loop-entry"},"_links":{"self":[{"href":"http:\/\/www.outlet-electro.cz\/index.php\/wp-json\/wp\/v2\/product\/26980","targetHints":{"allow":["GET"]}}],"collection":[{"href":"http:\/\/www.outlet-electro.cz\/index.php\/wp-json\/wp\/v2\/product"}],"about":[{"href":"http:\/\/www.outlet-electro.cz\/index.php\/wp-json\/wp\/v2\/types\/product"}],"replies":[{"embeddable":true,"href":"http:\/\/www.outlet-electro.cz\/index.php\/wp-json\/wp\/v2\/comments?post=26980"}],"wp:featuredmedia":[{"embeddable":true,"href":"http:\/\/www.outlet-electro.cz\/index.php\/wp-json\/wp\/v2\/media\/26981"}],"wp:attachment":[{"href":"http:\/\/www.outlet-electro.cz\/index.php\/wp-json\/wp\/v2\/media?parent=26980"}],"wp:term":[{"taxonomy":"product_brand","embeddable":true,"href":"http:\/\/www.outlet-electro.cz\/index.php\/wp-json\/wp\/v2\/product_brand?post=26980"},{"taxonomy":"product_cat","embeddable":true,"href":"http:\/\/www.outlet-electro.cz\/index.php\/wp-json\/wp\/v2\/product_cat?post=26980"},{"taxonomy":"product_tag","embeddable":true,"href":"http:\/\/www.outlet-electro.cz\/index.php\/wp-json\/wp\/v2\/product_tag?post=26980"}],"curies":[{"name":"wp","href":"https:\/\/api.w.org\/{rel}","templated":true}]}}