{"id":23536,"date":"2026-01-26T11:24:56","date_gmt":"2026-01-26T10:24:56","guid":{"rendered":"https:\/\/www.outlet-electro.cz\/index.php\/produkt\/sencor-svc-730rd-eue2-bezsackovy-vysavac\/"},"modified":"2026-01-26T11:24:56","modified_gmt":"2026-01-26T10:24:56","slug":"magneticka-bezdratova-nabijeci-stanice-3-v-1-yenkee-yac-5320","status":"publish","type":"product","link":"http:\/\/www.outlet-electro.cz\/index.php\/produkt\/magneticka-bezdratova-nabijeci-stanice-3-v-1-yenkee-yac-5320\/","title":{"rendered":"Magnetick\u00e1 bezdr\u00e1tov\u00e1 nab\u00edjec\u00ed stanice 3 v 1 Yenkee YAC 5320"},"content":{"rendered":"<p><span>P\u0159edstavujeme magnetickou bezdr\u00e1tovou nab\u00edjec\u00ed stanici 3 v 1 Yenkee YAC 5320 \u2013 v\u00e1\u0161 energetick\u00fd multitasker, kter\u00fd nab\u00edj\u00ed v\u00e1\u0161 iPhone, Apple Watch a AirPods tak snadno, \u017ee byste si mohli myslet, \u017ee m\u00e1te vlastn\u00ed elektr\u00e1rnu!  \u2728<\/span><\/p>\n<p><span>D\u00edky <strong>kompatibilit\u011b s Apple MagSafe<\/strong> sta\u010d\u00ed telefon jen p\u0159ilo\u017eit a <em>snap<\/em> \u2013 magnety ho p\u0159ipoj\u00ed a v\u0161e se za\u010dne nab\u00edjet maxim\u00e1ln\u00ed rychlost\u00ed a\u017e <strong>15 W<\/strong>. A co dal\u0161\u00ed za\u0159\u00edzen\u00ed? \u017d\u00e1dn\u00fd probl\u00e9m \u2013 hodinky na rameno, sluch\u00e1tka na podstavec a voil\u00e0, v\u0161echno b\u011b\u017e\u00ed na pln\u00e9 obr\u00e1tky.<\/span><\/p>\n<p><span>Hlavn\u00ed kouzla:<\/span><\/p>\n<ul>\n<li>\n<p><span><strong>Nab\u00edjen\u00ed 3 za\u0159\u00edzen\u00ed sou\u010dasn\u011b<\/strong>: Kone\u010dn\u011b m\u016f\u017eete nab\u00edt telefon, sluch\u00e1tka a hodinky najednou \u2013 a je\u0161t\u011b si ud\u011blat kafe.<\/span><\/p>\n<\/li>\n<li>\n<p><span><strong>Elegantn\u00ed design s LED signalizac\u00ed<\/strong>: Krom\u011b nab\u00edjen\u00ed i ozdoba va\u0161eho stolu \u2013 stylov\u00fd tech-dopln\u011bk, kter\u00fd zapadne do ka\u017ed\u00e9ho interi\u00e9ru.<\/span><\/p>\n<\/li>\n<li>\n<p><span><strong>Dotykov\u00e9 tla\u010d\u00edtko pro vypnut\u00ed LED sv\u011btla<\/strong>: Nechcete sv\u011btelnou show? Sta\u010d\u00ed klepnout a m\u00e1te klid.<\/span><\/p>\n<\/li>\n<\/ul>\n<p><span>Dal\u0161\u00ed vychyt\u00e1vky:<\/span><\/p>\n<ul>\n<li>\n<p><span><strong>P\u0159ilo\u017een\u00fd adapt\u00e9r s v\u00fdkonem 35 W<\/strong>: Nejen \u017ee nab\u00edj\u00ed rychle, ale je p\u0159ipraven hned po vybalen\u00ed.<\/span><\/p>\n<\/li>\n<li>\n<p><span><strong>Bezpe\u010dn\u00e9 a efektivn\u00ed<\/strong>: Magnety udr\u017e\u00ed v\u0161e na m\u00edst\u011b a zaji\u0161\u0165uj\u00ed maxim\u00e1ln\u00ed efektivitu nab\u00edjen\u00ed.<\/span><\/p>\n<\/li>\n<li>\n<p><span><strong>Univerz\u00e1lnost pro Apple za\u0159\u00edzen\u00ed<\/strong>: Od iPhone \u0159ady 12 po nejnov\u011bj\u0161\u00ed modely \u2013 \u017e\u00e1dn\u00e9 omezen\u00ed.<\/span><\/p>\n<\/li>\n<\/ul>\n<p><span>Yenkee YAC 5320 nen\u00ed jen nab\u00edje\u010dka \u2013 je to v\u00e1\u0161 spolehliv\u00fd energetick\u00fd spole\u010dn\u00edk, kter\u00fd prom\u011bn\u00ed ka\u017edodenn\u00ed dob\u00edjen\u00ed na jednoduchou a elegantn\u00ed z\u00e1le\u017eitost. P\u0159ipravte se na sv\u011bt bez zamotan\u00fdch kabel\u016f!  \u231a\ufe0f<\/span><\/p>\n<p>&nbsp;<\/p>\n<p><span>Z\u00e1ruka 24 m\u011bs\u00edc\u016f.<\/span><\/p>\n","protected":false},"excerpt":{"rendered":"<p>P\u0159edstavujeme magnetickou bezdr\u00e1tovou nab\u00edjec\u00ed stanici 3 v 1 Yenkee YAC 5320 \u2013 v\u00e1\u0161 energetick\u00fd multitasker, kter\u00fd nab\u00edj\u00ed v\u00e1\u0161 iPhone, Apple Watch a AirPods tak snadno, \u017ee byste si mohli myslet, \u017ee m\u00e1te vlastn\u00ed elektr\u00e1rnu! \u2728 D\u00edky kompatibilit\u011b s Apple MagSafe sta\u010d\u00ed telefon jen p\u0159ilo\u017eit a snap \u2013 magnety ho p\u0159ipoj\u00ed a v\u0161e se za\u010dne nab\u00edjet&#8230;<\/p>\n","protected":false},"featured_media":27231,"comment_status":"closed","ping_status":"open","template":"","meta":{"_kadence_starter_templates_imported_post":false,"_kad_post_transparent":"","_kad_post_title":"","_kad_post_layout":"","_kad_post_sidebar_id":"","_kad_post_content_style":"","_kad_post_vertical_padding":"","_kad_post_feature":"","_kad_post_feature_position":"","_kad_post_header":false,"_kad_post_footer":false,"_kad_post_classname":""},"product_brand":[],"product_cat":[415,513,64,2429,413,414],"product_tag":[],"class_list":{"0":"post-23536","1":"product","2":"type-product","3":"status-publish","4":"has-post-thumbnail","6":"product_cat-baterie-a-nabijecky-pro-mobily","7":"product_cat-bezdratove-nabijecky","8":"product_cat-elektronika","9":"product_cat-heureka-cz","10":"product_cat-mobily-tablety-nositelna-elektronika","11":"product_cat-prislusenstvi-k-mobilum","13":"first","14":"instock","15":"taxable","16":"shipping-taxable","17":"purchasable","18":"product-type-simple","19":"entry","20":"content-bg","21":"loop-entry"},"_links":{"self":[{"href":"http:\/\/www.outlet-electro.cz\/index.php\/wp-json\/wp\/v2\/product\/23536","targetHints":{"allow":["GET"]}}],"collection":[{"href":"http:\/\/www.outlet-electro.cz\/index.php\/wp-json\/wp\/v2\/product"}],"about":[{"href":"http:\/\/www.outlet-electro.cz\/index.php\/wp-json\/wp\/v2\/types\/product"}],"replies":[{"embeddable":true,"href":"http:\/\/www.outlet-electro.cz\/index.php\/wp-json\/wp\/v2\/comments?post=23536"}],"wp:featuredmedia":[{"embeddable":true,"href":"http:\/\/www.outlet-electro.cz\/index.php\/wp-json\/wp\/v2\/media\/27231"}],"wp:attachment":[{"href":"http:\/\/www.outlet-electro.cz\/index.php\/wp-json\/wp\/v2\/media?parent=23536"}],"wp:term":[{"taxonomy":"product_brand","embeddable":true,"href":"http:\/\/www.outlet-electro.cz\/index.php\/wp-json\/wp\/v2\/product_brand?post=23536"},{"taxonomy":"product_cat","embeddable":true,"href":"http:\/\/www.outlet-electro.cz\/index.php\/wp-json\/wp\/v2\/product_cat?post=23536"},{"taxonomy":"product_tag","embeddable":true,"href":"http:\/\/www.outlet-electro.cz\/index.php\/wp-json\/wp\/v2\/product_tag?post=23536"}],"curies":[{"name":"wp","href":"https:\/\/api.w.org\/{rel}","templated":true}]}}