{"id":23475,"date":"2026-01-26T11:24:32","date_gmt":"2026-01-26T10:24:32","guid":{"rendered":"https:\/\/www.outlet-electro.cz\/index.php\/produkt\/sencor-sbl-4371\/"},"modified":"2026-01-26T11:24:34","modified_gmt":"2026-01-26T10:24:34","slug":"nerezova-rychlovarna-konvice-sencor-swk-1772bl","status":"publish","type":"product","link":"http:\/\/www.outlet-electro.cz\/index.php\/produkt\/nerezova-rychlovarna-konvice-sencor-swk-1772bl\/","title":{"rendered":"Nerezov\u00e1 rychlovarn\u00e1 konvice Sencor SWK 1772BL"},"content":{"rendered":"<p>P\u0159edstavujeme v\u00e1m&nbsp;<strong style=\"font-family: var(--template-font),sans-serif;\">rychlovarnou konvici Sencor SWK 1772BL<\/strong><span style=\"font-family: var(--template-font),sans-serif;\">&nbsp;<\/span><span style=\"font-family: var(--template-font),sans-serif;\">\u2013 v\u00e1\u0161 nov\u00fd nejlep\u0161\u00ed kamar\u00e1d v kuchyni, kter\u00fd se postar\u00e1 o to, aby va\u0161e voda byla hork\u00e1 rychlost\u00ed blesku! \u26a1  S objemem 1,7 litru je to ide\u00e1ln\u00ed spole\u010dn\u00edk pro v\u0161echny \u010dajov\u00e9 d\u00fdch\u00e1nky, k\u00e1vov\u00e9 maratony a dokonce i pro va\u0159en\u00ed instantn\u00edch nudl\u00ed.  \u2615<\/span><\/p>\n<p>&nbsp;<\/p>\n<p>S ukazatelem hladiny vody u\u017e nikdy nebudete muset h\u00e1dat, kolik vody m\u00e1te \u2013 kone\u010dn\u011b se zbav\u00edte toho trapn\u00e9ho momentu, kdy se sna\u017e\u00edte naplnit konvici a skon\u010d\u00edte s vodou na podlaze!   A pokud se ob\u00e1v\u00e1te ne\u010distot a usazenin, nebojte se! Vyj\u00edmateln\u00fd a omyvateln\u00fd filtr je tu, aby zachytil v\u0161echny ty mal\u00e9 potv\u016frky, kter\u00e9 by se jinak sna\u017eily ud\u011blat z va\u0161\u00ed vody \u201ep\u0159\u00edrodn\u00ed miner\u00e1lku\u201c.  <\/p>\n<p>Topn\u00e9 dno z nerezov\u00e9 oceli se zakrytou spir\u00e1lou je tak elegantn\u00ed, \u017ee by se mohlo uch\u00e1zet o m\u00edsto v m\u00f3dn\u00edm \u010dasopise! A s bezpe\u010dnostn\u00edm zaji\u0161t\u011bn\u00edm v\u00ed\u010dka v uzav\u0159en\u00e9 poloze se nemus\u00edte b\u00e1t, \u017ee by se v\u00e1m voda rozhodla ud\u011blat \u201ev\u00fdlet\u201c po kuchyni.  <\/p>\n<p>Dvojn\u00e1sobn\u00e9 bezpe\u010dnostn\u00ed ji\u0161t\u011bn\u00ed je jako v\u00e1\u0161 osobn\u00ed bodyguard \u2013 ochrana proti p\u0159eh\u0159\u00e1t\u00ed p\u0159i zapnut\u00ed bez vody a automatick\u00e9 vypnut\u00ed po dosa\u017een\u00ed bodu varu zajist\u00ed, \u017ee se va\u0161e konvice nikdy nezm\u011bn\u00ed v \u201evodn\u00ed sopku\u201c.  <\/p>\n<p>A kdy\u017e u\u017e mluv\u00edme o ovl\u00e1d\u00e1n\u00ed, p\u0159ep\u00edna\u010d zapnuto\/vypnuto s podsv\u00edcen\u00edm je tak cool, \u017ee se budete c\u00edtit jako v sci-fi filmu, kdy\u017e ho zapnete!  \u2728<\/p>\n<p>S p\u0159\u00edkonem 2 150 W a hmotnost\u00ed 725 g (bez podstavce) je to konvice, kter\u00e1 se nezastav\u00ed p\u0159ed ni\u010d\u00edm! Tak\u017ee, pokud hled\u00e1te konvici, kter\u00e1 je nejen \u0161ikovn\u00e1, ale i stylov\u00e1, Sencor SWK 1772BL je tu pro v\u00e1s! P\u0159ipravte se na hork\u00e9 dobrodru\u017estv\u00ed!  <\/p>\n<p>&nbsp;Z\u00e1ruka 24 m\u011bs\u00edc\u016f<\/p>\n","protected":false},"excerpt":{"rendered":"<p>P\u0159edstavujeme v\u00e1m&nbsp;rychlovarnou konvici Sencor SWK 1772BL&nbsp;\u2013 v\u00e1\u0161 nov\u00fd nejlep\u0161\u00ed kamar\u00e1d v kuchyni, kter\u00fd se postar\u00e1 o to, aby va\u0161e voda byla hork\u00e1 rychlost\u00ed blesku! \u26a1 S objemem 1,7 litru je to ide\u00e1ln\u00ed spole\u010dn\u00edk pro v\u0161echny \u010dajov\u00e9 d\u00fdch\u00e1nky, k\u00e1vov\u00e9 maratony a dokonce i pro va\u0159en\u00ed instantn\u00edch nudl\u00ed. \u2615 &nbsp; S ukazatelem hladiny vody u\u017e nikdy nebudete&#8230;<\/p>\n","protected":false},"featured_media":27010,"comment_status":"closed","ping_status":"open","template":"","meta":{"_kadence_starter_templates_imported_post":false,"_kad_post_transparent":"","_kad_post_title":"","_kad_post_layout":"","_kad_post_sidebar_id":"","_kad_post_content_style":"","_kad_post_vertical_padding":"","_kad_post_feature":"","_kad_post_feature_position":"","_kad_post_header":false,"_kad_post_footer":false,"_kad_post_classname":""},"product_brand":[],"product_cat":[333,2429,334,335,336],"product_tag":[],"class_list":{"0":"post-23475","1":"product","2":"type-product","3":"status-publish","4":"has-post-thumbnail","6":"product_cat-domaci-a-osobni-spotrebice","7":"product_cat-heureka-cz","8":"product_cat-kuchynske-spotrebice","9":"product_cat-priprava-napoju","10":"product_cat-rychlovarne-konvice","12":"first","13":"instock","14":"taxable","15":"shipping-taxable","16":"purchasable","17":"product-type-simple","18":"entry","19":"content-bg","20":"loop-entry"},"_links":{"self":[{"href":"http:\/\/www.outlet-electro.cz\/index.php\/wp-json\/wp\/v2\/product\/23475","targetHints":{"allow":["GET"]}}],"collection":[{"href":"http:\/\/www.outlet-electro.cz\/index.php\/wp-json\/wp\/v2\/product"}],"about":[{"href":"http:\/\/www.outlet-electro.cz\/index.php\/wp-json\/wp\/v2\/types\/product"}],"replies":[{"embeddable":true,"href":"http:\/\/www.outlet-electro.cz\/index.php\/wp-json\/wp\/v2\/comments?post=23475"}],"wp:featuredmedia":[{"embeddable":true,"href":"http:\/\/www.outlet-electro.cz\/index.php\/wp-json\/wp\/v2\/media\/27010"}],"wp:attachment":[{"href":"http:\/\/www.outlet-electro.cz\/index.php\/wp-json\/wp\/v2\/media?parent=23475"}],"wp:term":[{"taxonomy":"product_brand","embeddable":true,"href":"http:\/\/www.outlet-electro.cz\/index.php\/wp-json\/wp\/v2\/product_brand?post=23475"},{"taxonomy":"product_cat","embeddable":true,"href":"http:\/\/www.outlet-electro.cz\/index.php\/wp-json\/wp\/v2\/product_cat?post=23475"},{"taxonomy":"product_tag","embeddable":true,"href":"http:\/\/www.outlet-electro.cz\/index.php\/wp-json\/wp\/v2\/product_tag?post=23475"}],"curies":[{"name":"wp","href":"https:\/\/api.w.org\/{rel}","templated":true}]}}