{"id":22959,"date":"2026-01-26T11:25:42","date_gmt":"2026-01-26T10:25:42","guid":{"rendered":"https:\/\/www.outlet-electro.cz\/index.php\/produkt\/akumulator-20v-60ah-li-ion-wa3551-wa3553\/"},"modified":"2026-01-26T11:25:42","modified_gmt":"2026-01-26T10:25:42","slug":"svicka-rentex-levandule","status":"publish","type":"product","link":"http:\/\/www.outlet-electro.cz\/index.php\/produkt\/svicka-rentex-levandule\/","title":{"rendered":"Sv\u00ed\u010dka Rentex Levandule"},"content":{"rendered":"<h3><strong>P\u0159edstavujeme sv\u00ed\u010dku Rentex Levandule \u2013 luxusn\u00ed v\u016fn\u011b klidu a pohody!<\/strong>  \ufe0f <\/h3>\n<p><span>  <strong>V\u016fn\u011b levandule<\/strong> \u2013 jemn\u00e1, relaxa\u010dn\u00ed a ide\u00e1ln\u00ed pro vytvo\u0159en\u00ed harmonick\u00e9 atmosf\u00e9ry. <br \/>  <strong>Luxusn\u00ed plechov\u00e1 d\u00f3za<\/strong> \u2013 stylov\u00e9 balen\u00ed, kter\u00e9 nejen chr\u00e1n\u00ed v\u016fni, ale i skv\u011ble vypad\u00e1. <br \/>  <strong>Doba ho\u0159en\u00ed: 30 hodin<\/strong> \u2013 dlouhotrvaj\u00edc\u00ed z\u00e1\u017eitek z v\u016fn\u011b, kter\u00e1 v\u00e1s jen tak neopust\u00ed. <br \/>  <strong>Kompaktn\u00ed rozm\u011bry (pr\u016fm\u011br 80 mm, v\u00fd\u0161ka 50 mm)<\/strong> \u2013 perfektn\u00ed dekorace na ka\u017ed\u00fd st\u016fl \u010di poli\u010dku. <br \/>  <strong>Hmotnost: 200 g<\/strong> \u2013 dostate\u010dn\u011b velk\u00e1 na dlouh\u00e9 chv\u00edle odpo\u010dinku.<\/span><\/p>\n<p><span>  <strong>Rentex Levandule \u2013 sv\u00ed\u010dka, kter\u00e1 p\u0159inese klid do ka\u017ed\u00e9ho kouta va\u0161eho domova!<\/strong>  \ufe0f\u2728 U\u017e si p\u0159edstavujete tu levandulovou pohodu?  <\/span><\/p>\n","protected":false},"excerpt":{"rendered":"<p>P\u0159edstavujeme sv\u00ed\u010dku Rentex Levandule \u2013 luxusn\u00ed v\u016fn\u011b klidu a pohody! \ufe0f V\u016fn\u011b levandule \u2013 jemn\u00e1, relaxa\u010dn\u00ed a ide\u00e1ln\u00ed pro vytvo\u0159en\u00ed harmonick\u00e9 atmosf\u00e9ry. Luxusn\u00ed plechov\u00e1 d\u00f3za \u2013 stylov\u00e9 balen\u00ed, kter\u00e9 nejen chr\u00e1n\u00ed v\u016fni, ale i skv\u011ble vypad\u00e1. Doba ho\u0159en\u00ed: 30 hodin \u2013 dlouhotrvaj\u00edc\u00ed z\u00e1\u017eitek z v\u016fn\u011b, kter\u00e1 v\u00e1s jen tak neopust\u00ed. Kompaktn\u00ed rozm\u011bry (pr\u016fm\u011br 80 mm,&#8230;<\/p>\n","protected":false},"featured_media":27662,"comment_status":"closed","ping_status":"open","template":"","meta":{"_kadence_starter_templates_imported_post":false,"_kad_post_transparent":"","_kad_post_title":"","_kad_post_layout":"","_kad_post_sidebar_id":"","_kad_post_content_style":"","_kad_post_vertical_padding":"","_kad_post_feature":"","_kad_post_feature_position":"","_kad_post_header":false,"_kad_post_footer":false,"_kad_post_classname":""},"product_brand":[],"product_cat":[379,549,2429,2187,2186],"product_tag":[],"class_list":{"0":"post-22959","1":"product","2":"type-product","3":"status-publish","4":"has-post-thumbnail","6":"product_cat-bydleni-a-doplnky","7":"product_cat-bytove-dekorace","8":"product_cat-heureka-cz","9":"product_cat-svicky","10":"product_cat-vune-do-bytu-a-svicky","12":"first","13":"instock","14":"taxable","15":"shipping-taxable","16":"purchasable","17":"product-type-simple","18":"entry","19":"content-bg","20":"loop-entry"},"_links":{"self":[{"href":"http:\/\/www.outlet-electro.cz\/index.php\/wp-json\/wp\/v2\/product\/22959","targetHints":{"allow":["GET"]}}],"collection":[{"href":"http:\/\/www.outlet-electro.cz\/index.php\/wp-json\/wp\/v2\/product"}],"about":[{"href":"http:\/\/www.outlet-electro.cz\/index.php\/wp-json\/wp\/v2\/types\/product"}],"replies":[{"embeddable":true,"href":"http:\/\/www.outlet-electro.cz\/index.php\/wp-json\/wp\/v2\/comments?post=22959"}],"wp:featuredmedia":[{"embeddable":true,"href":"http:\/\/www.outlet-electro.cz\/index.php\/wp-json\/wp\/v2\/media\/27662"}],"wp:attachment":[{"href":"http:\/\/www.outlet-electro.cz\/index.php\/wp-json\/wp\/v2\/media?parent=22959"}],"wp:term":[{"taxonomy":"product_brand","embeddable":true,"href":"http:\/\/www.outlet-electro.cz\/index.php\/wp-json\/wp\/v2\/product_brand?post=22959"},{"taxonomy":"product_cat","embeddable":true,"href":"http:\/\/www.outlet-electro.cz\/index.php\/wp-json\/wp\/v2\/product_cat?post=22959"},{"taxonomy":"product_tag","embeddable":true,"href":"http:\/\/www.outlet-electro.cz\/index.php\/wp-json\/wp\/v2\/product_tag?post=22959"}],"curies":[{"name":"wp","href":"https:\/\/api.w.org\/{rel}","templated":true}]}}