{"id":2,"date":"2024-08-28T01:00:55","date_gmt":"2024-08-27T23:00:55","guid":{"rendered":"http:\/\/www.outlet-electro.cz\/?page_id=2"},"modified":"2025-06-23T13:23:49","modified_gmt":"2025-06-23T11:23:49","slug":"zkusebni-stranka","status":"publish","type":"page","link":"http:\/\/www.outlet-electro.cz\/index.php\/zkusebni-stranka\/","title":{"rendered":"Kontakty"},"content":{"rendered":"\n<p class=\"has-text-align-center has-large-font-size\">Na\u0161\u00ed provozovnu naleznete na adrese: Kpt. Jaro\u0161e 30\/11, 568 02 Svitavy 2. M\u016f\u017eete n\u00e1s nav\u0161t\u00edvit v pracovn\u00ed dob\u011b od pond\u011bl\u00ed do p\u00e1tku od 9:00 do 18:00 hodin. Kontaktovat n\u00e1s m\u016f\u017eete rovn\u011b\u017e na telefonn\u00ed \u010d\u00edsle: 728043589 nebo emailu: outlet-electro@email.cz<\/p>\n\n\n<div class=\"wp-block-image\">\n<figure class=\"aligncenter size-large\"><img loading=\"lazy\" decoding=\"async\" width=\"1024\" height=\"614\" src=\"http:\/\/www.outlet-electro.cz\/wp-content\/uploads\/2024\/08\/Navrh-bez-nazvu-1024x614.png\" alt=\"\" class=\"wp-image-13\" srcset=\"http:\/\/www.outlet-electro.cz\/wp-content\/uploads\/2024\/08\/Navrh-bez-nazvu-1024x614.png 1024w, http:\/\/www.outlet-electro.cz\/wp-content\/uploads\/2024\/08\/Navrh-bez-nazvu-300x180.png 300w, http:\/\/www.outlet-electro.cz\/wp-content\/uploads\/2024\/08\/Navrh-bez-nazvu-600x360.png 600w, http:\/\/www.outlet-electro.cz\/wp-content\/uploads\/2024\/08\/Navrh-bez-nazvu-768x461.png 768w, http:\/\/www.outlet-electro.cz\/wp-content\/uploads\/2024\/08\/Navrh-bez-nazvu-1536x922.png 1536w, http:\/\/www.outlet-electro.cz\/wp-content\/uploads\/2024\/08\/Navrh-bez-nazvu.png 2000w\" sizes=\"auto, (max-width: 1024px) 100vw, 1024px\" \/><\/figure>\n<\/div>","protected":false},"excerpt":{"rendered":"<p>Na\u0161\u00ed provozovnu naleznete na adrese: Kpt. Jaro\u0161e 30\/11, 568 02 Svitavy 2. M\u016f\u017eete n\u00e1s nav\u0161t\u00edvit v pracovn\u00ed dob\u011b od pond\u011bl\u00ed do p\u00e1tku od 9:00 do 18:00 hodin. Kontaktovat n\u00e1s m\u016f\u017eete rovn\u011b\u017e na telefonn\u00ed \u010d\u00edsle: 728043589 nebo emailu: outlet-electro@email.cz<\/p>\n","protected":false},"author":1,"featured_media":0,"parent":0,"menu_order":0,"comment_status":"closed","ping_status":"open","template":"","meta":{"_kadence_starter_templates_imported_post":false,"_kad_post_transparent":"","_kad_post_title":"","_kad_post_layout":"","_kad_post_sidebar_id":"","_kad_post_content_style":"","_kad_post_vertical_padding":"","_kad_post_feature":"","_kad_post_feature_position":"","_kad_post_header":false,"_kad_post_footer":false,"_kad_post_classname":"","footnotes":""},"class_list":["post-2","page","type-page","status-publish","hentry"],"_links":{"self":[{"href":"http:\/\/www.outlet-electro.cz\/index.php\/wp-json\/wp\/v2\/pages\/2","targetHints":{"allow":["GET"]}}],"collection":[{"href":"http:\/\/www.outlet-electro.cz\/index.php\/wp-json\/wp\/v2\/pages"}],"about":[{"href":"http:\/\/www.outlet-electro.cz\/index.php\/wp-json\/wp\/v2\/types\/page"}],"author":[{"embeddable":true,"href":"http:\/\/www.outlet-electro.cz\/index.php\/wp-json\/wp\/v2\/users\/1"}],"replies":[{"embeddable":true,"href":"http:\/\/www.outlet-electro.cz\/index.php\/wp-json\/wp\/v2\/comments?post=2"}],"version-history":[{"count":4,"href":"http:\/\/www.outlet-electro.cz\/index.php\/wp-json\/wp\/v2\/pages\/2\/revisions"}],"predecessor-version":[{"id":24493,"href":"http:\/\/www.outlet-electro.cz\/index.php\/wp-json\/wp\/v2\/pages\/2\/revisions\/24493"}],"wp:attachment":[{"href":"http:\/\/www.outlet-electro.cz\/index.php\/wp-json\/wp\/v2\/media?parent=2"}],"curies":[{"name":"wp","href":"https:\/\/api.w.org\/{rel}","templated":true}]}}